{"id":7883,"date":"2018-10-31T11:07:00","date_gmt":"2018-10-31T10:07:00","guid":{"rendered":"http:\/\/www.centesimusannus.va\/?page_id=7883"},"modified":"2021-12-29T15:21:07","modified_gmt":"2021-12-29T14:21:07","slug":"contribution-of-capp-bergamo-to-the-international-conference-fcapp-2018-2","status":"publish","type":"page","link":"https:\/\/www.centesimusannus.va\/en\/activities\/local\/italy\/bergamo\/contribution-of-capp-bergamo-to-the-international-conference-fcapp-2018-2\/","title":{"rendered":"FCAPP Bergamo Chapter: Calendar of meetings 2018-2019 FCAPP"},"content":{"rendered":"<p>Gentili Amici,<br \/>\ncon la presente desidero condividere con Voi il percorso relativo ai punti del Laudato Si che andremo a trattare quest\u2019anno, nonch\u00e8 le date \u2013di cui Vi invito a prendere nota- stabilite con il Nostro assistente ecclesiastico Don Cristiano Re.<\/p>\n<p>&#8211; Luned\u00ec 17 Dicembre \u2013 momento di riflessione &#8211; Celebrazione prenatalizia<br \/>\n&#8211; Gioved\u00ec 24 Gennaio &#8211; Limiti del mondo digitale LS 47<br \/>\n&#8211; Luned\u00ec 18 Febbraio &#8211; Paradigma tecno-economico dominante LS 81,106,107,109,110,145,203;<br \/>\n&#8211; Luned\u00ec 25 Marzo &#8211; Cultura dello scarto, LS 79,81,123; Disuguaglianze, LS 86;<br \/>\n&#8211; Luned\u00ec 15 Aprile &#8211; Ruolo delle persone, imprese, associazioni, gruppi nel realizzare azioni per la cura della casa comune, LS 45,148<br \/>\n&#8211; Gioved\u00ec 9 Maggio \u2013 Verifica e rilancio di alcune questioni di fondo anche in riferimento al convegno internazionale.<\/p>\n<p>Quanto al primo incontro, gi\u00e0 schedulato per il 28 Novembre, vi confermo che si terr\u00e0 alle 16:30 presso la Curia di Bergamo in Piazza Duomo, 5<\/p>\n<p>Il parcheggio pi\u00f9 comodo per arrivare, a circa 250 metri, \u00e8: <a href=\"https:\/\/www.google.it\/maps?client=safari&amp;hl=it-it&amp;um=1&amp;ie=UTF-8&amp;fb=1&amp;gl=it&amp;entry=s&amp;sa=X&amp;geocode=KR9qTN8_UYFHMQN1nRBHUivr&amp;daddr=Mercato+del+Fieno,+2,+24129+Bergamo+BG&amp;gmm=CgIgAQ%3D%3D&amp;ved=2ahUKEwiL2b370qveAhXHzqQKHWYaAiIQlDsoADAEegQIDBAZ\" target=\"_blank\" rel=\"noopener\">Parcheggio Mercato del Fieno<\/a><\/p>\n","protected":false},"excerpt":{"rendered":"<p>Gentili Amici, con la presente desidero condividere con Voi il percorso relativo ai punti del Laudato Si che andremo a trattare quest\u2019anno, nonch\u00e8 le date \u2013di cui Vi invito a prendere nota- stabilite con il Nostro assistente ecclesiastico Don Cristiano Re. &#8211; Luned\u00ec 17 Dicembre \u2013 momento di riflessione &#8211; Celebrazione prenatalizia &#8211; Gioved\u00ec 24 Gennaio &#8211; Limiti del mondo digitale LS 47 &#8211; Luned\u00ec 18 Febbraio &#8211; Paradigma tecno-economico dominante LS 81,106,107,109,110,145,203; &#8211; Luned\u00ec 25 Marzo &#8211; Cultura dello scarto, LS 79,81,123; Disuguaglianze, LS 86; &#8211; Luned\u00ec 15 Aprile &#8211; Ruolo delle persone, imprese, associazioni, gruppi nel realizzare azioni&#8230;<\/p>\n","protected":false},"author":2,"featured_media":0,"parent":15051,"menu_order":3,"comment_status":"closed","ping_status":"closed","template":"","meta":[],"categories":[],"tags":[347],"_links":{"self":[{"href":"https:\/\/www.centesimusannus.va\/en\/wp-json\/wp\/v2\/pages\/7883"}],"collection":[{"href":"https:\/\/www.centesimusannus.va\/en\/wp-json\/wp\/v2\/pages"}],"about":[{"href":"https:\/\/www.centesimusannus.va\/en\/wp-json\/wp\/v2\/types\/page"}],"author":[{"embeddable":true,"href":"https:\/\/www.centesimusannus.va\/en\/wp-json\/wp\/v2\/users\/2"}],"replies":[{"embeddable":true,"href":"https:\/\/www.centesimusannus.va\/en\/wp-json\/wp\/v2\/comments?post=7883"}],"version-history":[{"count":0,"href":"https:\/\/www.centesimusannus.va\/en\/wp-json\/wp\/v2\/pages\/7883\/revisions"}],"up":[{"embeddable":true,"href":"https:\/\/www.centesimusannus.va\/en\/wp-json\/wp\/v2\/pages\/15051"}],"wp:attachment":[{"href":"https:\/\/www.centesimusannus.va\/en\/wp-json\/wp\/v2\/media?parent=7883"}],"wp:term":[{"taxonomy":"category","embeddable":true,"href":"https:\/\/www.centesimusannus.va\/en\/wp-json\/wp\/v2\/categories?post=7883"},{"taxonomy":"post_tag","embeddable":true,"href":"https:\/\/www.centesimusannus.va\/en\/wp-json\/wp\/v2\/tags?post=7883"}],"curies":[{"name":"wp","href":"https:\/\/api.w.org\/{rel}","templated":true}]}}