{"id":7876,"date":"2018-10-30T14:29:51","date_gmt":"2018-10-30T13:29:51","guid":{"rendered":"http:\/\/www.centesimusannus.va\/?page_id=7876"},"modified":"2021-12-28T14:59:02","modified_gmt":"2021-12-28T13:59:02","slug":"upcoming-events-and-topics-for-reflection-2-2-2","status":"publish","type":"page","link":"https:\/\/www.centesimusannus.va\/en\/activities\/local\/italy\/milan\/upcoming-events-and-topics-for-reflection-2-2-2\/","title":{"rendered":"Meeting with Prof. Cottarelli November 6th and next meeting Milan Chapter November 12nd"},"content":{"rendered":"<p>Carissimi,<br \/>\nlo scorso 9 ottobre si \u00e8 tenuta la prevista riunione periodica del Chapter di Milano. L&#8217;incontro, caratterizzato da un&#8217;ampia partecipazione, ha permesso ai presenti di avviare, guidati da Don Walter Magnoni, l&#8217;attivit\u00e0 di approfondimento dell&#8217;Enciclica &#8220;Laudato Sii&#8221; che sar\u00e0 alla base dei lavori che i gruppi locali svilupperanno e porteranno come loro contributo alla Conferenza Internazionale di Roma che si svolger\u00e0 dal 30 maggio al 1\u00b0giugno 2019. Chi partecipa da pi\u00f9 tempo alle attivit\u00e0 del Chapter di Milano ricorder\u00e0 certamente che l&#8217;Enciclica era gi\u00e0 stata oggetto di approfondimento unitamente alle altre Encicliche a partire dalla &#8220;Rerum Novarum&#8221; nell&#8217;ambito del &#8220;Percorso di approfondimento sulla Dottrina Sociale della Chiesa&#8221; che \u00e8 stato una importante iniziativa del nostro Chapter negli anni scorsi.<\/p>\n<p>La Prossima riunione del Chapter di Milano, nella quale proseguiremo l&#8217;attivit\u00e0 anche con l&#8217;obiettivo di coinvolgere realt\u00e0 virtuose del territorio che possano testimoniare l&#8217;attualit\u00e0 del messaggio della &#8220;Laudato Sii&#8221;, si terr\u00e0 il 12 novembre p.v. dalle 18.15 alle 20.00 circa come di consueto presso la sala riunioni &#8220;Oratorio&#8221; adiacente alla chiesa di San Giorgio in Piazza San Giorgio 2.<\/p>\n<p>Colgo infine l&#8217;occasione per inviarvi in allegato la <a href=\"https:\/\/www.centesimusannus.va\/wp-content\/uploads\/2018\/10\/Incontro-con-il-Prof.-Carlo-Cottarelli-1.pdf\" target=\"_blank\" rel=\"noopener\">locandina\/invito<\/a> relativa all&#8217;incontro con il Prof. Cottarelli, organizzato dall&#8217;UCID in associazione con la nostra Fondazione, che si terr\u00e0 marted\u00ec 6 novembre p.v. alle 19.45 presso la sala della Fondazione Ambrosianeum in via delle Ore 3.<\/p>\n<p>Un caro saluto<br \/>\nPiero Candido Tagliabue<br \/>\nSegretario Coordinatore Chapter di Milano FCAPP<\/p>\n","protected":false},"excerpt":{"rendered":"<p>Carissimi, lo scorso 9 ottobre si \u00e8 tenuta la prevista riunione periodica del Chapter di Milano. L&#8217;incontro, caratterizzato da un&#8217;ampia partecipazione, ha permesso ai presenti di avviare, guidati da Don Walter Magnoni, l&#8217;attivit\u00e0 di approfondimento dell&#8217;Enciclica &#8220;Laudato Sii&#8221; che sar\u00e0 alla base dei lavori che i gruppi locali svilupperanno e porteranno come loro contributo alla Conferenza Internazionale di Roma che si svolger\u00e0 dal 30 maggio al 1\u00b0giugno 2019. Chi partecipa da pi\u00f9 tempo alle attivit\u00e0 del Chapter di Milano ricorder\u00e0 certamente che l&#8217;Enciclica era gi\u00e0 stata oggetto di approfondimento unitamente alle altre Encicliche a partire dalla &#8220;Rerum Novarum&#8221; nell&#8217;ambito del&#8230;<\/p>\n","protected":false},"author":2,"featured_media":0,"parent":14929,"menu_order":0,"comment_status":"closed","ping_status":"closed","template":"","meta":[],"categories":[],"tags":[495],"_links":{"self":[{"href":"https:\/\/www.centesimusannus.va\/en\/wp-json\/wp\/v2\/pages\/7876"}],"collection":[{"href":"https:\/\/www.centesimusannus.va\/en\/wp-json\/wp\/v2\/pages"}],"about":[{"href":"https:\/\/www.centesimusannus.va\/en\/wp-json\/wp\/v2\/types\/page"}],"author":[{"embeddable":true,"href":"https:\/\/www.centesimusannus.va\/en\/wp-json\/wp\/v2\/users\/2"}],"replies":[{"embeddable":true,"href":"https:\/\/www.centesimusannus.va\/en\/wp-json\/wp\/v2\/comments?post=7876"}],"version-history":[{"count":0,"href":"https:\/\/www.centesimusannus.va\/en\/wp-json\/wp\/v2\/pages\/7876\/revisions"}],"up":[{"embeddable":true,"href":"https:\/\/www.centesimusannus.va\/en\/wp-json\/wp\/v2\/pages\/14929"}],"wp:attachment":[{"href":"https:\/\/www.centesimusannus.va\/en\/wp-json\/wp\/v2\/media?parent=7876"}],"wp:term":[{"taxonomy":"category","embeddable":true,"href":"https:\/\/www.centesimusannus.va\/en\/wp-json\/wp\/v2\/categories?post=7876"},{"taxonomy":"post_tag","embeddable":true,"href":"https:\/\/www.centesimusannus.va\/en\/wp-json\/wp\/v2\/tags?post=7876"}],"curies":[{"name":"wp","href":"https:\/\/api.w.org\/{rel}","templated":true}]}}