{"id":7843,"date":"2018-10-23T09:57:13","date_gmt":"2018-10-23T07:57:13","guid":{"rendered":"http:\/\/www.centesimusannus.va\/?page_id=7843"},"modified":"2021-12-29T09:47:12","modified_gmt":"2021-12-29T08:47:12","slug":"save-the-date-incontro-8-maggio-2018-2-2","status":"publish","type":"page","link":"https:\/\/www.centesimusannus.va\/en\/activities\/local\/italy\/trento\/save-the-date-incontro-8-maggio-2018-2-2\/","title":{"rendered":"SAVE THE DATE November 21st at 18.30 ISA and December 10th at 18.30 Pre-Christmas Mass."},"content":{"rendered":"<p>Carissimi,<\/p>\n<p>Vi ricordo Mercoled\u00ec 21 novembre alle ore 18.30, presso la Sala conferenze di ISA, gentilmente messa a disposizione dal Vicepresidente Dr. Giorgio Franceschi, ospiteremo il Prof. Rocco Pezzimenti che ci parler\u00e0 del suo ultimo libro \u201cPERCHE\u2019 E\u2019 NATA LA DOTTRINA SOCIALE DELLA CHIESA? TRA MAGISTERO E PENSIERO\u201d, Rubettino editore: excursus storico sulla DSC da Leone XIII ad oggi.<\/p>\n<p>L\u2019incontro sar\u00e0 moderato dal nostro Assistente Ecclesiastico Diocesano Prof. Don Bruno Tomasi.<\/p>\n<p>Al termine, come di consueto, concluderemo la serata con un breve momento conviviale insieme.<\/p>\n<p>Vi ricordo inoltre di inserire in agenda la Messa prenatalizia presieduta dall\u2019Arcivescovo Lauro Tisi e concelebrata dal nostro Assistente Ecclesiastico Diocesano Prof. Don Bruno Tomasi, luned\u00ec 10 dicembre alle 18.30 nella Chiesa della Santissima Annunziata in Via Rodolfo Belenzani 53, a cui seguir\u00e0 la consueta \u00e0gape fraterna.<\/p>\n<p>Cordiali saluti<br \/>\nRocco Cerone<br \/>\nReferente FCAPP Trento<\/p>\n","protected":false},"excerpt":{"rendered":"<p>Carissimi, Vi ricordo Mercoled\u00ec 21 novembre alle ore 18.30, presso la Sala conferenze di ISA, gentilmente messa a disposizione dal Vicepresidente Dr. Giorgio Franceschi, ospiteremo il Prof. Rocco Pezzimenti che ci parler\u00e0 del suo ultimo libro \u201cPERCHE\u2019 E\u2019 NATA LA DOTTRINA SOCIALE DELLA CHIESA? TRA MAGISTERO E PENSIERO\u201d, Rubettino editore: excursus storico sulla DSC da Leone XIII ad oggi. L\u2019incontro sar\u00e0 moderato dal nostro Assistente Ecclesiastico Diocesano Prof. Don Bruno Tomasi. Al termine, come di consueto, concluderemo la serata con un breve momento conviviale insieme. Vi ricordo inoltre di inserire in agenda la Messa prenatalizia presieduta dall\u2019Arcivescovo Lauro Tisi e&#8230;<\/p>\n","protected":false},"author":2,"featured_media":0,"parent":14975,"menu_order":20,"comment_status":"closed","ping_status":"closed","template":"","meta":[],"categories":[],"tags":[522],"_links":{"self":[{"href":"https:\/\/www.centesimusannus.va\/en\/wp-json\/wp\/v2\/pages\/7843"}],"collection":[{"href":"https:\/\/www.centesimusannus.va\/en\/wp-json\/wp\/v2\/pages"}],"about":[{"href":"https:\/\/www.centesimusannus.va\/en\/wp-json\/wp\/v2\/types\/page"}],"author":[{"embeddable":true,"href":"https:\/\/www.centesimusannus.va\/en\/wp-json\/wp\/v2\/users\/2"}],"replies":[{"embeddable":true,"href":"https:\/\/www.centesimusannus.va\/en\/wp-json\/wp\/v2\/comments?post=7843"}],"version-history":[{"count":0,"href":"https:\/\/www.centesimusannus.va\/en\/wp-json\/wp\/v2\/pages\/7843\/revisions"}],"up":[{"embeddable":true,"href":"https:\/\/www.centesimusannus.va\/en\/wp-json\/wp\/v2\/pages\/14975"}],"wp:attachment":[{"href":"https:\/\/www.centesimusannus.va\/en\/wp-json\/wp\/v2\/media?parent=7843"}],"wp:term":[{"taxonomy":"category","embeddable":true,"href":"https:\/\/www.centesimusannus.va\/en\/wp-json\/wp\/v2\/categories?post=7843"},{"taxonomy":"post_tag","embeddable":true,"href":"https:\/\/www.centesimusannus.va\/en\/wp-json\/wp\/v2\/tags?post=7843"}],"curies":[{"name":"wp","href":"https:\/\/api.w.org\/{rel}","templated":true}]}}