{"id":7350,"date":"2018-07-02T10:16:31","date_gmt":"2018-07-02T08:16:31","guid":{"rendered":"http:\/\/www.centesimusannus.va\/?page_id=7350"},"modified":"2021-12-28T14:59:51","modified_gmt":"2021-12-28T13:59:51","slug":"upcoming-events-and-topics-for-reflection","status":"publish","type":"page","link":"https:\/\/www.centesimusannus.va\/en\/activities\/local\/italy\/milan\/upcoming-events-and-topics-for-reflection\/","title":{"rendered":"Upcoming events and topics for reflection"},"content":{"rendered":"<p>Carissimi,<\/p>\n<p>lo scorso 19 giugno si \u00e8 tenuta la prevista riunione del Chapter di Milano della Fondazione Centesimus Annnus Pro Pontifice.<\/p>\n<p>L&#8217;incontro ha visto la partecipazione di 18 aderenti, di cui numerosi presenti alla Conferenza Internazionale di Roma, i quali hanno riportato l\u2019entusiasmo e il plauso per i temi proposti e le tematiche affrontate da relatori di altissimo livello.<\/p>\n<p>La Prof.ssa Annamaria Tarantola, che ringraziamo per la partecipazione al nostro incontro, ha delineato le principali tematiche che la Fondazione intende portare avanti nel prossimo anno.<\/p>\n<p>Abbiamo quindi concordato di riprendere la lettura del testo dell\u2019Enciclica \u201cLaudato Si\u201d di Papa Francesco, sottolineando le specificit\u00e0 proprie del nostro gruppo, formato per la maggior parte da professionisti e imprenditori.<\/p>\n<p>Cercheremo quindi di leggere l\u2019Enciclica e trovare i punti dove possiamo portare una \u201cTESTIMONIANZA\u201d ed una \u201cCONCRETEZZA\u201d a partire dalle nostre professioni, sempre nell\u2019ottica di fare emergere le \u201cBuone Notizie\u201d o le \u201cBest practices\u201d che vediamo e viviamo nella nostra vita lavorativa, associativa e familiare.<br \/>\nSuccessivamente alla riunione si sono definite le date dei prossimi incontri fino alla fine dell&#8217;anno in corso.<\/p>\n<p>Il programma delle riunioni \u00e8 il seguente:<\/p>\n<p><strong>Luned\u00ec 17 settembre<\/strong><br \/>\n<strong>Marted\u00ec 9 ottobre<\/strong><br \/>\n<strong>Luned\u00ec 12 novembre<\/strong><br \/>\n<strong>Luned\u00ec 3 dicembre<\/strong><\/p>\n<p>A met\u00e0 Dicembre si terr\u00e0 la tradizionale Udienza con l&#8217;Arcivescovo di Milano a cui far\u00e0 seguito la Santa Messa edil consueto incontro conviviale.<\/p>\n<p>Vi ricordo inoltre che il prossimo 25 settembre si terr\u00e0 un incontro con Ucid sull&#8217;Europa sul tema &#8220;La riforma e le radici culturali dell\u2019Europa moderna&#8221; con relatore Mons. Franco Buzzi<\/p>\n<p>Infine Sabato 6 ottobre si svolger\u00e0 a Padova il Convegno degli Aderenti Italiani della nostra Fondazione che verter\u00e0 sul tema: \u201cIl lavoro \u00e8 amico dell\u2019uomo e l\u2019uomo \u00e8 amico del lavoro&#8221;<\/p>\n<p>Il titolo \u00e8 tratto dal Discorso del Santo Padre Francesco in occasione dell\u2019incontro con il mondo del lavoro, Stabilimento ILVA, Genova, 27 maggio 2017.<\/p>\n<p><a href=\"https:\/\/www.centesimusannus.va\/wp-content\/uploads\/2018\/07\/PADOVA-6-OTTOBRE-2018-draft-program-22.6.2018-v.15698-1.pdf\" target=\"_blank\" rel=\"noopener\">In allegato si fornisce il programma di massima dell\u2019evento.<\/a><\/p>\n<p>Un caro saluto a tutti<br \/>\nPiero Candido Tagliabue<br \/>\nSegretario Coordinatore Chapter di Milano FCAPP<\/p>\n","protected":false},"excerpt":{"rendered":"<p>Carissimi, lo scorso 19 giugno si \u00e8 tenuta la prevista riunione del Chapter di Milano della Fondazione Centesimus Annnus Pro Pontifice. L&#8217;incontro ha visto la partecipazione di 18 aderenti, di cui numerosi presenti alla Conferenza Internazionale di Roma, i quali hanno riportato l\u2019entusiasmo e il plauso per i temi proposti e le tematiche affrontate da relatori di altissimo livello. La Prof.ssa Annamaria Tarantola, che ringraziamo per la partecipazione al nostro incontro, ha delineato le principali tematiche che la Fondazione intende portare avanti nel prossimo anno. Abbiamo quindi concordato di riprendere la lettura del testo dell\u2019Enciclica \u201cLaudato Si\u201d di Papa Francesco,&#8230;<\/p>\n","protected":false},"author":2,"featured_media":0,"parent":14929,"menu_order":0,"comment_status":"closed","ping_status":"closed","template":"","meta":[],"categories":[],"tags":[495],"_links":{"self":[{"href":"https:\/\/www.centesimusannus.va\/en\/wp-json\/wp\/v2\/pages\/7350"}],"collection":[{"href":"https:\/\/www.centesimusannus.va\/en\/wp-json\/wp\/v2\/pages"}],"about":[{"href":"https:\/\/www.centesimusannus.va\/en\/wp-json\/wp\/v2\/types\/page"}],"author":[{"embeddable":true,"href":"https:\/\/www.centesimusannus.va\/en\/wp-json\/wp\/v2\/users\/2"}],"replies":[{"embeddable":true,"href":"https:\/\/www.centesimusannus.va\/en\/wp-json\/wp\/v2\/comments?post=7350"}],"version-history":[{"count":0,"href":"https:\/\/www.centesimusannus.va\/en\/wp-json\/wp\/v2\/pages\/7350\/revisions"}],"up":[{"embeddable":true,"href":"https:\/\/www.centesimusannus.va\/en\/wp-json\/wp\/v2\/pages\/14929"}],"wp:attachment":[{"href":"https:\/\/www.centesimusannus.va\/en\/wp-json\/wp\/v2\/media?parent=7350"}],"wp:term":[{"taxonomy":"category","embeddable":true,"href":"https:\/\/www.centesimusannus.va\/en\/wp-json\/wp\/v2\/categories?post=7350"},{"taxonomy":"post_tag","embeddable":true,"href":"https:\/\/www.centesimusannus.va\/en\/wp-json\/wp\/v2\/tags?post=7350"}],"curies":[{"name":"wp","href":"https:\/\/api.w.org\/{rel}","templated":true}]}}