{"id":6196,"date":"2018-04-03T15:37:24","date_gmt":"2018-04-03T13:37:24","guid":{"rendered":"http:\/\/www.centesimusannus.va\/?page_id=6196"},"modified":"2021-12-28T14:57:33","modified_gmt":"2021-12-28T13:57:33","slug":"march-24th-spiritual-retreat-at-villa-cagnola-2","status":"publish","type":"page","link":"https:\/\/www.centesimusannus.va\/en\/activities\/local\/italy\/milan\/march-24th-spiritual-retreat-at-villa-cagnola-2\/","title":{"rendered":"April 9th, 2018 &#8211; Meeting Milano Chapter"},"content":{"rendered":"<p>Carissimi,<br \/>\n\u00a0<br \/>\nlo scorso sabato 24 marzo si \u00e8 svolto il ritiro spirituale presso Villa Cagnola a Gazzada\u00a0 (VA), \u00e8 stato un bellissimo momento di incontro e di arricchimento spirituale attraverso la preghiera comune e la riflessione stimolata dalla meditazione guidata da Don Walter, ma anche una occasione per staccarsi dalla concitazione della vita di tutti i giorni; \u00e8 stato inoltre un&#8217;opportunit\u00e0 per conoscersi nel gradevole momento conviviale che ha concluso il ritiro.<\/p>\n<p>Vi ricordo che luned\u00ec 9 aprile p.v. si terr\u00e0 il prossimo incontro del Chapter di Milano per proseguire il lavoro sul documento che sar\u00e0 il contributo del Gruppo di Milano della Fondazione\u00a0al Convegno Internazionale di Roma.<\/p>\n<p>L&#8217;incontro si terr\u00e0 come di consueto presso la sala riunioni &#8220;Oratorio&#8221; in piazza di San Giorgio 2 (Chiesa di San Giorgio al Palazzo) dalle ore 18.15 alle 20.00 circa.<\/p>\n<p>Trattandosi dell&#8217;ultimo incontro prima del Convegno sar\u00e0 molto utile un&#8217;ampia partecipazione.<\/p>\n<p>Piero Candido Tagliabue<br \/>\nSegretario Coordinatore Chapter di Milano FCAPP<\/p>\n","protected":false},"excerpt":{"rendered":"<p>Carissimi, \u00a0 lo scorso sabato 24 marzo si \u00e8 svolto il ritiro spirituale presso Villa Cagnola a Gazzada\u00a0 (VA), \u00e8 stato un bellissimo momento di incontro e di arricchimento spirituale attraverso la preghiera comune e la riflessione stimolata dalla meditazione guidata da Don Walter, ma anche una occasione per staccarsi dalla concitazione della vita di tutti i giorni; \u00e8 stato inoltre un&#8217;opportunit\u00e0 per conoscersi nel gradevole momento conviviale che ha concluso il ritiro. Vi ricordo che luned\u00ec 9 aprile p.v. si terr\u00e0 il prossimo incontro del Chapter di Milano per proseguire il lavoro sul documento che sar\u00e0 il contributo del&#8230;<\/p>\n","protected":false},"author":2,"featured_media":0,"parent":14929,"menu_order":0,"comment_status":"closed","ping_status":"closed","template":"","meta":[],"categories":[],"tags":[495],"_links":{"self":[{"href":"https:\/\/www.centesimusannus.va\/en\/wp-json\/wp\/v2\/pages\/6196"}],"collection":[{"href":"https:\/\/www.centesimusannus.va\/en\/wp-json\/wp\/v2\/pages"}],"about":[{"href":"https:\/\/www.centesimusannus.va\/en\/wp-json\/wp\/v2\/types\/page"}],"author":[{"embeddable":true,"href":"https:\/\/www.centesimusannus.va\/en\/wp-json\/wp\/v2\/users\/2"}],"replies":[{"embeddable":true,"href":"https:\/\/www.centesimusannus.va\/en\/wp-json\/wp\/v2\/comments?post=6196"}],"version-history":[{"count":0,"href":"https:\/\/www.centesimusannus.va\/en\/wp-json\/wp\/v2\/pages\/6196\/revisions"}],"up":[{"embeddable":true,"href":"https:\/\/www.centesimusannus.va\/en\/wp-json\/wp\/v2\/pages\/14929"}],"wp:attachment":[{"href":"https:\/\/www.centesimusannus.va\/en\/wp-json\/wp\/v2\/media?parent=6196"}],"wp:term":[{"taxonomy":"category","embeddable":true,"href":"https:\/\/www.centesimusannus.va\/en\/wp-json\/wp\/v2\/categories?post=6196"},{"taxonomy":"post_tag","embeddable":true,"href":"https:\/\/www.centesimusannus.va\/en\/wp-json\/wp\/v2\/tags?post=6196"}],"curies":[{"name":"wp","href":"https:\/\/api.w.org\/{rel}","templated":true}]}}