{"id":4863,"date":"2017-05-28T10:15:45","date_gmt":"2017-05-28T08:15:45","guid":{"rendered":"http:\/\/www.centesimusannus.va\/activities\/local-activities\/italy\/crotone\/may-28th-2014-pope-award-competition\/"},"modified":"2021-12-30T15:53:29","modified_gmt":"2021-12-30T14:53:29","slug":"may-28th-2014-pope-award-competition","status":"publish","type":"page","link":"https:\/\/www.centesimusannus.va\/en\/activities\/local\/italy\/crotone\/may-28th-2014-pope-award-competition\/","title":{"rendered":"MAY 28TH, 2014 &#8211; POPE AWARD COMPETITION"},"content":{"rendered":"<p>Il 28 maggio si \u00e8 svolta a Crotone la premiazione del concorso indetto nell\u2019anno scolastico 2012\/2013 in tutte le scuole di ogni Ordine e Grado della Provincia di Crotone sul tema, passo del Ges\u00f9 di Nazareth di Benedetto XVI: \u201cDobbiamo, a partire dal nostro intimo, imparare di nuovo il rischio della bont\u00e0; ne siamo capaci solo se diveniamo noi stessi interiormente buoni, se siamo interiormente prossimi e se abbiamo poi anche lo sguardo capace di individuare quale tipo di servizio, nel nostro ambiente e nel raggio pi\u00f9 esteso della nostra vita, \u00e8 richiesto, ci \u00e8 possibile e, quindi, ci \u00e8 anche dato per incarico\u201d<\/p>\n<p><a href=\"http:\/\/www.centesimusannus.va\/media\/2kbey1401802164.pdf\" target=\"_blank\" rel=\"noopener\">Programma<\/a><\/p>\n<p><a href=\"http:\/\/www.centesimusannus.va\/media\/2qyoc1401802220.pdf\" target=\"_blank\" rel=\"noopener\">Relazione sul concorso<\/a><\/p>\n<p><a href=\"http:\/\/www.centesimusannus.va\/media\/2woaq1401802289.pdf\" target=\"_blank\" rel=\"noopener\">Rassegna stampa \u2013 articolo Gazzetta del Sud 29 maggio<\/a><\/p>\n<p><a href=\"http:\/\/www.centesimusannus.va\/media\/2urgv1401802344.pdf\" target=\"_blank\" rel=\"noopener\">Rassegna stampa \u2013 articolo Il Crotonese 29 maggio<\/a><\/p>\n<p><a href=\"http:\/\/www.centesimusannus.va\/media\/2zuov1401802389.pdf\" target=\"_blank\" rel=\"noopener\">Rassegna stampa \u2013 Il Quotidiano 29 maggio<\/a><\/p>\n","protected":false},"excerpt":{"rendered":"<p>Il 28 maggio si \u00e8 svolta a Crotone la premiazione del concorso indetto nell\u2019anno scolastico 2012\/2013 in tutte le scuole di ogni Ordine e Grado della Provincia di Crotone sul tema, passo del Ges\u00f9 di Nazareth di Benedetto XVI: \u201cDobbiamo, a partire dal nostro intimo, imparare di nuovo il rischio della bont\u00e0; ne siamo capaci solo se diveniamo noi stessi interiormente buoni, se siamo interiormente prossimi e se abbiamo poi anche lo sguardo capace di individuare quale tipo di servizio, nel nostro ambiente e nel raggio pi\u00f9 esteso della nostra vita, \u00e8 richiesto, ci \u00e8 possibile e, quindi, ci \u00e8&#8230;<\/p>\n","protected":false},"author":1,"featured_media":0,"parent":16508,"menu_order":20,"comment_status":"closed","ping_status":"closed","template":"","meta":[],"categories":[],"tags":[751],"_links":{"self":[{"href":"https:\/\/www.centesimusannus.va\/en\/wp-json\/wp\/v2\/pages\/4863"}],"collection":[{"href":"https:\/\/www.centesimusannus.va\/en\/wp-json\/wp\/v2\/pages"}],"about":[{"href":"https:\/\/www.centesimusannus.va\/en\/wp-json\/wp\/v2\/types\/page"}],"author":[{"embeddable":true,"href":"https:\/\/www.centesimusannus.va\/en\/wp-json\/wp\/v2\/users\/1"}],"replies":[{"embeddable":true,"href":"https:\/\/www.centesimusannus.va\/en\/wp-json\/wp\/v2\/comments?post=4863"}],"version-history":[{"count":0,"href":"https:\/\/www.centesimusannus.va\/en\/wp-json\/wp\/v2\/pages\/4863\/revisions"}],"up":[{"embeddable":true,"href":"https:\/\/www.centesimusannus.va\/en\/wp-json\/wp\/v2\/pages\/16508"}],"wp:attachment":[{"href":"https:\/\/www.centesimusannus.va\/en\/wp-json\/wp\/v2\/media?parent=4863"}],"wp:term":[{"taxonomy":"category","embeddable":true,"href":"https:\/\/www.centesimusannus.va\/en\/wp-json\/wp\/v2\/categories?post=4863"},{"taxonomy":"post_tag","embeddable":true,"href":"https:\/\/www.centesimusannus.va\/en\/wp-json\/wp\/v2\/tags?post=4863"}],"curies":[{"name":"wp","href":"https:\/\/api.w.org\/{rel}","templated":true}]}}