{"id":4807,"date":"2018-02-12T18:02:24","date_gmt":"2018-02-12T17:02:24","guid":{"rendered":"http:\/\/www.centesimusannus.va\/activities\/local-activities\/italy\/milano\/capp-milan-group-report-meeting-july-7th-2016\/"},"modified":"2021-12-29T14:13:36","modified_gmt":"2021-12-29T13:13:36","slug":"capp-milan-group-report-meeting-july-7th-2016","status":"publish","type":"page","link":"https:\/\/www.centesimusannus.va\/en\/activities\/local\/italy\/milan\/capp-milan-group-report-meeting-july-7th-2016\/","title":{"rendered":"CAPP Milan Group &#8211; Report Meeting July 7th, 2016"},"content":{"rendered":"<p>Cari Colleghi,<\/p>\n<p id=\"yui_3_16_0_1_1468913801342_8293\">come sapete lo scorso 7 luglio si \u00e8 tenuta una riunione del Chapter di Milano alla quale ha partecipato il Segretario Generale<strong id=\"yui_3_16_0_1_1468913801342_8294\">\u00a0<\/strong><strong>Eutimio Tiliacos<\/strong>.<\/p>\n<p id=\"yui_3_16_0_1_1468913801342_8295\">Scopo dell\u2019incontro era analizzare e condividere la recente comunicazione del nostro Presidente<strong>\u00a0<\/strong><strong>Domingo Sugraynes<\/strong>\u00a0(di cui si allega copia) con riferimento ai temi che il Consiglio di Amministrazione su suggerimento del Comitato Scientifico ha elaborato in preparazione del prossimo Convegno Internazionale che si svolger\u00e0 a Roma il 18,19 e 20 maggio 2017.<\/p>\n<p>L\u2019esigenza di definire le tematiche con cos\u00ec largo anticipo deriva dalla volont\u00e0 della Fondazione di dare una risposta chiara e concreta all\u2019esortazione che il Santo Padre ha fatto nel corso del Suo intervento all\u2019ultimo Convegno Internazionale, ovverosia &#8220;<em>contribuire allo sviluppo di un nuovo modello economico sia sotto il profilo teorico sia nelle sue pratiche applicazioni<\/em>&#8220;.<\/p>\n<p id=\"yui_3_16_0_1_1468913801342_8284\">Nel corso dell\u2019incontro del 7 luglio u.s. si sono proficuamente analizzati i temi proposti ed \u00e8 stato possibile raccogliere stimoli ed indicazioni molto interessanti.<br \/>\nLa discussione si \u00e8 sviluppata lungo due filoni\u00a0 fondamentali, il primo ha riguardato la necessit\u00e0 di dare al Chapter di Milano una struttura pi\u00f9 solida sia per assicurare, attraverso la creazione di specifici gruppi di lavoro, un\u2019efficace svolgimento delle attivit\u00e0 di analisi e proposta con riferimento ai temi sui quali dovremo fornire il nostro contributo, sia per quanto riguarda l\u2019aspetto pi\u00f9 propriamente organizzativo al fine di migliorare la partecipazione dei membri alle attivit\u00e0 ed alle riunioni del Chapter anche attraverso un adeguato flusso di informazioni e comunicazioni.<br \/>\nIl secondo filone di discussione ha riguardato l\u2019individuazione di due temi fra quelli proposti sui quali avviare l\u2019attivit\u00e0 dei gruppi di lavoro.<\/p>\n<p>Dopo ampia discussione, per quanto riguarda i temi da sviluppare come Chapter di Milano, la scelta \u00e8 caduta sul numero 1) &#8220;<em>Affrontare la disoccupazione giovanile. Educazione, capacit\u00e0 e opportunit\u00e0 nell\u2019era digitale<\/em>&#8221; e sul numero 2) &#8220;<em>La lotta contro il traffico di esseri umani e la corruzione: costruire sulla responsabilit\u00e0<\/em>&#8220;.<\/p>\n<p>In relazione a tali tematiche sono stati costituiti due gruppi di lavoro coordinati rispettivamente da<strong>\u00a0<\/strong><strong>Paolo Cederle<\/strong>\u00a0per il numero 1 e da<strong>\u00a0<\/strong><strong>Gaetano Cavalieri<\/strong>\u00a0per il numero 2.<\/p>\n<p id=\"yui_3_16_0_1_1468913801342_8285\">L\u2019obiettivo \u00e8 sviluppare su questi temi idee e stimoli da portare al prossimo Convegno Nazionale per poi giungere alle relazioni finali in occasione del Convegno Internazionale.<\/p>\n<p id=\"yui_3_16_0_1_1468913801342_8297\">Per quanto attiene all\u2019aspetto pi\u00f9 propriamente organizzativo del Chapter di Milano si \u00e8 stabilito di affidare a<strong id=\"yui_3_16_0_1_1468913801342_8296\">\u00a0<\/strong><strong>Piero Candido Tagliabue<\/strong>\u00a0il compito di Segretario Coodinatore.<\/p>\n<p id=\"yui_3_16_0_1_1468913801342_8298\">Abbiamo fissato la prossima riunione il 28 settembre alle ore 19.00 in sede da confermare (con ogni probabilit\u00e0 in Via del Verziere 2).<\/p>\n<p id=\"yui_3_16_0_1_1468913801342_8299\">Con i piu\u2019 cordiali saluti,<\/p>\n<p id=\"yui_3_16_0_1_1468913801342_8301\"><strong id=\"yui_3_16_0_1_1468913801342_8300\">Francesco Sansone<\/strong><br \/>\nConsigliere di Amministrazione Fondazione Centesimus Annus Pro Pontifice<br \/>\nReferente Chapter di Milano FCAPP<\/p>\n<p id=\"yui_3_16_0_1_1468913801342_8303\"><a id=\"yui_3_16_0_1_1468913801342_8302\" href=\"http:\/\/www.centannusannus.org\/\" target=\"_blank\" rel=\"noopener\">www.centannusannus.org<\/a><\/p>\n","protected":false},"excerpt":{"rendered":"<p>Cari Colleghi, come sapete lo scorso 7 luglio si \u00e8 tenuta una riunione del Chapter di Milano alla quale ha partecipato il Segretario Generale\u00a0Eutimio Tiliacos. Scopo dell\u2019incontro era analizzare e condividere la recente comunicazione del nostro Presidente\u00a0Domingo Sugraynes\u00a0(di cui si allega copia) con riferimento ai temi che il Consiglio di Amministrazione su suggerimento del Comitato Scientifico ha elaborato in preparazione del prossimo Convegno Internazionale che si svolger\u00e0 a Roma il 18,19 e 20 maggio 2017. L\u2019esigenza di definire le tematiche con cos\u00ec largo anticipo deriva dalla volont\u00e0 della Fondazione di dare una risposta chiara e concreta all\u2019esortazione che il Santo&#8230;<\/p>\n","protected":false},"author":1,"featured_media":0,"parent":14929,"menu_order":38,"comment_status":"closed","ping_status":"closed","template":"","meta":[],"categories":[32],"tags":[583],"_links":{"self":[{"href":"https:\/\/www.centesimusannus.va\/en\/wp-json\/wp\/v2\/pages\/4807"}],"collection":[{"href":"https:\/\/www.centesimusannus.va\/en\/wp-json\/wp\/v2\/pages"}],"about":[{"href":"https:\/\/www.centesimusannus.va\/en\/wp-json\/wp\/v2\/types\/page"}],"author":[{"embeddable":true,"href":"https:\/\/www.centesimusannus.va\/en\/wp-json\/wp\/v2\/users\/1"}],"replies":[{"embeddable":true,"href":"https:\/\/www.centesimusannus.va\/en\/wp-json\/wp\/v2\/comments?post=4807"}],"version-history":[{"count":0,"href":"https:\/\/www.centesimusannus.va\/en\/wp-json\/wp\/v2\/pages\/4807\/revisions"}],"up":[{"embeddable":true,"href":"https:\/\/www.centesimusannus.va\/en\/wp-json\/wp\/v2\/pages\/14929"}],"wp:attachment":[{"href":"https:\/\/www.centesimusannus.va\/en\/wp-json\/wp\/v2\/media?parent=4807"}],"wp:term":[{"taxonomy":"category","embeddable":true,"href":"https:\/\/www.centesimusannus.va\/en\/wp-json\/wp\/v2\/categories?post=4807"},{"taxonomy":"post_tag","embeddable":true,"href":"https:\/\/www.centesimusannus.va\/en\/wp-json\/wp\/v2\/tags?post=4807"}],"curies":[{"name":"wp","href":"https:\/\/api.w.org\/{rel}","templated":true}]}}