{"id":4804,"date":"2018-02-12T17:59:42","date_gmt":"2018-02-12T16:59:42","guid":{"rendered":"http:\/\/www.centesimusannus.va\/activities\/local-activities\/italy\/milano\/capp-milan-group-december-21st-2015-meeting-with-the-archbishop-of-milan-ser-card-angelo-scola\/"},"modified":"2021-12-29T14:15:59","modified_gmt":"2021-12-29T13:15:59","slug":"capp-milan-group-december-21st-2015-meeting-with-the-archbishop-of-milan-ser-card-angelo-scola","status":"publish","type":"page","link":"https:\/\/www.centesimusannus.va\/en\/activities\/local\/italy\/milan\/capp-milan-group-december-21st-2015-meeting-with-the-archbishop-of-milan-ser-card-angelo-scola\/","title":{"rendered":"CAPP Milan group December 21st 2015: Meeting with the Archbishop of Milan SER Card. Angelo Scola"},"content":{"rendered":"<p>Cari Amici,<\/p>\n<p>sono lieto di confermarVi che il\u00a0<strong>21 dicembre alle ore 18.00<\/strong>\u00a0saremo ricevuti dall\u2019<strong>Arcivescovo di Milano<\/strong>\u00a0Sua Eminenza il<strong>Card<\/strong><strong>.<\/strong>\u00a0<strong id=\"yui_3_16_0_1_1449647498100_2483\">Angelo<\/strong>\u00a0<strong>Scola<\/strong>\u00a0per il tradizionale scambio di auguri, che si svolger\u00e0\u00a0<strong>presso l\u2019Arcivescovado in Piazza Fontana, 2<\/strong>.<\/p>\n<p>Di seguito il programma:<\/p>\n<p>ore 17.30 registrazione partecipanti;<br \/>\nore 18.00 inizio incontro con l\u2019Arcivescovo Card. Angelo Scola<br \/>\nAl termine dell\u2019incontro ci sposteremo presso la Chiesa di S. Giorgio in Via Torino, dove il nostro assistente diocesano don Walter Magnoni celebrer\u00e0 la Santa Messa.<br \/>\nSeguir\u00e0 Cena.<\/p>\n<p>AI fini organizzativi e dato i posti limitati \u00e8 necessario confermare al pi\u00f9 presto la propria partecipazione.<\/p>\n<p>Mi auguro che possa intervenire a questo nostro importante incontro.<\/p>\n<p>Un cordiale saluto e a presto,<\/p>\n<p>Francesco Sansone<\/p>\n<p>Francesco Sansone<br \/>\nReferente di Milano e Consigliere di Amministrazione FCAPP<br \/>\n<a href=\"http:\/\/www.centesimusannus.va\/\" target=\"_blank\" rel=\"noopener\">www.centesimusannus.va<\/a><\/p>\n","protected":false},"excerpt":{"rendered":"<p>Cari Amici, sono lieto di confermarVi che il\u00a021 dicembre alle ore 18.00\u00a0saremo ricevuti dall\u2019Arcivescovo di Milano\u00a0Sua Eminenza ilCard.\u00a0Angelo\u00a0Scola\u00a0per il tradizionale scambio di auguri, che si svolger\u00e0\u00a0presso l\u2019Arcivescovado in Piazza Fontana, 2. Di seguito il programma: ore 17.30 registrazione partecipanti; ore 18.00 inizio incontro con l\u2019Arcivescovo Card. Angelo Scola Al termine dell\u2019incontro ci sposteremo presso la Chiesa di S. Giorgio in Via Torino, dove il nostro assistente diocesano don Walter Magnoni celebrer\u00e0 la Santa Messa. Seguir\u00e0 Cena. AI fini organizzativi e dato i posti limitati \u00e8 necessario confermare al pi\u00f9 presto la propria partecipazione. Mi auguro che possa intervenire a questo&#8230;<\/p>\n","protected":false},"author":1,"featured_media":0,"parent":14929,"menu_order":41,"comment_status":"closed","ping_status":"closed","template":"","meta":[],"categories":[32],"tags":[584],"_links":{"self":[{"href":"https:\/\/www.centesimusannus.va\/en\/wp-json\/wp\/v2\/pages\/4804"}],"collection":[{"href":"https:\/\/www.centesimusannus.va\/en\/wp-json\/wp\/v2\/pages"}],"about":[{"href":"https:\/\/www.centesimusannus.va\/en\/wp-json\/wp\/v2\/types\/page"}],"author":[{"embeddable":true,"href":"https:\/\/www.centesimusannus.va\/en\/wp-json\/wp\/v2\/users\/1"}],"replies":[{"embeddable":true,"href":"https:\/\/www.centesimusannus.va\/en\/wp-json\/wp\/v2\/comments?post=4804"}],"version-history":[{"count":0,"href":"https:\/\/www.centesimusannus.va\/en\/wp-json\/wp\/v2\/pages\/4804\/revisions"}],"up":[{"embeddable":true,"href":"https:\/\/www.centesimusannus.va\/en\/wp-json\/wp\/v2\/pages\/14929"}],"wp:attachment":[{"href":"https:\/\/www.centesimusannus.va\/en\/wp-json\/wp\/v2\/media?parent=4804"}],"wp:term":[{"taxonomy":"category","embeddable":true,"href":"https:\/\/www.centesimusannus.va\/en\/wp-json\/wp\/v2\/categories?post=4804"},{"taxonomy":"post_tag","embeddable":true,"href":"https:\/\/www.centesimusannus.va\/en\/wp-json\/wp\/v2\/tags?post=4804"}],"curies":[{"name":"wp","href":"https:\/\/api.w.org\/{rel}","templated":true}]}}