{"id":4801,"date":"2018-02-12T17:57:57","date_gmt":"2018-02-12T16:57:57","guid":{"rendered":"http:\/\/www.centesimusannus.va\/activities\/local-activities\/italy\/milano\/conferences-on-innovation-institutions-and-economy-during-expo-2015\/"},"modified":"2021-12-29T14:16:39","modified_gmt":"2021-12-29T13:16:39","slug":"conferences-on-innovation-institutions-and-economy-during-expo-2015","status":"publish","type":"page","link":"https:\/\/www.centesimusannus.va\/en\/activities\/local\/italy\/milan\/conferences-on-innovation-institutions-and-economy-during-expo-2015\/","title":{"rendered":"Conferences on &#8220;Innovation, Institutions and Economy during Expo 2015&#8221;"},"content":{"rendered":"<p>Carissimi,<\/p>\n<p id=\"yui_3_16_0_1_1434547270520_14825\"><span id=\"yui_3_16_0_1_1434547270520_14824\">sono lieto di porgerVi l\u2019invito al ciclo di conferenze sul tema \u201c<strong>Innovation, Institutions and Economy during Expo 2015\u201d<\/strong>\u00a0e che verranno moderate dal Professor\u00a0<strong>Alberto Quadrio Curzio<\/strong>.<\/span><\/p>\n<p>Il primo incontro si svolger\u00e0 a Milano luned\u00ec 8 giugno alle ore 15.00 presso il Palazzo Edison in Foro Buonaparte, 31.<\/p>\n<p id=\"yui_3_16_0_1_1434547270520_14826\">Con i pi\u00f9 cordiali saluti,<\/p>\n<p id=\"yui_3_16_0_1_1434547270520_14828\"><span id=\"yui_3_16_0_1_1434547270520_14840\">Francesco Sansone<\/span><\/p>\n<p id=\"yui_3_16_0_1_1434547270520_14829\">Consigliere di Amministrazione e Referente di Milano<\/p>\n<p><a href=\"http:\/\/www.centesimusannus.va\/media\/2srpo1434550195.pdf\" target=\"_blank\" rel=\"noopener\">Download invitation<\/a><\/p>\n","protected":false},"excerpt":{"rendered":"<p>Carissimi, sono lieto di porgerVi l\u2019invito al ciclo di conferenze sul tema \u201cInnovation, Institutions and Economy during Expo 2015\u201d\u00a0e che verranno moderate dal Professor\u00a0Alberto Quadrio Curzio. Il primo incontro si svolger\u00e0 a Milano luned\u00ec 8 giugno alle ore 15.00 presso il Palazzo Edison in Foro Buonaparte, 31. Con i pi\u00f9 cordiali saluti, Francesco Sansone Consigliere di Amministrazione e Referente di Milano Download invitation<\/p>\n","protected":false},"author":1,"featured_media":0,"parent":14929,"menu_order":45,"comment_status":"closed","ping_status":"closed","template":"","meta":[],"categories":[32],"tags":[584],"_links":{"self":[{"href":"https:\/\/www.centesimusannus.va\/en\/wp-json\/wp\/v2\/pages\/4801"}],"collection":[{"href":"https:\/\/www.centesimusannus.va\/en\/wp-json\/wp\/v2\/pages"}],"about":[{"href":"https:\/\/www.centesimusannus.va\/en\/wp-json\/wp\/v2\/types\/page"}],"author":[{"embeddable":true,"href":"https:\/\/www.centesimusannus.va\/en\/wp-json\/wp\/v2\/users\/1"}],"replies":[{"embeddable":true,"href":"https:\/\/www.centesimusannus.va\/en\/wp-json\/wp\/v2\/comments?post=4801"}],"version-history":[{"count":0,"href":"https:\/\/www.centesimusannus.va\/en\/wp-json\/wp\/v2\/pages\/4801\/revisions"}],"up":[{"embeddable":true,"href":"https:\/\/www.centesimusannus.va\/en\/wp-json\/wp\/v2\/pages\/14929"}],"wp:attachment":[{"href":"https:\/\/www.centesimusannus.va\/en\/wp-json\/wp\/v2\/media?parent=4801"}],"wp:term":[{"taxonomy":"category","embeddable":true,"href":"https:\/\/www.centesimusannus.va\/en\/wp-json\/wp\/v2\/categories?post=4801"},{"taxonomy":"post_tag","embeddable":true,"href":"https:\/\/www.centesimusannus.va\/en\/wp-json\/wp\/v2\/tags?post=4801"}],"curies":[{"name":"wp","href":"https:\/\/api.w.org\/{rel}","templated":true}]}}