{"id":4717,"date":"2018-02-12T15:58:34","date_gmt":"2018-02-12T14:58:34","guid":{"rendered":"http:\/\/www.centesimusannus.va\/activities\/local-activities\/italy\/piemonte\/capp-piemonte-group-december-17th-pre-christmas-holy-mass\/"},"modified":"2021-12-29T14:43:06","modified_gmt":"2021-12-29T13:43:06","slug":"capp-piemonte-group-december-17th-pre-christmas-holy-mass","status":"publish","type":"page","link":"https:\/\/www.centesimusannus.va\/en\/activities\/local\/italy\/turin\/capp-piemonte-group-december-17th-pre-christmas-holy-mass\/","title":{"rendered":"CAPP Piemonte Group: December 17th pre-Christmas Holy Mass"},"content":{"rendered":"<div id=\"page_wrapper\" class=\"page-wrapper\">\n<div id=\"page_content_interna\" class=\"page-content-interna\">\n<div id=\"col_destra_interna\" class=\"col-des-interna\">\n<div id=\"content_interna\" class=\"content-interna\">\n<div class=\"attivita_singola\">\n<p>Cari Amici,<\/p>\n<p id=\"yui_3_16_0_1_1450079242129_4011\">la presente per ricordarVi che il prossimo appuntamento avr\u00e0 luogo\u00a0gioved\u00ec\u00a0<strong>17 dicembre alle ore 18,00\u00a0<\/strong>presso la\u00a0Parrocchia di San Francesco di Sales in Via Malta, 42 a Torino ove\u00a0Don Daniele Bortolussi\u00a0celebrer\u00e0 la Santa Messa e ci guider\u00e0 con alcune riflessioni in vista del prossimo Natale.<\/p>\n<p id=\"yui_3_16_0_1_1450079242129_4016\">Come avvenuto negli scorsi anni sar\u00e0 sicuramente un intenso momento di raccoglimento, preghiera e fraterna unione.<br \/>\nRingraziando per l\u2019attenzione e restando a disposizione per eventuali chiarimenti<\/p>\n<p id=\"yui_3_16_0_1_1450079242129_4019\">Inviamo con l\u2019occasione i nostri migliori cordiali saluti<\/p>\n<p id=\"yui_3_16_0_1_1450079242129_4022\">Maurizio Magliola, Paolo Fabris de Fabris e Andrea Angeli<\/p>\n<p id=\"yui_3_16_0_1_1450079242129_4024\">Referenti FCAPP Regione Piemonte<\/p>\n<\/div>\n<\/div>\n<\/div>\n<\/div>\n<\/div>\n<div class=\"prefooter\"><\/div>\n<div id=\"footer\" class=\"footer\">\n<div class=\"wrap_ul\"><\/div>\n<\/div>\n","protected":false},"excerpt":{"rendered":"<p>Cari Amici, la presente per ricordarVi che il prossimo appuntamento avr\u00e0 luogo\u00a0gioved\u00ec\u00a017 dicembre alle ore 18,00\u00a0presso la\u00a0Parrocchia di San Francesco di Sales in Via Malta, 42 a Torino ove\u00a0Don Daniele Bortolussi\u00a0celebrer\u00e0 la Santa Messa e ci guider\u00e0 con alcune riflessioni in vista del prossimo Natale. Come avvenuto negli scorsi anni sar\u00e0 sicuramente un intenso momento di raccoglimento, preghiera e fraterna unione. Ringraziando per l\u2019attenzione e restando a disposizione per eventuali chiarimenti Inviamo con l\u2019occasione i nostri migliori cordiali saluti Maurizio Magliola, Paolo Fabris de Fabris e Andrea Angeli Referenti FCAPP Regione Piemonte<\/p>\n","protected":false},"author":1,"featured_media":0,"parent":15417,"menu_order":32,"comment_status":"closed","ping_status":"closed","template":"","meta":[],"categories":[32],"tags":[595],"_links":{"self":[{"href":"https:\/\/www.centesimusannus.va\/en\/wp-json\/wp\/v2\/pages\/4717"}],"collection":[{"href":"https:\/\/www.centesimusannus.va\/en\/wp-json\/wp\/v2\/pages"}],"about":[{"href":"https:\/\/www.centesimusannus.va\/en\/wp-json\/wp\/v2\/types\/page"}],"author":[{"embeddable":true,"href":"https:\/\/www.centesimusannus.va\/en\/wp-json\/wp\/v2\/users\/1"}],"replies":[{"embeddable":true,"href":"https:\/\/www.centesimusannus.va\/en\/wp-json\/wp\/v2\/comments?post=4717"}],"version-history":[{"count":0,"href":"https:\/\/www.centesimusannus.va\/en\/wp-json\/wp\/v2\/pages\/4717\/revisions"}],"up":[{"embeddable":true,"href":"https:\/\/www.centesimusannus.va\/en\/wp-json\/wp\/v2\/pages\/15417"}],"wp:attachment":[{"href":"https:\/\/www.centesimusannus.va\/en\/wp-json\/wp\/v2\/media?parent=4717"}],"wp:term":[{"taxonomy":"category","embeddable":true,"href":"https:\/\/www.centesimusannus.va\/en\/wp-json\/wp\/v2\/categories?post=4717"},{"taxonomy":"post_tag","embeddable":true,"href":"https:\/\/www.centesimusannus.va\/en\/wp-json\/wp\/v2\/tags?post=4717"}],"curies":[{"name":"wp","href":"https:\/\/api.w.org\/{rel}","templated":true}]}}