{"id":4665,"date":"2018-02-12T15:17:52","date_gmt":"2018-02-12T14:17:52","guid":{"rendered":"http:\/\/www.centesimusannus.va\/activities\/local-activities\/italy\/rome\/next-roman-meetings\/"},"modified":"2021-12-29T12:46:32","modified_gmt":"2021-12-29T11:46:32","slug":"next-roman-meetings","status":"publish","type":"page","link":"https:\/\/www.centesimusannus.va\/en\/activities\/local\/italy\/rome\/next-roman-meetings\/","title":{"rendered":"Next Roman meetings"},"content":{"rendered":"<p>Cari amici,<\/p>\n<p>sono felice di comunicarvi le date dei nostri prossimi incontri:<\/p>\n<p>&#8211; marted\u00ec 6 novembre 2012<\/p>\n<p>&#8211; marted\u00ec 27 novembre 2012<\/p>\n<p>&#8211; marted\u00ec 18 dicembre 2012<\/p>\n<p>sempre alle ore\u00a0<strong>19:00 con termine alle ore 20:30<\/strong>, presso\u00a0<strong>la sede di Civilt\u00e0 Cattolica in Via di Porta Pinciana,1.<\/strong><\/p>\n<p>Vi prego di darmi un cenno di riscontro, stesso mezzo.<\/p>\n<p>Cari saluti<\/p>\n<p>Attilio Tranquilli<\/p>\n<p>Referente romano FCAPP<\/p>\n","protected":false},"excerpt":{"rendered":"<p>Cari amici, sono felice di comunicarvi le date dei nostri prossimi incontri: &#8211; marted\u00ec 6 novembre 2012 &#8211; marted\u00ec 27 novembre 2012 &#8211; marted\u00ec 18 dicembre 2012 sempre alle ore\u00a019:00 con termine alle ore 20:30, presso\u00a0la sede di Civilt\u00e0 Cattolica in Via di Porta Pinciana,1. Vi prego di darmi un cenno di riscontro, stesso mezzo. Cari saluti Attilio Tranquilli Referente romano FCAPP<\/p>\n","protected":false},"author":1,"featured_media":0,"parent":15027,"menu_order":52,"comment_status":"closed","ping_status":"closed","template":"","meta":[],"categories":[32],"tags":[578],"_links":{"self":[{"href":"https:\/\/www.centesimusannus.va\/en\/wp-json\/wp\/v2\/pages\/4665"}],"collection":[{"href":"https:\/\/www.centesimusannus.va\/en\/wp-json\/wp\/v2\/pages"}],"about":[{"href":"https:\/\/www.centesimusannus.va\/en\/wp-json\/wp\/v2\/types\/page"}],"author":[{"embeddable":true,"href":"https:\/\/www.centesimusannus.va\/en\/wp-json\/wp\/v2\/users\/1"}],"replies":[{"embeddable":true,"href":"https:\/\/www.centesimusannus.va\/en\/wp-json\/wp\/v2\/comments?post=4665"}],"version-history":[{"count":0,"href":"https:\/\/www.centesimusannus.va\/en\/wp-json\/wp\/v2\/pages\/4665\/revisions"}],"up":[{"embeddable":true,"href":"https:\/\/www.centesimusannus.va\/en\/wp-json\/wp\/v2\/pages\/15027"}],"wp:attachment":[{"href":"https:\/\/www.centesimusannus.va\/en\/wp-json\/wp\/v2\/media?parent=4665"}],"wp:term":[{"taxonomy":"category","embeddable":true,"href":"https:\/\/www.centesimusannus.va\/en\/wp-json\/wp\/v2\/categories?post=4665"},{"taxonomy":"post_tag","embeddable":true,"href":"https:\/\/www.centesimusannus.va\/en\/wp-json\/wp\/v2\/tags?post=4665"}],"curies":[{"name":"wp","href":"https:\/\/api.w.org\/{rel}","templated":true}]}}