{"id":4617,"date":"2018-02-12T14:42:18","date_gmt":"2018-02-12T13:42:18","guid":{"rendered":"http:\/\/www.centesimusannus.va\/activities\/local-activities\/italy\/taranto\/holy-mass\/"},"modified":"2021-12-29T10:54:44","modified_gmt":"2021-12-29T09:54:44","slug":"holy-mass","status":"publish","type":"page","link":"https:\/\/www.centesimusannus.va\/en\/activities\/local\/italy\/taranto\/holy-mass\/","title":{"rendered":"Holy Mass"},"content":{"rendered":"<p>Testo del messaggio inviato dall\u2019Assistente Ecclesiastico Don Panico al Segretario Generale della Fondazione dott. Massimo Gattamelata in data 22 maggio 2012:<\/p>\n<p><em>Carissimo Massimo,<\/em><\/p>\n<p><em>sono lieto di riferirti quanto di bello \u00e8 accaduto per il nostro gruppo nei giorni scorsi.<\/em><\/p>\n<p><em>L\u2019Arcivescovo di Taranto che abbiamo gi\u00e0 incontrato pi\u00f9 volte da quando si \u00e8 insediato nella nostra diocesi, in occasione della celebrazione eucaristica solenne di ringraziamento per i suoi 40 anni di sacerdozio che si \u00e8 tenuta ieri sera in una gremitissima \u00a0Concattedrale (almeno 2500 presenti) ha voluto che fosse proprio il referente del nostro gruppo, l\u2019avv.Lelio Miro, a porgere a nome di tutti i laici l\u2019indirizzo augurale.<\/em><\/p>\n<p><em>Credo questo sia un punto d\u2019onore per la Fondazione e volevo per questo renderti partecipe della nostra gioia dal momento che, in genere, questi discorsi ufficiali vengono tenuti dai presidenti locali di realt\u00e0 associative o movimenti di radica presenza sul territorio. \u00a0<\/em><\/p>\n<p><em>Stiamo lavorando con costanza e coraggio nella proposta di una DSC in cui l\u2019\u201dagire\u201d prenda le forme di una testimonianza diretta nella quotidianit\u00e0 della societ\u00e0 civile con proposte \u201cvive e vere\u201d, proprio come ci insegna il Magistero.\u00a0<\/em><\/p>\n<p><em>Volevo condividere con te questo momento significativo perch\u00e9 ti dia consolazione. \u00a0Qualche bel successo dei gruppi locali premia anche il tuo impegno instancabile.<\/em><\/p>\n<p><em>Un fraterno abbraccio nella fede e nell\u2019impegno comune.<\/em><\/p>\n<p><em>don Antonio Panico \u00a0\u00a0\u00a0<\/em><\/p>\n","protected":false},"excerpt":{"rendered":"<p>Testo del messaggio inviato dall\u2019Assistente Ecclesiastico Don Panico al Segretario Generale della Fondazione dott. Massimo Gattamelata in data 22 maggio 2012: Carissimo Massimo, sono lieto di riferirti quanto di bello \u00e8 accaduto per il nostro gruppo nei giorni scorsi. L\u2019Arcivescovo di Taranto che abbiamo gi\u00e0 incontrato pi\u00f9 volte da quando si \u00e8 insediato nella nostra diocesi, in occasione della celebrazione eucaristica solenne di ringraziamento per i suoi 40 anni di sacerdozio che si \u00e8 tenuta ieri sera in una gremitissima \u00a0Concattedrale (almeno 2500 presenti) ha voluto che fosse proprio il referente del nostro gruppo, l\u2019avv.Lelio Miro, a porgere a nome&#8230;<\/p>\n","protected":false},"author":1,"featured_media":0,"parent":16216,"menu_order":0,"comment_status":"closed","ping_status":"closed","template":"","meta":[],"categories":[],"tags":[547],"_links":{"self":[{"href":"https:\/\/www.centesimusannus.va\/en\/wp-json\/wp\/v2\/pages\/4617"}],"collection":[{"href":"https:\/\/www.centesimusannus.va\/en\/wp-json\/wp\/v2\/pages"}],"about":[{"href":"https:\/\/www.centesimusannus.va\/en\/wp-json\/wp\/v2\/types\/page"}],"author":[{"embeddable":true,"href":"https:\/\/www.centesimusannus.va\/en\/wp-json\/wp\/v2\/users\/1"}],"replies":[{"embeddable":true,"href":"https:\/\/www.centesimusannus.va\/en\/wp-json\/wp\/v2\/comments?post=4617"}],"version-history":[{"count":0,"href":"https:\/\/www.centesimusannus.va\/en\/wp-json\/wp\/v2\/pages\/4617\/revisions"}],"up":[{"embeddable":true,"href":"https:\/\/www.centesimusannus.va\/en\/wp-json\/wp\/v2\/pages\/16216"}],"wp:attachment":[{"href":"https:\/\/www.centesimusannus.va\/en\/wp-json\/wp\/v2\/media?parent=4617"}],"wp:term":[{"taxonomy":"category","embeddable":true,"href":"https:\/\/www.centesimusannus.va\/en\/wp-json\/wp\/v2\/categories?post=4617"},{"taxonomy":"post_tag","embeddable":true,"href":"https:\/\/www.centesimusannus.va\/en\/wp-json\/wp\/v2\/tags?post=4617"}],"curies":[{"name":"wp","href":"https:\/\/api.w.org\/{rel}","templated":true}]}}