{"id":4578,"date":"2018-02-12T12:49:45","date_gmt":"2018-02-12T11:49:45","guid":{"rendered":"http:\/\/www.centesimusannus.va\/activities\/local-activities\/italy\/trento\/january-16th-2013-meeting-in-trento-with-the-president-of-the-monte-dei-paschi-di-siena-alessandro-profumo\/"},"modified":"2021-12-29T11:23:01","modified_gmt":"2021-12-29T10:23:01","slug":"january-16th-2013-meeting-in-trento-with-the-president-of-the-monte-dei-paschi-di-siena-alessandro-profumo","status":"publish","type":"page","link":"https:\/\/www.centesimusannus.va\/en\/activities\/local\/italy\/trento\/january-16th-2013-meeting-in-trento-with-the-president-of-the-monte-dei-paschi-di-siena-alessandro-profumo\/","title":{"rendered":"January 16th, 2013: Meeting in Trento with the President of the Monte dei Paschi di Siena Alessandro Profumo"},"content":{"rendered":"<p>Cari Amici della Fondazione Centesimus Annus Pro Pontifice,<\/p>\n<p>desidero anticiparVi che, grazie ai buoni uffici del nostro socio prof. Michele Andreaus, avremo ospite a Trento<strong><u>mercoled\u00ec 16 gennaio alle 20 il presidente del Monte Paschi di Siena, dottor Alessandro Profumo.<\/u><\/strong><\/p>\n<p>L\u2019incontro si svolger\u00e0 in forma di cenacolo-conversazione durante una cena informale che si svolger\u00e0 presso Villa Bortolazzi, gentilmente messa a disposizione dal nostro socio dottor Massimo De Alessandri.<\/p>\n<p>La serata, come di consueto, sar\u00e0 introdotta dal nostro Assistente Ecclesiastico Diocesano, prof. don Bruno Tomasi, che introdurr\u00e0 il tema (da concordare), che verter\u00e0 sul rapporto del Bene Comune richiamato da Papa Benedetto nell\u2019Enciclica Caritas in Veritate, dell\u2019etica e del ruolo delle banche in questo difficile momento economico mondiale.<\/p>\n<p>Alla serata alla quale auspichiamo possa intervenire anche il nostro Arcivescovo S.E.R., Mons. Luigi Bressan, interverr\u00e0 il Segretario Generale della Fondazione Centesimus Annus Pro Pontifice, dottor Massimo Gattamelata.<\/p>\n<p>L\u2019incontro \u00e8 strettamente riservato ai soci del gruppo di Trento della Fondazione Centesimus Annus Pro Pontifice, ma ovviamente chi lo riterr\u00e0 utile ed opportuno potr\u00e0 estendere l\u2019invito in maniera mirata ad un gruppo ristretto di persone.<\/p>\n<p>Gradirei soltanto esserne messo a conoscenza, in modo tale da avere il numero preciso delle persone per poter organizzare la serata al meglio.<\/p>\n<p id=\"yui_3_7_2_1_1354713396024_430\"><span id=\"yui_3_7_2_1_1354713396024_429\">Sono inolotre in attesa di conoscere inoltre da don Bruno la sua disponibilit\u00e0 di date a celebrare la messa prenatalizia, per poterci al termine scambiare gli auguri di Natale.<\/span><\/p>\n<p>Vi informo infine, che ad inizio 2013, in data ancora da concordare, il nostro socio dottor Maurizio Silvi sta organizzando una conferenza con il prof. Giacomo Vaciago, economista dell\u2019Universit\u00e0 Cattolica di Milano, e l\u2019ambasciatore Sergio Vento, che si svolger\u00e0 presso l\u2019Abbazia di Novacella, alla quale interverranno anche alcuni amici della Fondazione di Bolzano.<\/p>\n<p>Colgo l\u2019occasione per inviare un cordiale e caro saluto.<\/p>\n<p>Rocco Cerone<\/p>\n<p>(Referente Trento Fondazione Centesimus Annus Pro Pontifice:\u00a0<a href=\"mailto:rocco@cerone.eu\" target=\"_blank\" rel=\"noopener\">rocco@cerone.eu<\/a>\u00a0&#8211; 3355241938 &#8211; ww.centesimusannus.va)<\/p>\n","protected":false},"excerpt":{"rendered":"<p>Cari Amici della Fondazione Centesimus Annus Pro Pontifice, desidero anticiparVi che, grazie ai buoni uffici del nostro socio prof. Michele Andreaus, avremo ospite a Trentomercoled\u00ec 16 gennaio alle 20 il presidente del Monte Paschi di Siena, dottor Alessandro Profumo. L\u2019incontro si svolger\u00e0 in forma di cenacolo-conversazione durante una cena informale che si svolger\u00e0 presso Villa Bortolazzi, gentilmente messa a disposizione dal nostro socio dottor Massimo De Alessandri. La serata, come di consueto, sar\u00e0 introdotta dal nostro Assistente Ecclesiastico Diocesano, prof. don Bruno Tomasi, che introdurr\u00e0 il tema (da concordare), che verter\u00e0 sul rapporto del Bene Comune richiamato da Papa Benedetto&#8230;<\/p>\n","protected":false},"author":1,"featured_media":0,"parent":14975,"menu_order":51,"comment_status":"closed","ping_status":"closed","template":"","meta":[],"categories":[],"tags":[554],"_links":{"self":[{"href":"https:\/\/www.centesimusannus.va\/en\/wp-json\/wp\/v2\/pages\/4578"}],"collection":[{"href":"https:\/\/www.centesimusannus.va\/en\/wp-json\/wp\/v2\/pages"}],"about":[{"href":"https:\/\/www.centesimusannus.va\/en\/wp-json\/wp\/v2\/types\/page"}],"author":[{"embeddable":true,"href":"https:\/\/www.centesimusannus.va\/en\/wp-json\/wp\/v2\/users\/1"}],"replies":[{"embeddable":true,"href":"https:\/\/www.centesimusannus.va\/en\/wp-json\/wp\/v2\/comments?post=4578"}],"version-history":[{"count":0,"href":"https:\/\/www.centesimusannus.va\/en\/wp-json\/wp\/v2\/pages\/4578\/revisions"}],"up":[{"embeddable":true,"href":"https:\/\/www.centesimusannus.va\/en\/wp-json\/wp\/v2\/pages\/14975"}],"wp:attachment":[{"href":"https:\/\/www.centesimusannus.va\/en\/wp-json\/wp\/v2\/media?parent=4578"}],"wp:term":[{"taxonomy":"category","embeddable":true,"href":"https:\/\/www.centesimusannus.va\/en\/wp-json\/wp\/v2\/categories?post=4578"},{"taxonomy":"post_tag","embeddable":true,"href":"https:\/\/www.centesimusannus.va\/en\/wp-json\/wp\/v2\/tags?post=4578"}],"curies":[{"name":"wp","href":"https:\/\/api.w.org\/{rel}","templated":true}]}}