{"id":4570,"date":"2018-02-12T12:27:33","date_gmt":"2018-02-12T11:27:33","guid":{"rendered":"http:\/\/www.centesimusannus.va\/activities\/local-activities\/italy\/trento\/meeting-with-prof-lanza\/"},"modified":"2021-12-29T11:29:02","modified_gmt":"2021-12-29T10:29:02","slug":"meeting-with-prof-lanza","status":"publish","type":"page","link":"https:\/\/www.centesimusannus.va\/en\/activities\/local\/italy\/trento\/meeting-with-prof-lanza\/","title":{"rendered":"Meeting with Prof. Lanza"},"content":{"rendered":"<p>Luned\u00ec 20 Ottobre 2008<\/p>\n<p>Cari Amici della Fondazione Centesimus Annus Pro Pontifice,<\/p>\n<p>Si sta avviando alla conclusione nel migliore dei modi e con corale soddisfazione il Corso Introduttivo alla Dottrina Sociale della Chiesa ideato ad hoc per il Gruppo di Trento dalla Fondazione Centesimus Annus Pro Pontifice dal Segretario Generale, Dott. Massimo Gattamelata, e da Mons. Prof. Sergio Lanza, della Pontificia Universit\u00e0 Lateranense, che aveva gi\u00e0 introdotto il Corso nella Citt\u00e0 del Concilio alla presenza dell\u2019Arcivescovo Luigi Bressan il 30 gennaio scorso e che desiderava anche concluderlo.<\/p>\n<p>Nel corso di questo anno, abbiamo avuto incontri oltrech\u00e8 con Mons. Prof. Sergio Lanza, anche con il Prof. Don Antonio Panico, con il Rettore della Pontifica Universit\u00e0 Salesiana, Prof. Don Mario Toso, con il Prof. Flavio Felice e poi con il Prof. Rocco Pezzimenti.<\/p>\n<p>Su proposta dello stesso Mons. Prof. Sergio Lanza, in questa circostanza, l\u2019incontro \u00e8 stato deciso di tenerlo aperto al pubblico, ad inviti, e si svolger\u00e0 marted\u00ec 4 novembre alle 18.00 presso l\u2019Aula Magna del Seminario Maggiore Arcivescovile, in Corso III Novembre a Trento.<\/p>\n<p>Per far tesoro della presenza di un relatore di tale levatura, nell\u2019occasione, \u00e8 possibile nonch\u00e8 auspicabile estendere l\u2019invito ad altre persone che siano interessate ad approfondire i Princ\u00ecpi ed i Valori della Dottrina Sociale della Chiesa.<\/p>\n<p>Mi riservo di inviare appena possibile curriculum ed abstract della conferenza di Mons. Prof. Sergio Lanza.<\/p>\n<p>Contando su una Vostra partecipazione, invio i pi\u00f9 cordiali saluti ed auguri di buon lavoro.<\/p>\n<p>Rocco Cerone<\/p>\n","protected":false},"excerpt":{"rendered":"<p>Luned\u00ec 20 Ottobre 2008 Cari Amici della Fondazione Centesimus Annus Pro Pontifice, Si sta avviando alla conclusione nel migliore dei modi e con corale soddisfazione il Corso Introduttivo alla Dottrina Sociale della Chiesa ideato ad hoc per il Gruppo di Trento dalla Fondazione Centesimus Annus Pro Pontifice dal Segretario Generale, Dott. Massimo Gattamelata, e da Mons. Prof. Sergio Lanza, della Pontificia Universit\u00e0 Lateranense, che aveva gi\u00e0 introdotto il Corso nella Citt\u00e0 del Concilio alla presenza dell\u2019Arcivescovo Luigi Bressan il 30 gennaio scorso e che desiderava anche concluderlo. Nel corso di questo anno, abbiamo avuto incontri oltrech\u00e8 con Mons. Prof. Sergio&#8230;<\/p>\n","protected":false},"author":1,"featured_media":0,"parent":14975,"menu_order":58,"comment_status":"closed","ping_status":"closed","template":"","meta":[],"categories":[],"tags":[556],"_links":{"self":[{"href":"https:\/\/www.centesimusannus.va\/en\/wp-json\/wp\/v2\/pages\/4570"}],"collection":[{"href":"https:\/\/www.centesimusannus.va\/en\/wp-json\/wp\/v2\/pages"}],"about":[{"href":"https:\/\/www.centesimusannus.va\/en\/wp-json\/wp\/v2\/types\/page"}],"author":[{"embeddable":true,"href":"https:\/\/www.centesimusannus.va\/en\/wp-json\/wp\/v2\/users\/1"}],"replies":[{"embeddable":true,"href":"https:\/\/www.centesimusannus.va\/en\/wp-json\/wp\/v2\/comments?post=4570"}],"version-history":[{"count":0,"href":"https:\/\/www.centesimusannus.va\/en\/wp-json\/wp\/v2\/pages\/4570\/revisions"}],"up":[{"embeddable":true,"href":"https:\/\/www.centesimusannus.va\/en\/wp-json\/wp\/v2\/pages\/14975"}],"wp:attachment":[{"href":"https:\/\/www.centesimusannus.va\/en\/wp-json\/wp\/v2\/media?parent=4570"}],"wp:term":[{"taxonomy":"category","embeddable":true,"href":"https:\/\/www.centesimusannus.va\/en\/wp-json\/wp\/v2\/categories?post=4570"},{"taxonomy":"post_tag","embeddable":true,"href":"https:\/\/www.centesimusannus.va\/en\/wp-json\/wp\/v2\/tags?post=4570"}],"curies":[{"name":"wp","href":"https:\/\/api.w.org\/{rel}","templated":true}]}}