{"id":4539,"date":"2018-02-12T10:12:43","date_gmt":"2018-02-12T09:12:43","guid":{"rendered":"http:\/\/www.centesimusannus.va\/activities\/local-activities\/italy\/national-conference-september-26th-2015\/"},"modified":"2025-03-07T16:56:58","modified_gmt":"2025-03-07T15:56:58","slug":"national-conference-september-26th-2015","status":"publish","type":"page","link":"https:\/\/www.centesimusannus.va\/en\/activities\/local\/italy\/national-conference-september-26th-2015\/","title":{"rendered":"National Conference September 26th, 2015"},"content":{"rendered":"<p>Carissimi,<\/p>\n<p>il prossimo\u00a0<strong>26 Settembre<\/strong>\u00a0si svolger\u00e0 a\u00a0<strong>Trento<\/strong>, ospiti dell\u2019Istituto Atesino di Sviluppo, il Convegno Nazionale degli Aderenti Italiani della Fondazione che presenta quest\u2019anno due novit\u00e0.<\/p>\n<p>La prima \u00e8 legata all\u2019attualit\u00e0 della nuova Lettera Enciclica \u201cLaudato si\u2019\u201d del Santo Padre Francesco. Il tema dell\u2019incontro sar\u00e0 infatti: \u201c<strong>Laudato s\u00ec\u201d:\u00a0<em>La sfida urgente di proteggere la nostra casa comune\u201d<\/em><\/strong>.<\/p>\n<p>La seconda \u2013 in omaggio alla regione Trentino Alto Adige che ci ospita &#8211; consiste nell\u2019invito a partecipare ai lavori anche agli aderenti ed amici di lingua tedesca. Sar\u00e0 disponibile un servizio di traduzione simultanea delle relazioni nelle due lingue.<\/p>\n<p id=\"yui_3_16_0_1_1436855314938_16868\">La riunione si svolger\u00e0 nel contesto di una delle pi\u00f9 affascinanti opere della architettura contemporanea, il quartiere Le Albere, progettato da Renzo Piano e realizzato con le migliori tecnologie per il risparmio energetico, con materiali ecocompatibili e nell\u2019ottica della maggiore sostenibilit\u00e0 possibile.<\/p>\n<p>Alleghiamo il\u00a0programma\u00a0&#8211; che si concluder\u00e0 con la Santa Messa e la visita al museo che, dopo solo due anni di attivit\u00e0, \u00e8 diventato l\u2019ottavo museo pi\u00f9 visitato d\u2019Italia \u2013 e la<u>\u00a0<\/u>scheda di adesione, che Vi invitiamo a compilare ed inviare all\u2019indirizzo email\u00a0<a href=\"mailto:centannus@foundation.va\" target=\"_blank\" rel=\"noopener\">centannus@foundation.va<\/a><\/p>\n<p>Un cordiale arrivederci a Trento a tutti\/e.<\/p>\n<p>Eutimio Tiliacos<\/p>\n<p><em>Segretario Generale<\/em><\/p>\n<p><em>Fondazione Centesimus Annus &#8211; Pro Pontifice<\/em><\/p>\n<p id=\"yui_3_16_0_1_1436855314938_16872\"><em>00120 Citt\u00e0 del Vaticano<\/em><\/p>\n<p><a href=\"http:\/\/www.centesimusannus.va\/media\/2zfdw1441353465.pdf\" target=\"_blank\" rel=\"noopener\">Scarica programma<\/a><\/p>\n<p><a href=\"http:\/\/www.centesimusannus.va\/media\/2kwub1441353845.pdf\" target=\"_blank\" rel=\"noopener\">Scarica scheda di adesione<\/a><\/p>\n","protected":false},"excerpt":{"rendered":"<p>Carissimi, il prossimo\u00a026 Settembre\u00a0si svolger\u00e0 a\u00a0Trento, ospiti dell\u2019Istituto Atesino di Sviluppo, il Convegno Nazionale degli Aderenti Italiani della Fondazione che presenta quest\u2019anno due novit\u00e0. La prima \u00e8 legata all\u2019attualit\u00e0 della nuova Lettera Enciclica \u201cLaudato si\u2019\u201d del Santo Padre Francesco. Il tema dell\u2019incontro sar\u00e0 infatti: \u201cLaudato s\u00ec\u201d:\u00a0La sfida urgente di proteggere la nostra casa comune\u201d. La seconda \u2013 in omaggio alla regione Trentino Alto Adige che ci ospita &#8211; consiste nell\u2019invito a partecipare ai lavori anche agli aderenti ed amici di lingua tedesca. Sar\u00e0 disponibile un servizio di traduzione simultanea delle relazioni nelle due lingue. La riunione si svolger\u00e0 nel contesto&#8230;<\/p>\n","protected":false},"author":1,"featured_media":0,"parent":14917,"menu_order":400,"comment_status":"closed","ping_status":"closed","template":"","meta":[],"categories":[32],"tags":[2741,1680],"_links":{"self":[{"href":"https:\/\/www.centesimusannus.va\/en\/wp-json\/wp\/v2\/pages\/4539"}],"collection":[{"href":"https:\/\/www.centesimusannus.va\/en\/wp-json\/wp\/v2\/pages"}],"about":[{"href":"https:\/\/www.centesimusannus.va\/en\/wp-json\/wp\/v2\/types\/page"}],"author":[{"embeddable":true,"href":"https:\/\/www.centesimusannus.va\/en\/wp-json\/wp\/v2\/users\/1"}],"replies":[{"embeddable":true,"href":"https:\/\/www.centesimusannus.va\/en\/wp-json\/wp\/v2\/comments?post=4539"}],"version-history":[{"count":1,"href":"https:\/\/www.centesimusannus.va\/en\/wp-json\/wp\/v2\/pages\/4539\/revisions"}],"predecessor-version":[{"id":20206,"href":"https:\/\/www.centesimusannus.va\/en\/wp-json\/wp\/v2\/pages\/4539\/revisions\/20206"}],"up":[{"embeddable":true,"href":"https:\/\/www.centesimusannus.va\/en\/wp-json\/wp\/v2\/pages\/14917"}],"wp:attachment":[{"href":"https:\/\/www.centesimusannus.va\/en\/wp-json\/wp\/v2\/media?parent=4539"}],"wp:term":[{"taxonomy":"category","embeddable":true,"href":"https:\/\/www.centesimusannus.va\/en\/wp-json\/wp\/v2\/categories?post=4539"},{"taxonomy":"post_tag","embeddable":true,"href":"https:\/\/www.centesimusannus.va\/en\/wp-json\/wp\/v2\/tags?post=4539"}],"curies":[{"name":"wp","href":"https:\/\/api.w.org\/{rel}","templated":true}]}}