{"id":4404,"date":"2018-02-09T12:55:23","date_gmt":"2018-02-09T11:55:23","guid":{"rendered":"http:\/\/www.centesimusannus.va\/activities\/local-activities\/germany\/einladung-zur-mitgliederversammlung-der-deutschen-gruppe-centesimus-annus\/"},"modified":"2021-12-29T15:04:18","modified_gmt":"2021-12-29T14:04:18","slug":"einladung-zur-mitgliederversammlung-der-deutschen-gruppe-centesimus-annus","status":"publish","type":"page","link":"https:\/\/www.centesimusannus.va\/en\/activities\/local\/germany\/einladung-zur-mitgliederversammlung-der-deutschen-gruppe-centesimus-annus\/","title":{"rendered":"Einladung zur Mitgliederversammlung der Deutschen Gruppe Centesimus Annus"},"content":{"rendered":"<p>Liebe Mitglieder von CAPP-Deutschland,<\/p>\n<p>zur Mitgliederversammlung der deutschen Gruppe von Centesimus Annus lade ich herzlich ein.<\/p>\n<p>Wir treffen uns am Mittwoch, 25. Juni 2014, um 12.00 Uhr in D\u00fcsseldorf, K\u00f6nigsallee 53-55, Kanzlei RA Dr. Br\u00fcmmer.<\/p>\n<p>Dem unerm\u00fcdlichen Engagement von Dr. Detlef Br\u00fcmmer haben wir die beiliegenden Dokumente (Satzung und kommentierte Tagesordnung) zu verdanken.<\/p>\n<p>Ich freue mich auf eine gute Beteiligung.<\/p>\n<p>Herzliche Gr\u00fcsse aus dem sonnigen M\u00fcnsterland,<\/p>\n<p>Thomas Rusche<\/p>\n<p><strong>Dr. Dr. Thomas Rusche<\/strong><\/p>\n<p>FCAPP German coordinator<\/p>\n<p><a href=\"http:\/\/www.centesimusannus.va\/media\/2pfmc1402484952.pdf\" target=\"_blank\" rel=\"noopener\">Tagesordnung<\/a><\/p>\n<p><a href=\"http:\/\/www.centesimusannus.va\/media\/2ooyu1402485019.pdf\" target=\"_blank\" rel=\"noopener\">Satzungsentwurf<\/a><\/p>\n","protected":false},"excerpt":{"rendered":"<p>Liebe Mitglieder von CAPP-Deutschland, zur Mitgliederversammlung der deutschen Gruppe von Centesimus Annus lade ich herzlich ein. Wir treffen uns am Mittwoch, 25. Juni 2014, um 12.00 Uhr in D\u00fcsseldorf, K\u00f6nigsallee 53-55, Kanzlei RA Dr. Br\u00fcmmer. Dem unerm\u00fcdlichen Engagement von Dr. Detlef Br\u00fcmmer haben wir die beiliegenden Dokumente (Satzung und kommentierte Tagesordnung) zu verdanken. Ich freue mich auf eine gute Beteiligung. Herzliche Gr\u00fcsse aus dem sonnigen M\u00fcnsterland, Thomas Rusche Dr. Dr. Thomas Rusche FCAPP German coordinator Tagesordnung Satzungsentwurf<\/p>\n","protected":false},"author":1,"featured_media":0,"parent":14894,"menu_order":31,"comment_status":"closed","ping_status":"closed","template":"","meta":[],"categories":[],"tags":[606],"_links":{"self":[{"href":"https:\/\/www.centesimusannus.va\/en\/wp-json\/wp\/v2\/pages\/4404"}],"collection":[{"href":"https:\/\/www.centesimusannus.va\/en\/wp-json\/wp\/v2\/pages"}],"about":[{"href":"https:\/\/www.centesimusannus.va\/en\/wp-json\/wp\/v2\/types\/page"}],"author":[{"embeddable":true,"href":"https:\/\/www.centesimusannus.va\/en\/wp-json\/wp\/v2\/users\/1"}],"replies":[{"embeddable":true,"href":"https:\/\/www.centesimusannus.va\/en\/wp-json\/wp\/v2\/comments?post=4404"}],"version-history":[{"count":0,"href":"https:\/\/www.centesimusannus.va\/en\/wp-json\/wp\/v2\/pages\/4404\/revisions"}],"up":[{"embeddable":true,"href":"https:\/\/www.centesimusannus.va\/en\/wp-json\/wp\/v2\/pages\/14894"}],"wp:attachment":[{"href":"https:\/\/www.centesimusannus.va\/en\/wp-json\/wp\/v2\/media?parent=4404"}],"wp:term":[{"taxonomy":"category","embeddable":true,"href":"https:\/\/www.centesimusannus.va\/en\/wp-json\/wp\/v2\/categories?post=4404"},{"taxonomy":"post_tag","embeddable":true,"href":"https:\/\/www.centesimusannus.va\/en\/wp-json\/wp\/v2\/tags?post=4404"}],"curies":[{"name":"wp","href":"https:\/\/api.w.org\/{rel}","templated":true}]}}