{"id":4403,"date":"2018-02-09T12:54:24","date_gmt":"2018-02-09T11:54:24","guid":{"rendered":"http:\/\/www.centesimusannus.va\/activities\/local-activities\/germany\/unternehmertag-am-28-03-2014-in-oelde-arbeitskreis-christliche-spiritualitat-des-bku\/"},"modified":"2021-12-29T15:04:28","modified_gmt":"2021-12-29T14:04:28","slug":"unternehmertag-am-28-03-2014-in-oelde-arbeitskreis-christliche-spiritualitat-des-bku","status":"publish","type":"page","link":"https:\/\/www.centesimusannus.va\/en\/activities\/local\/germany\/unternehmertag-am-28-03-2014-in-oelde-arbeitskreis-christliche-spiritualitat-des-bku\/","title":{"rendered":"Unternehmertag am 28.03.2014 in Oelde, Arbeitskreis \u2019Christliche Spiritualit\u00e4t\u2019 des BKU"},"content":{"rendered":"<p>Liebe Mitglieder und Freunde von Centesimus Annus,<\/p>\n<p>am 28. M\u00e4rz 2014 kommt der Arbeitskreis \u201aChristliche Spiritualit\u00e4t\u2018 des BKU und des Instituts f\u00fcr Kirche, Management und Spiritualit\u00e4t (IKMS) nach Oelde und tagt im Hause der S\u00d8R Rusche GmbH.<\/p>\n<p id=\"yui_3_13_0_ym1_1_1394696276159_25297\"><span id=\"yui_3_13_0_ym1_1_1394696276159_25296\">&#8220;Zum Unternehmer berufen&#8221; ist das BKU-Jahresthema. Das passt deshalb gut, weil man so Aspekte christlicher Spiritualit\u00e4t und Lebensf\u00fchrung in Verbindung mit unternehmerischem Engagement und Erfolg beleuchten kann. Wir m\u00f6chten nicht nur f\u00fcr diesen Unternehmertag werben, sondern auch daf\u00fcr, dass wir am Nachmittag eine bereichernde Aussprache dar\u00fcber herbeif\u00fchren, was im praktischen Unternehmeralltag an &#8220;Christlichem&#8221; m\u00f6glich und anwendbar ist. Kommen Sie daher zahlreich nach Oelde f\u00fcr eine lebendige Gestaltung dieses Unternehmertages.<\/span><\/p>\n<p>In der Anlage finden Sie das vorl\u00e4ufige\u00a0<a href=\"http:\/\/www.centesimusannus.va\/media\/2qoij1394704964.pdf\" target=\"_blank\" rel=\"noopener\">Taqunqsprogramm<\/a>.<\/p>\n<p>Anmeldungen wollen Sie bitte Frau Tanja Denneborg, Tel. 0211-437187-13, E-Mail:\u00a0<a href=\"mailto:t.denneborg@gospax.com\" target=\"_blank\" rel=\"noopener\">t.denneborg@gospax.com<\/a>\u00a0mitteilen.<\/p>\n<p>Schon heute freuen wir uns auf ein Wiedersehen in Oelde.<\/p>\n<p id=\"yui_3_13_0_ym1_1_1394696276159_25301\"><span id=\"yui_3_13_0_ym1_1_1394696276159_25311\">Mit besten\u00a0 W\u00fcnschen und Gr\u00fc\u00dfen,<\/span><\/p>\n<p>Thomas Rusche<\/p>\n<p id=\"yui_3_13_0_ym1_1_1394696276159_25310\">_____________________________<\/p>\n<p id=\"yui_3_13_0_ym1_1_1394696276159_25309\"><strong>Dr. Dr. Thomas Rusche<\/strong><\/p>\n<p id=\"yui_3_13_0_ym1_1_1394696276159_25304\">(FCAPP Germany coordinator)<\/p>\n","protected":false},"excerpt":{"rendered":"<p>Liebe Mitglieder und Freunde von Centesimus Annus, am 28. M\u00e4rz 2014 kommt der Arbeitskreis \u201aChristliche Spiritualit\u00e4t\u2018 des BKU und des Instituts f\u00fcr Kirche, Management und Spiritualit\u00e4t (IKMS) nach Oelde und tagt im Hause der S\u00d8R Rusche GmbH. &#8220;Zum Unternehmer berufen&#8221; ist das BKU-Jahresthema. Das passt deshalb gut, weil man so Aspekte christlicher Spiritualit\u00e4t und Lebensf\u00fchrung in Verbindung mit unternehmerischem Engagement und Erfolg beleuchten kann. Wir m\u00f6chten nicht nur f\u00fcr diesen Unternehmertag werben, sondern auch daf\u00fcr, dass wir am Nachmittag eine bereichernde Aussprache dar\u00fcber herbeif\u00fchren, was im praktischen Unternehmeralltag an &#8220;Christlichem&#8221; m\u00f6glich und anwendbar ist. Kommen Sie daher zahlreich nach Oelde&#8230;<\/p>\n","protected":false},"author":1,"featured_media":0,"parent":14894,"menu_order":32,"comment_status":"closed","ping_status":"closed","template":"","meta":[],"categories":[],"tags":[606],"_links":{"self":[{"href":"https:\/\/www.centesimusannus.va\/en\/wp-json\/wp\/v2\/pages\/4403"}],"collection":[{"href":"https:\/\/www.centesimusannus.va\/en\/wp-json\/wp\/v2\/pages"}],"about":[{"href":"https:\/\/www.centesimusannus.va\/en\/wp-json\/wp\/v2\/types\/page"}],"author":[{"embeddable":true,"href":"https:\/\/www.centesimusannus.va\/en\/wp-json\/wp\/v2\/users\/1"}],"replies":[{"embeddable":true,"href":"https:\/\/www.centesimusannus.va\/en\/wp-json\/wp\/v2\/comments?post=4403"}],"version-history":[{"count":0,"href":"https:\/\/www.centesimusannus.va\/en\/wp-json\/wp\/v2\/pages\/4403\/revisions"}],"up":[{"embeddable":true,"href":"https:\/\/www.centesimusannus.va\/en\/wp-json\/wp\/v2\/pages\/14894"}],"wp:attachment":[{"href":"https:\/\/www.centesimusannus.va\/en\/wp-json\/wp\/v2\/media?parent=4403"}],"wp:term":[{"taxonomy":"category","embeddable":true,"href":"https:\/\/www.centesimusannus.va\/en\/wp-json\/wp\/v2\/categories?post=4403"},{"taxonomy":"post_tag","embeddable":true,"href":"https:\/\/www.centesimusannus.va\/en\/wp-json\/wp\/v2\/tags?post=4403"}],"curies":[{"name":"wp","href":"https:\/\/api.w.org\/{rel}","templated":true}]}}