{"id":4052,"date":"2018-02-07T17:00:38","date_gmt":"2018-02-07T16:00:38","guid":{"rendered":"http:\/\/www.centesimusannus.va\/information\/insights\/domingo-sugranyes-bickel-entrevista-para-zenit-12-11-2012\/"},"modified":"2021-12-29T16:53:12","modified_gmt":"2021-12-29T15:53:12","slug":"domingo-sugranyes-bickel-entrevista-para-zenit-12-11-2012","status":"publish","type":"page","link":"https:\/\/www.centesimusannus.va\/en\/information\/insights\/domingo-sugranyes-bickel-entrevista-para-zenit-12-11-2012\/","title":{"rendered":"Domingo Sugranyes Bickel &#8211; Entrevista para \u2018Zenit\u2019, 12.11.2012"},"content":{"rendered":"<p><strong>Domingo Sugranyes Bickel &#8211; \u2018Zenit\u2019 Interview, 12.11.2012<\/strong><\/p>\n<p><strong>La idea original de la fundaci\u00f3n es movilizar a emprededores y profesionales \u00bfde todos los campos de la actividad social o solo el econ\u00f3mico?<\/strong><\/p>\n<p>La Fundaci\u00f3n <em>Centesimus Annus \u2013 Pro Pontifice, <\/em>en su faceta de debate y formaci\u00f3n, es un lugar de encuentro, de di\u00e1logo y de oraci\u00f3n para profesionales del mundo econ\u00f3mico que quieran reflexionar sobre su actividad desde el punto de vista de la fe y manifestar expl\u00edcitamente su vinculaci\u00f3n con la sede apost\u00f3lica, como fuente e inspiradora de unos mensajes m\u00e1s actuales que nunca en el dif\u00edcil contexto econ\u00f3mico actual.<\/p>\n<p>D\u00e9jeme citar a Benedicto XVI en <em>Caritas in Veritate <\/em>: \u201cEl desarrollo de los pueblos es considerado con frecuencia como unproblema de ingenier\u00eda financiera, de apertura de mercados, de bajadas de impuestos, de inversiones productivas, de reformas institucionales&#8230; Pero deber\u00edamos preguntarnos por qu\u00e9 las decisiones de tipo t\u00e9cnico han funcionado hasta ahora s\u00f3lo en parte. La causa es muco m\u00e1s profunda&#8230; El desarrollo es imposible sin hombres rectos, sin operadores econ\u00f3micos y agentes pol\u00edticos que sientan fuertemente en su conciencia la llamada al bien com\u00fan\u201d (n. 71).<\/p>\n<p>Este mensaje se dirige a \u201ctodos los hombres de buena voluntad\u201d y en primer lugar a los seguidores de Jesucristo. Para ello hace falta un di\u00e1logo profundo, sereno pero concreto, que no tema entrar en materia: hay aspectos \u00e9ticos en cualquier tema t\u00e9cnico, basta rasgar un poco. Es lo que promueve esta Fundaci\u00f3n, con la participaci\u00f3n activa de profesionales, en contacto con sacerdotes, fil\u00f3sofos y te\u00f3logos morales, y tambi\u00e9n con economistas te\u00f3ricos. No entramos en otros campos, como por ejemplo la bio\u00e9tica; si en cambio en el de la familia o la educaci\u00f3n, pero siempre desde una perspectiva econ\u00f3mica.<\/p>\n<p><strong>\u00bfCu\u00e1l es el alcance actual de la Centesimus Annus en cuanto a promoci\u00f3n de proyectos de acci\u00f3n directa con beneficiarios concretos?<\/strong><\/p>\n<p>La Fundaci\u00f3n tiene miembros aderentes en diez pa\u00edses. Los encuentros, los grupos de trabajo y los cursos est\u00e1n abiertos tanto a miembros como a cualquier persona interesada. Hemos lanzado tambi\u00e9n un Premio Internacional para recompensar obras significativas de profundizaci\u00f3n, aplicaci\u00f3n y difusi\u00f3n de la doctrina social de la Iglesia que se conceder\u00e1 por primera vez en 2013; la selecci\u00f3n se est\u00e1 realizando por un jurado muy cualificado presidido por S.E. el Cardenal Reinhard Marx, Arzobispo de M\u00fanich.<\/p>\n<p>Otra faceta de la fundaci\u00f3n es la recaudaci\u00f3n de fondos para obras de caridad del Santo Padre y para sostener iniciativas de la Santa Sede.<\/p>\n<p><strong>\u00bfQu\u00e9 actividades de educaci\u00f3n formal y no formal en doctrina social de la Iglesia promueve la fundaci\u00f3n?<\/strong><\/p>\n<p>Para la formaci\u00f3n continua de los miembros y simpatizantes de la fundaci\u00f3n se re\u00fanen grupos diocesanos con un sacerdote que les asiste y ayuda a reflexionar y a recorrer \u00a0el camino espiritual al que nos invita la doctrina social<\/p>\n<p>Como actividades formales, la fundaci\u00f3n viene organizando cursos en italiano para profesionales laicos en colaboraci\u00f3n con la Pontificia Universidad Lateranense (diploma de dos a\u00f1os en r\u00e9gimen de un fin de semana al mes), as\u00ed como cursos de doctrina social para sacerdotes. En Estados Unidos se organizan cursos parecidos en ingl\u00e9s en colaboraci\u00f3n con la Catholic University of America de Washington.<\/p>\n<p>Este a\u00f1o inauguramos un nuevo instrumento de formaci\u00f3n, muy necesario para alcanzar a un p\u00fablico m\u00e1s amplio: se trata de un curso a distancia (\u2018e-learning\u2019).<\/p>\n<p>En todas estas actividades buscamos un camino participativo: partiendo de las ra\u00edces en la fe se intenta reflexionar sobre distintos aspectos de la actividad econ\u00f3mica para descubrir d\u00f3nde y c\u00f3mo puede la doctrina social orientar la actividad en uno u otro sentido.<\/p>\n<p><strong>\u00bfQu\u00e9 proyecci\u00f3n tienen en Espa\u00f1a y en pa\u00edses de Am\u00e9rica que hablan espa\u00f1ol?<\/strong><\/p>\n<p>En Espa\u00f1a existen cap\u00edtulos diocesanos de la fundaci\u00f3n en Barcelona, Madrid, M\u00e1laga y Valencia y esperamos que se creen m\u00e1s. Tenemos el proyecto de un encuentro con el mayor eco p\u00fablico posible en el segundo semestre del a\u00f1o pr\u00f3ximo, posiblemente en Valencia.<\/p>\n<p>En Am\u00e9rica por ahora s\u00f3lo existen contactos personales aislados. Es importante hacer notar que la fundaci\u00f3n no pretende competir con ning\u00fan movimiento existente, y menos sustituirlo; nuestro trabajo es b\u00e1sicamente de formaci\u00f3n, dirigido a todo tipo de profesionales (no exclusivamente empresarios o altos ejecutivos) y puede ser perfectamente complementario con otras iniciativas.<\/p>\n<p><strong>\u00bfEst\u00e1 previsto ofrecer informaci\u00f3n en su p\u00e1gina web en espa\u00f1ol?<\/strong><\/p>\n<p>Se acaba de reconstruir completamente la p\u00e1gina web (<a href=\"http:\/\/www.centesimusannus.va\/site\/www.centesimusannus.va\">www.centesimusannus.va<\/a>), est\u00e1 en italiano y sale en estos d\u00edas en ingl\u00e9s. Tenemos previsto traducirla tambi\u00e9n en espa\u00f1ol pr\u00f3ximamente.<\/p>\n<p><strong>\u00bfPuede darnos m\u00e1s detalles sobre el curso de e-learning?<\/strong><\/p>\n<p>Nuestro curso \u2018on line\u2019 est\u00e1 disponible desde primeros de noviembre, las inscripciones est\u00e1n abiertas para la versi\u00f3n en italiano. El participante puede entrar cuando quiera; la inscripci\u00f3n se hace por internet con pago por tarjeta del precio de 350 euros para todo el curso.<\/p>\n<p>El curso consta de doce m\u00f3dulos formativos que se realizar\u00e1n en un m\u00ednimo de 12 meses con interacci\u00f3n obligada y tutor\u00eda. Siempre y cuando el participante haya enviado su \u2018feed-back\u2019, el m\u00f3dulo siguiente se abre al final del mes de calendario. Los m\u00f3dulos contienen un texto b\u00e1sico breve , unas indicaciones bibliogr\u00e1ficas y unas preguntas a las que el participante est\u00e1 invitado a contestar. El curso se puede realizar de forma individual, por supuesto, pero puede servir tambi\u00e9n perfectamente de gui\u00f3n para un trabajo en grupo.<\/p>\n<p>En el contenido hemos trabajado en primer lugar con Monse\u00f1or Sergio Lanza, profesor de filosof\u00eda e inspirador de generaciones de estudiantes de la PU Lateranense y de la Universit\u00e0 Cattolica del Sacro Cuore, que desgraciadamente ha fallecido hace pocos meses. El camino trata de ser inductivo y participativo: se parte de una reflexi\u00f3n personal desde la fe y se va recorriendo luego uno tras otro distintos aspectos de la vida y de las instituciones econ\u00f3micas (la familia, la empresa y el riesgo, el trabajo y la tecnolog\u00eda, la responsabilidad social, la propiedad privada y el mercado, la interdependencia global y los mercados emergentes&#8230;) para desembocar al final sobre los principios de la doctrina que, para entonces, se han de ver como inspiraci\u00f3n fecunda, y no como enunciados te\u00f3ricos o gen\u00e9ricos. Cada cap\u00edtulo ha sido preparado por un especialista, todo bajo la coordinaci\u00f3n del Prof. Flavio Felice de la P.U. Lateranense.<\/p>\n<p>En los pr\u00f3ximos meses continuaremos trabajando para realizar adaptaciones del curso en ingl\u00e9s y posiblemente en espa\u00f1ol.<\/p>\n","protected":false},"excerpt":{"rendered":"<p>Domingo Sugranyes Bickel &#8211; \u2018Zenit\u2019 Interview, 12.11.2012 La idea original de la fundaci\u00f3n es movilizar a emprededores y profesionales \u00bfde todos los campos de la actividad social o solo el econ\u00f3mico? La Fundaci\u00f3n Centesimus Annus \u2013 Pro Pontifice, en su faceta de debate y formaci\u00f3n, es un lugar de encuentro, de di\u00e1logo y de oraci\u00f3n para profesionales del mundo econ\u00f3mico que quieran reflexionar sobre su actividad desde el punto de vista de la fe y manifestar expl\u00edcitamente su vinculaci\u00f3n con la sede apost\u00f3lica, como fuente e inspiradora de unos mensajes m\u00e1s actuales que nunca en el dif\u00edcil contexto econ\u00f3mico actual&#8230;.<\/p>\n","protected":false},"author":1,"featured_media":0,"parent":15520,"menu_order":29,"comment_status":"closed","ping_status":"closed","template":"","meta":[],"categories":[],"tags":[242],"_links":{"self":[{"href":"https:\/\/www.centesimusannus.va\/en\/wp-json\/wp\/v2\/pages\/4052"}],"collection":[{"href":"https:\/\/www.centesimusannus.va\/en\/wp-json\/wp\/v2\/pages"}],"about":[{"href":"https:\/\/www.centesimusannus.va\/en\/wp-json\/wp\/v2\/types\/page"}],"author":[{"embeddable":true,"href":"https:\/\/www.centesimusannus.va\/en\/wp-json\/wp\/v2\/users\/1"}],"replies":[{"embeddable":true,"href":"https:\/\/www.centesimusannus.va\/en\/wp-json\/wp\/v2\/comments?post=4052"}],"version-history":[{"count":0,"href":"https:\/\/www.centesimusannus.va\/en\/wp-json\/wp\/v2\/pages\/4052\/revisions"}],"up":[{"embeddable":true,"href":"https:\/\/www.centesimusannus.va\/en\/wp-json\/wp\/v2\/pages\/15520"}],"wp:attachment":[{"href":"https:\/\/www.centesimusannus.va\/en\/wp-json\/wp\/v2\/media?parent=4052"}],"wp:term":[{"taxonomy":"category","embeddable":true,"href":"https:\/\/www.centesimusannus.va\/en\/wp-json\/wp\/v2\/categories?post=4052"},{"taxonomy":"post_tag","embeddable":true,"href":"https:\/\/www.centesimusannus.va\/en\/wp-json\/wp\/v2\/tags?post=4052"}],"curies":[{"name":"wp","href":"https:\/\/api.w.org\/{rel}","templated":true}]}}