{"id":3960,"date":"2015-02-07T12:16:22","date_gmt":"2015-02-07T11:16:22","guid":{"rendered":"http:\/\/www.centesimusannus.va\/the-institution\/capp-statement\/2015-capp-statement\/"},"modified":"2022-01-10T09:42:59","modified_gmt":"2022-01-10T08:42:59","slug":"capp-statement-2015","status":"publish","type":"page","link":"https:\/\/www.centesimusannus.va\/en\/institution\/capp-statements\/capp-statement-2015\/","title":{"rendered":"2015 CAPP STATEMENT"},"content":{"rendered":"<h2 class=\"h1\">2015 CAPP STATEMENT<\/h2>\n<div class=\"container\">\n<div id=\"content_interna\" class=\"content-interna\">\n<div><strong><a href=\"http:\/\/www.centesimusannus.va\/media\/1vatc1424189963.pdf\" target=\"_blank\" rel=\"noopener\"><span id=\"yui_3_16_0_1_1426750970500_30013\"><span id=\"yui_3_16_0_1_1426750970500_30012\">A REFORMED MARKET ECONOMY:\u00a0<\/span>ENTREPRENEURSHIP FOR HUMAN DEVELOPEMENT<\/span><\/a><\/strong><\/div>\n<p><strong><a href=\"http:\/\/www.centesimusannus.va\/media\/1wfus1424190045.pdf\" target=\"_blank\" rel=\"noopener\">UNA ECONOM\u00cdA DE MERCADO REFORMADA: INICIATIVA EMPRESARIAL PARA EL DESARROLLO HUMANO<\/a><\/strong><\/p>\n<p><strong><a href=\"http:\/\/www.centesimusannus.va\/media\/2zftn1466495951.pdf\" target=\"_blank\" rel=\"noopener\">REFORMOVAN\u00c1 TRHOV\u00c1 EKONOMIKA: PODNIKANIE ZA \u013dUDSK\u00dd ROZVOJ<\/a><\/strong><\/p>\n<p><strong><a href=\"http:\/\/www.centesimusannus.va\/media\/1doar1436541601.pdf\" target=\"_blank\" rel=\"noopener\">POUR R\u00c9FORMER L\u00b4\u00c9CONOMIE DE MARCH\u00c9 : L\u2019ESPRIT D\u2019ENTREPRISE AU SERVICE DU D\u00c9VELOPPEMENT HUMAIN<\/a><\/strong><\/p>\n<p><strong><a href=\"http:\/\/www.centesimusannus.va\/media\/1mrqt1438252677.pdf\" target=\"_blank\" rel=\"noopener\">ZREFORMOWANA GOSPODARKA RYNKOWA. PRZEDSI\u0118BIORCZO\u015a\u0106 DLA ROZWOJU LUDZKO\u015aCI<\/a><\/strong><\/p>\n<\/div>\n<\/div>\n","protected":false},"excerpt":{"rendered":"<p>2015 CAPP STATEMENT A REFORMED MARKET ECONOMY:\u00a0ENTREPRENEURSHIP FOR HUMAN DEVELOPEMENT UNA ECONOM\u00cdA DE MERCADO REFORMADA: INICIATIVA EMPRESARIAL PARA EL DESARROLLO HUMANO REFORMOVAN\u00c1 TRHOV\u00c1 EKONOMIKA: PODNIKANIE ZA \u013dUDSK\u00dd ROZVOJ POUR R\u00c9FORMER L\u00b4\u00c9CONOMIE DE MARCH\u00c9 : L\u2019ESPRIT D\u2019ENTREPRISE AU SERVICE DU D\u00c9VELOPPEMENT HUMAIN ZREFORMOWANA GOSPODARKA RYNKOWA. PRZEDSI\u0118BIORCZO\u015a\u0106 DLA ROZWOJU LUDZKO\u015aCI<\/p>\n","protected":false},"author":1,"featured_media":0,"parent":15886,"menu_order":50,"comment_status":"closed","ping_status":"closed","template":"","meta":[],"categories":[],"tags":[366],"_links":{"self":[{"href":"https:\/\/www.centesimusannus.va\/en\/wp-json\/wp\/v2\/pages\/3960"}],"collection":[{"href":"https:\/\/www.centesimusannus.va\/en\/wp-json\/wp\/v2\/pages"}],"about":[{"href":"https:\/\/www.centesimusannus.va\/en\/wp-json\/wp\/v2\/types\/page"}],"author":[{"embeddable":true,"href":"https:\/\/www.centesimusannus.va\/en\/wp-json\/wp\/v2\/users\/1"}],"replies":[{"embeddable":true,"href":"https:\/\/www.centesimusannus.va\/en\/wp-json\/wp\/v2\/comments?post=3960"}],"version-history":[{"count":0,"href":"https:\/\/www.centesimusannus.va\/en\/wp-json\/wp\/v2\/pages\/3960\/revisions"}],"up":[{"embeddable":true,"href":"https:\/\/www.centesimusannus.va\/en\/wp-json\/wp\/v2\/pages\/15886"}],"wp:attachment":[{"href":"https:\/\/www.centesimusannus.va\/en\/wp-json\/wp\/v2\/media?parent=3960"}],"wp:term":[{"taxonomy":"category","embeddable":true,"href":"https:\/\/www.centesimusannus.va\/en\/wp-json\/wp\/v2\/categories?post=3960"},{"taxonomy":"post_tag","embeddable":true,"href":"https:\/\/www.centesimusannus.va\/en\/wp-json\/wp\/v2\/tags?post=3960"}],"curies":[{"name":"wp","href":"https:\/\/api.w.org\/{rel}","templated":true}]}}