{"id":25944,"date":"2026-03-30T12:54:27","date_gmt":"2026-03-30T10:54:27","guid":{"rendered":"https:\/\/www.centesimusannus.va\/activities\/local\/switzerland\/mercoledi-29-aprile-o-mercoledi-13-maggio-presentazione-del-libro-il-cammino-nel-deserto\/"},"modified":"2026-03-30T12:57:23","modified_gmt":"2026-03-30T10:57:23","slug":"mercoledi-29-aprile-o-mercoledi-13-maggio-presentazione-del-libro-il-cammino-nel-deserto","status":"publish","type":"page","link":"https:\/\/www.centesimusannus.va\/en\/activities\/local\/switzerland\/mercoledi-29-aprile-o-mercoledi-13-maggio-presentazione-del-libro-il-cammino-nel-deserto\/","title":{"rendered":"Wednwsday April 29th or Wednesday May 13rd. Presentazione del libro:  \u201cIL CAMMINO NEL DESERTO\u201d"},"content":{"rendered":"<p style=\"text-align: center;\"><strong>SAVE THE DATE<\/strong><\/p>\n<p style=\"text-align: center;\"><strong>Un viaggio personale, umano e professionale. Un racconto di sfida, fede e rinascita.<\/strong><\/p>\n<p style=\"text-align: center;\"><strong>Sono lieto di invitarvi alla presentazione del libro:<\/strong><\/p>\n<p style=\"text-align: center;\"><strong>\u201cIL CAMMINO NEL DESERTO\u201d<\/strong><\/p>\n<p>Dalla malattia alla rinascita, tra fede e leadership imprenditoriale.<\/p>\n<p><strong>Mercoled\u00ec 29 Aprile &#8211; Ore 18.30<\/strong><\/p>\n<p>Mondadori Bookstore \u2013 Piazza del Duomo angolo via Mazzini, Milano &#8211; Presenta: Marcello Foa<\/p>\n<p>O<\/p>\n<p><strong>Mercoled\u00ec 13 maggio, ore 18.30<\/strong><\/p>\n<p>Mondadori Bookstore &#8211; Galleria Alberto Sordi, Roma<\/p>\n<p>Sar\u00e0 un momento di condivisione autentica, dove racconter\u00f2 un percorso che ha cambiato profondamente la mia vita personale e professionale.<\/p>\n<p>Riccardo Braglia<\/p>\n<p><img class=\"wp-image-25939 aligncenter lazyload\" src=\"data:image\/gif;base64,R0lGODlhAQABAIAAAAAAAP\/\/\/yH5BAEAAAAALAAAAAABAAEAAAIBRAA7\" data-src=\"https:\/\/www.centesimusannus.va\/wp-content\/uploads\/2026\/03\/image0-2-300x222.jpeg\" alt=\"\" width=\"399\" height=\"295\" data-srcset=\"https:\/\/www.centesimusannus.va\/wp-content\/uploads\/2026\/03\/image0-2-300x222.jpeg 300w, https:\/\/www.centesimusannus.va\/wp-content\/uploads\/2026\/03\/image0-2-1024x757.jpeg 1024w, https:\/\/www.centesimusannus.va\/wp-content\/uploads\/2026\/03\/image0-2-768x568.jpeg 768w, https:\/\/www.centesimusannus.va\/wp-content\/uploads\/2026\/03\/image0-2.jpeg 1320w\" sizes=\"(max-width: 399px) 100vw, 399px\" \/><noscript><img class=\"wp-image-25939 aligncenter lazyload\" src=\"https:\/\/www.centesimusannus.va\/wp-content\/uploads\/2026\/03\/image0-2-300x222.jpeg\" alt=\"\" width=\"399\" height=\"295\" srcset=\"https:\/\/www.centesimusannus.va\/wp-content\/uploads\/2026\/03\/image0-2-300x222.jpeg 300w, https:\/\/www.centesimusannus.va\/wp-content\/uploads\/2026\/03\/image0-2-1024x757.jpeg 1024w, https:\/\/www.centesimusannus.va\/wp-content\/uploads\/2026\/03\/image0-2-768x568.jpeg 768w, https:\/\/www.centesimusannus.va\/wp-content\/uploads\/2026\/03\/image0-2.jpeg 1320w\" sizes=\"(max-width: 399px) 100vw, 399px\" \/><\/noscript><\/p>\n<p>&nbsp;<\/p>\n<div id=\"attachment_25941\" style=\"width: 410px\" class=\"wp-caption aligncenter\"><img aria-describedby=\"caption-attachment-25941\" class=\" wp-image-25941 lazyload\" src=\"data:image\/gif;base64,R0lGODlhAQABAIAAAAAAAP\/\/\/yH5BAEAAAAALAAAAAABAAEAAAIBRAA7\" data-src=\"https:\/\/www.centesimusannus.va\/wp-content\/uploads\/2026\/03\/image1-300x220.jpeg\" alt=\"\" width=\"400\" height=\"293\" data-srcset=\"https:\/\/www.centesimusannus.va\/wp-content\/uploads\/2026\/03\/image1-300x220.jpeg 300w, https:\/\/www.centesimusannus.va\/wp-content\/uploads\/2026\/03\/image1-1024x749.jpeg 1024w, https:\/\/www.centesimusannus.va\/wp-content\/uploads\/2026\/03\/image1-768x562.jpeg 768w, https:\/\/www.centesimusannus.va\/wp-content\/uploads\/2026\/03\/image1.jpeg 1320w\" sizes=\"(max-width: 400px) 100vw, 400px\" \/><p id=\"caption-attachment-25941\" class=\"wp-caption-text\"><noscript><img class=\" wp-image-25941 lazyload\" src=\"https:\/\/www.centesimusannus.va\/wp-content\/uploads\/2026\/03\/image1-300x220.jpeg\" alt=\"\" width=\"400\" height=\"293\" srcset=\"https:\/\/www.centesimusannus.va\/wp-content\/uploads\/2026\/03\/image1-300x220.jpeg 300w, https:\/\/www.centesimusannus.va\/wp-content\/uploads\/2026\/03\/image1-1024x749.jpeg 1024w, https:\/\/www.centesimusannus.va\/wp-content\/uploads\/2026\/03\/image1-768x562.jpeg 768w, https:\/\/www.centesimusannus.va\/wp-content\/uploads\/2026\/03\/image1.jpeg 1320w\" sizes=\"(max-width: 400px) 100vw, 400px\" \/><\/noscript> Screenshot<\/p><\/div>\n","protected":false},"excerpt":{"rendered":"<p>SAVE THE DATE Un viaggio personale, umano e professionale. Un racconto di sfida, fede e rinascita. Sono lieto di invitarvi alla presentazione del libro: \u201cIL CAMMINO NEL DESERTO\u201d Dalla malattia alla rinascita, tra fede e leadership imprenditoriale. Mercoled\u00ec 29 Aprile &#8211; Ore 18.30 Mondadori Bookstore \u2013 Piazza del Duomo angolo via Mazzini, Milano &#8211; Presenta: Marcello Foa O Mercoled\u00ec 13 maggio, ore 18.30 Mondadori Bookstore &#8211; Galleria Alberto Sordi, Roma Sar\u00e0 un momento di condivisione autentica, dove racconter\u00f2 un percorso che ha cambiato profondamente la mia vita personale e professionale. Riccardo Braglia &nbsp;<\/p>\n","protected":false},"author":2,"featured_media":0,"parent":20139,"menu_order":0,"comment_status":"closed","ping_status":"closed","template":"","meta":[],"categories":[],"tags":[3888,3886],"_links":{"self":[{"href":"https:\/\/www.centesimusannus.va\/en\/wp-json\/wp\/v2\/pages\/25944"}],"collection":[{"href":"https:\/\/www.centesimusannus.va\/en\/wp-json\/wp\/v2\/pages"}],"about":[{"href":"https:\/\/www.centesimusannus.va\/en\/wp-json\/wp\/v2\/types\/page"}],"author":[{"embeddable":true,"href":"https:\/\/www.centesimusannus.va\/en\/wp-json\/wp\/v2\/users\/2"}],"replies":[{"embeddable":true,"href":"https:\/\/www.centesimusannus.va\/en\/wp-json\/wp\/v2\/comments?post=25944"}],"version-history":[{"count":2,"href":"https:\/\/www.centesimusannus.va\/en\/wp-json\/wp\/v2\/pages\/25944\/revisions"}],"predecessor-version":[{"id":25946,"href":"https:\/\/www.centesimusannus.va\/en\/wp-json\/wp\/v2\/pages\/25944\/revisions\/25946"}],"up":[{"embeddable":true,"href":"https:\/\/www.centesimusannus.va\/en\/wp-json\/wp\/v2\/pages\/20139"}],"wp:attachment":[{"href":"https:\/\/www.centesimusannus.va\/en\/wp-json\/wp\/v2\/media?parent=25944"}],"wp:term":[{"taxonomy":"category","embeddable":true,"href":"https:\/\/www.centesimusannus.va\/en\/wp-json\/wp\/v2\/categories?post=25944"},{"taxonomy":"post_tag","embeddable":true,"href":"https:\/\/www.centesimusannus.va\/en\/wp-json\/wp\/v2\/tags?post=25944"}],"curies":[{"name":"wp","href":"https:\/\/api.w.org\/{rel}","templated":true}]}}