{"id":25910,"date":"2026-03-25T11:35:10","date_gmt":"2026-03-25T10:35:10","guid":{"rendered":"https:\/\/www.centesimusannus.va\/activities\/local\/italy\/milan\/25-marzo-limpatto-dellintelligenza-artificiale-sul-mondo-del-lavoro\/"},"modified":"2026-03-25T11:39:00","modified_gmt":"2026-03-25T10:39:00","slug":"25-marzo-limpatto-dellintelligenza-artificiale-sul-mondo-del-lavoro","status":"publish","type":"page","link":"https:\/\/www.centesimusannus.va\/en\/activities\/local\/italy\/milan\/25-marzo-limpatto-dellintelligenza-artificiale-sul-mondo-del-lavoro\/","title":{"rendered":"March 25th. L\u2019impatto dell\u2019intelligenza artificiale sul mondo del lavoro"},"content":{"rendered":"<p>Carissimi,<\/p>\n<p>facendo seguito alle precedenti comunicazioni , con la presente desidero ricordarvi i prossimi incontri del nostro Chapter.<\/p>\n<p>In particolare, vi segnalo l\u2019appuntamento di\u00a0<b>mercoled\u00ec 25 marzo<\/b>, che si terr\u00e0 presso il\u00a0<b>Centro Culturale di Milano<\/b>, in Largo Corsia dei Servi 4, gentilmente ospitati dal nostro socio\u00a0<b>Antonio Bonardo<\/b>.<\/p>\n<p>L\u2019incontro sar\u00e0 dedicato a un tema di grande attualit\u00e0 e rilevanza:\u00a0<b>l\u2019impatto dell\u2019intelligenza artificiale sul mondo del lavoro<\/b>, con un focus su come queste trasformazioni stiano gi\u00e0 incidendo in modo concreto nelle nostre realt\u00e0 professionali. Sar\u00e0 un\u2019importante occasione di confronto e approfondimento, che auspichiamo possa vedere una partecipazione ampia e attiva da parte di tutti.<\/p>\n<p>Colgo inoltre l\u2019occasione per ricordare il prossimo evento della\u00a0<b>II\u00b0 cena conviviale<\/b>, che si terr\u00e0 presso il\u00a0<b>Refettorio Ambrosiano<\/b>\u00a0il\u00a0<b>16 aprile alle ore 20:00<\/b>. In allegato trovate il programma dettagliato della serata, che vedr\u00e0 la partecipazione di due realt\u00e0 di grande rilievo nel nostro tessuto di solidariet\u00e0 ambrosiana.<\/p>\n<p>Ringraziandovi per l\u2019attenzione, vi aspetto mercoled\u00ec.<\/p>\n<p>Un cordiale saluto,<\/p>\n<p>Massimiliano<\/p>\n<p>Referente Capitolo di\u00a0 Milano<\/p>\n<p class=\"yiv3485660530MsoNormal\"><b>Prossimi appuntamenti del Capitolo<\/b><u><\/u><u><\/u><\/p>\n<p class=\"yiv3485660530MsoNormal\">\u00a0<u><\/u><u><\/u><\/p>\n<p class=\"yiv3485660530MsoNormal\">Vi invitiamo sin d\u2019ora a riservare in agenda le seguenti date:<u><\/u><u><\/u><\/p>\n<p class=\"yiv3485660530MsoNormal\"><b>Mercoled\u00ec 25 marzo 2026 \u2013 Ore 18:30<\/b><u><\/u><u><\/u><\/p>\n<p class=\"yiv3485660530MsoNormal\">\u00a0<u><\/u><u><\/u><\/p>\n<p class=\"yiv3485660530MsoNormal\">\ud83d\udccd\u00a0Centro Culturale di Milano in Largo Corsia dei Servi 4<u><\/u><u><\/u><\/p>\n<p class=\"yiv3485660530MsoNormal\"><b>Incontro su \u201cIntelligenza Artificiale e nuove frontiere del lavoro\u201d<\/b><u><\/u><u><\/u><\/p>\n<p class=\"yiv3485660530MsoNormal\">Interverranno il nostro socio\u00a0<b>Antonio Bonardo<\/b>\u00a0e\u00a0<b>GiGroup<\/b>.<u><\/u><u><\/u><\/p>\n<p class=\"yiv3485660530MsoNormal\">\u00a0<u><\/u><u><\/u><\/p>\n<p class=\"yiv3485660530MsoNormal\"><b>Gioved\u00ec 16 aprile 2026 \u2013 Ore 20:00<\/b><u><\/u><u><\/u><\/p>\n<p class=\"yiv3485660530MsoNormal\">\u00a0<u><\/u><u><\/u><\/p>\n<p class=\"yiv3485660530MsoNormal\">\ud83d\udccd\u00a0Refettorio Ambrosiano<u><\/u><u><\/u><\/p>\n<p class=\"yiv3485660530MsoNormal\"><b>Cena conviviale del Capitolo<\/b><u><\/u><u><\/u><\/p>\n<p class=\"yiv3485660530MsoNormal\">\ud83d\udccd\u00a0Seguiranno maggiori dettagli<u><\/u><u><\/u><\/p>\n","protected":false},"excerpt":{"rendered":"<p>Carissimi, facendo seguito alle precedenti comunicazioni , con la presente desidero ricordarvi i prossimi incontri del nostro Chapter. In particolare, vi segnalo l\u2019appuntamento di\u00a0mercoled\u00ec 25 marzo, che si terr\u00e0 presso il\u00a0Centro Culturale di Milano, in Largo Corsia dei Servi 4, gentilmente ospitati dal nostro socio\u00a0Antonio Bonardo. L\u2019incontro sar\u00e0 dedicato a un tema di grande attualit\u00e0 e rilevanza:\u00a0l\u2019impatto dell\u2019intelligenza artificiale sul mondo del lavoro, con un focus su come queste trasformazioni stiano gi\u00e0 incidendo in modo concreto nelle nostre realt\u00e0 professionali. Sar\u00e0 un\u2019importante occasione di confronto e approfondimento, che auspichiamo possa vedere una partecipazione ampia e attiva da parte di tutti&#8230;.<\/p>\n","protected":false},"author":2,"featured_media":0,"parent":14929,"menu_order":0,"comment_status":"closed","ping_status":"closed","template":"","meta":[],"categories":[],"tags":[3940],"_links":{"self":[{"href":"https:\/\/www.centesimusannus.va\/en\/wp-json\/wp\/v2\/pages\/25910"}],"collection":[{"href":"https:\/\/www.centesimusannus.va\/en\/wp-json\/wp\/v2\/pages"}],"about":[{"href":"https:\/\/www.centesimusannus.va\/en\/wp-json\/wp\/v2\/types\/page"}],"author":[{"embeddable":true,"href":"https:\/\/www.centesimusannus.va\/en\/wp-json\/wp\/v2\/users\/2"}],"replies":[{"embeddable":true,"href":"https:\/\/www.centesimusannus.va\/en\/wp-json\/wp\/v2\/comments?post=25910"}],"version-history":[{"count":2,"href":"https:\/\/www.centesimusannus.va\/en\/wp-json\/wp\/v2\/pages\/25910\/revisions"}],"predecessor-version":[{"id":25912,"href":"https:\/\/www.centesimusannus.va\/en\/wp-json\/wp\/v2\/pages\/25910\/revisions\/25912"}],"up":[{"embeddable":true,"href":"https:\/\/www.centesimusannus.va\/en\/wp-json\/wp\/v2\/pages\/14929"}],"wp:attachment":[{"href":"https:\/\/www.centesimusannus.va\/en\/wp-json\/wp\/v2\/media?parent=25910"}],"wp:term":[{"taxonomy":"category","embeddable":true,"href":"https:\/\/www.centesimusannus.va\/en\/wp-json\/wp\/v2\/categories?post=25910"},{"taxonomy":"post_tag","embeddable":true,"href":"https:\/\/www.centesimusannus.va\/en\/wp-json\/wp\/v2\/tags?post=25910"}],"curies":[{"name":"wp","href":"https:\/\/api.w.org\/{rel}","templated":true}]}}