{"id":25899,"date":"2026-03-23T16:11:14","date_gmt":"2026-03-23T15:11:14","guid":{"rendered":"https:\/\/www.centesimusannus.va\/activities\/local\/italy\/milan\/16-aprile-cena-di-fraternita-chapter-di-milano\/"},"modified":"2026-04-09T10:37:33","modified_gmt":"2026-04-09T08:37:33","slug":"16-aprile-cena-di-fraternita-chapter-di-milano","status":"publish","type":"page","link":"https:\/\/www.centesimusannus.va\/en\/activities\/local\/italy\/milan\/16-aprile-cena-di-fraternita-chapter-di-milano\/","title":{"rendered":"April 16th. Cena di fraternit\u00e0 chapter di Milano"},"content":{"rendered":"<div class=\"yiv7259395585WordSection1\">\n<p class=\"yiv7259395585gmail-p2\">Facendo seguito alle precedenti comunicazioni, desidero ricordarvi il prossimo incontro del nostro Chapter relativo alla <span class=\"yiv7259395585gmail-s1\"><b>II\u00b0 cena conviviale<\/b><\/span>, che si terr\u00e0 presso il Refettorio Ambrosiano il\u00a0<span class=\"yiv7259395585gmail-s1\"><b>16 aprile alle ore 20:00<\/b><\/span>.<\/p>\n<p class=\"yiv7259395585gmail-p3\">In allegato trovate il programma dettagliato della serata, che vedr\u00e0 la partecipazione di due realt\u00e0 di grande rilievo nel nostro tessuto di solidariet\u00e0 ambrosiana.<\/p>\n<p class=\"yiv7259395585gmail-p2\">A questo momento di fraternit\u00e0, accoglienza e apertura alle diverse realt\u00e0 sono invitati tutti i nostri soci, gli amici e chi desidera conoscere la nostra associazione e la realt\u00e0 ambrosiana.<\/p>\n<p class=\"yiv7259395585gmail-p3\">Desidero inoltre richiamare la vostra attenzione sul\u00a0<span class=\"yiv7259395585gmail-s1\"><b>Convegno Internazionale di maggio a Roma<\/b><\/span>, che rappresenta\u00a0<span class=\"yiv7259395585gmail-s1\"><b>un appuntamento centrale e strategico per la vita della nostra Fondazione<\/b><\/span>, nonch\u00e9 un\u2019occasione unica di confronto sui grandi temi economici e sociali a livello globale.<\/p>\n<p class=\"yiv7259395585gmail-p3\">Di seguito il link al sito della Fondazione con tutte le informazioni di dettaglio:<\/p>\n<p class=\"yiv7259395585gmail-p3\"><a href=\"https:\/\/urldefense.com\/v3\/__https:\/www.centesimusannus.va\/convegni\/convegni-2026\/__;!!DH1_-6f0AZm9Cg!fmJzk4wM1p_nv9Uv0GOUvn8VGW1YQuBOiuYEzp1p0_PBRo4yDsl_ISFpHlOyeN-lE8Yb0K41irUZpxgY9JB711mD5OC293k$\" target=\"_blank\" rel=\"nofollow noopener noreferrer\">https:\/\/www.centesimusannus.va\/convegni\/convegni-2026\/<\/a><\/p>\n<p>&nbsp;<\/p>\n<\/div>\n<p><img class=\" wp-image-25998 aligncenter lazyload\" src=\"data:image\/gif;base64,R0lGODlhAQABAIAAAAAAAP\/\/\/yH5BAEAAAAALAAAAAABAAEAAAIBRAA7\" data-src=\"https:\/\/www.centesimusannus.va\/wp-content\/uploads\/2026\/04\/WhatsApp-Image-2026-03-31-at-15.33.47-209x300.jpeg\" alt=\"\" width=\"296\" height=\"425\" data-srcset=\"https:\/\/www.centesimusannus.va\/wp-content\/uploads\/2026\/04\/WhatsApp-Image-2026-03-31-at-15.33.47-209x300.jpeg 209w, https:\/\/www.centesimusannus.va\/wp-content\/uploads\/2026\/04\/WhatsApp-Image-2026-03-31-at-15.33.47-713x1024.jpeg 713w, https:\/\/www.centesimusannus.va\/wp-content\/uploads\/2026\/04\/WhatsApp-Image-2026-03-31-at-15.33.47-768x1104.jpeg 768w, https:\/\/www.centesimusannus.va\/wp-content\/uploads\/2026\/04\/WhatsApp-Image-2026-03-31-at-15.33.47-1069x1536.jpeg 1069w, https:\/\/www.centesimusannus.va\/wp-content\/uploads\/2026\/04\/WhatsApp-Image-2026-03-31-at-15.33.47.jpeg 1103w\" sizes=\"(max-width: 296px) 100vw, 296px\" \/><noscript><img class=\" wp-image-25998 aligncenter lazyload\" src=\"https:\/\/www.centesimusannus.va\/wp-content\/uploads\/2026\/04\/WhatsApp-Image-2026-03-31-at-15.33.47-209x300.jpeg\" alt=\"\" width=\"296\" height=\"425\" srcset=\"https:\/\/www.centesimusannus.va\/wp-content\/uploads\/2026\/04\/WhatsApp-Image-2026-03-31-at-15.33.47-209x300.jpeg 209w, https:\/\/www.centesimusannus.va\/wp-content\/uploads\/2026\/04\/WhatsApp-Image-2026-03-31-at-15.33.47-713x1024.jpeg 713w, https:\/\/www.centesimusannus.va\/wp-content\/uploads\/2026\/04\/WhatsApp-Image-2026-03-31-at-15.33.47-768x1104.jpeg 768w, https:\/\/www.centesimusannus.va\/wp-content\/uploads\/2026\/04\/WhatsApp-Image-2026-03-31-at-15.33.47-1069x1536.jpeg 1069w, https:\/\/www.centesimusannus.va\/wp-content\/uploads\/2026\/04\/WhatsApp-Image-2026-03-31-at-15.33.47.jpeg 1103w\" sizes=\"(max-width: 296px) 100vw, 296px\" \/><\/noscript><\/p>\n<div class=\"yiv7259395585WordSection1\">\n<p><a href=\"https:\/\/www.centesimusannus.va\/wp-content\/uploads\/2026\/04\/1-Concept-Paper-IC-May-2026-final-13-3-2-1.pdf\" target=\"_blank\" rel=\"noopener\">SCARICA LOCANDINA CONFERENZA INTERNZIONALE<\/a><\/p>\n<p><a href=\"https:\/\/www.centesimusannus.va\/wp-content\/uploads\/2026\/04\/1-Concept-Paper-IC-May-2026-final-13-3-2-1.pdf\" target=\"_blank\" rel=\"noopener\">SCARICA CONCEPT PAPER CONFERENZA INTERNAZIONALE<\/a><\/p>\n<p class=\"yiv7259395585gmail-p3\">Ringraziandovi per l\u2019attenzione, vi attendiamo numerosi il\u00a0<span class=\"yiv7259395585gmail-s1\"><b>16 aprile al Refettorio Ambrosiano<\/b><\/span>.<\/p>\n<p class=\"yiv7259395585gmail-p2\">\n<p>Un cordiale saluto<\/p>\n<p>Massimiliano Riva<\/p>\n<p>Referente Capitolo di\u00a0 Milano<\/p>\n<\/div>\n","protected":false},"excerpt":{"rendered":"<p>Facendo seguito alle precedenti comunicazioni, desidero ricordarvi il prossimo incontro del nostro Chapter relativo alla II\u00b0 cena conviviale, che si terr\u00e0 presso il Refettorio Ambrosiano il\u00a016 aprile alle ore 20:00. In allegato trovate il programma dettagliato della serata, che vedr\u00e0 la partecipazione di due realt\u00e0 di grande rilievo nel nostro tessuto di solidariet\u00e0 ambrosiana. A questo momento di fraternit\u00e0, accoglienza e apertura alle diverse realt\u00e0 sono invitati tutti i nostri soci, gli amici e chi desidera conoscere la nostra associazione e la realt\u00e0 ambrosiana. Desidero inoltre richiamare la vostra attenzione sul\u00a0Convegno Internazionale di maggio a Roma, che rappresenta\u00a0un appuntamento centrale&#8230;<\/p>\n","protected":false},"author":2,"featured_media":0,"parent":14929,"menu_order":0,"comment_status":"closed","ping_status":"closed","template":"","meta":[],"categories":[],"tags":[3940,3938],"_links":{"self":[{"href":"https:\/\/www.centesimusannus.va\/en\/wp-json\/wp\/v2\/pages\/25899"}],"collection":[{"href":"https:\/\/www.centesimusannus.va\/en\/wp-json\/wp\/v2\/pages"}],"about":[{"href":"https:\/\/www.centesimusannus.va\/en\/wp-json\/wp\/v2\/types\/page"}],"author":[{"embeddable":true,"href":"https:\/\/www.centesimusannus.va\/en\/wp-json\/wp\/v2\/users\/2"}],"replies":[{"embeddable":true,"href":"https:\/\/www.centesimusannus.va\/en\/wp-json\/wp\/v2\/comments?post=25899"}],"version-history":[{"count":3,"href":"https:\/\/www.centesimusannus.va\/en\/wp-json\/wp\/v2\/pages\/25899\/revisions"}],"predecessor-version":[{"id":26001,"href":"https:\/\/www.centesimusannus.va\/en\/wp-json\/wp\/v2\/pages\/25899\/revisions\/26001"}],"up":[{"embeddable":true,"href":"https:\/\/www.centesimusannus.va\/en\/wp-json\/wp\/v2\/pages\/14929"}],"wp:attachment":[{"href":"https:\/\/www.centesimusannus.va\/en\/wp-json\/wp\/v2\/media?parent=25899"}],"wp:term":[{"taxonomy":"category","embeddable":true,"href":"https:\/\/www.centesimusannus.va\/en\/wp-json\/wp\/v2\/categories?post=25899"},{"taxonomy":"post_tag","embeddable":true,"href":"https:\/\/www.centesimusannus.va\/en\/wp-json\/wp\/v2\/tags?post=25899"}],"curies":[{"name":"wp","href":"https:\/\/api.w.org\/{rel}","templated":true}]}}