{"id":25683,"date":"2026-02-25T20:08:13","date_gmt":"2026-02-25T19:08:13","guid":{"rendered":"https:\/\/www.centesimusannus.va\/activities\/local\/malta\/10-marzo-2026-adam-jesus-and-ai-the-need-for-a-sound-anthropology-in-our-times\/"},"modified":"2026-02-25T20:11:16","modified_gmt":"2026-02-25T19:11:16","slug":"10-marzo-2026-adam-jesus-and-ai-the-need-for-a-sound-anthropology-in-our-times","status":"publish","type":"page","link":"https:\/\/www.centesimusannus.va\/en\/activities\/local\/malta\/10-marzo-2026-adam-jesus-and-ai-the-need-for-a-sound-anthropology-in-our-times\/","title":{"rendered":"March 10th, 2026. \u201cAdam, Jesus and AI: The Need for a Sound Anthropology in Our Times.\u201d"},"content":{"rendered":"<p>Please save the date for our upcoming Lenten Talk, which will be held on\u00a0<strong>10th March at 6:30pm<\/strong>.<\/p>\n<p>We are pleased to welcome\u00a0<strong>Fr Jean Gove<\/strong>, who will deliver a reflection entitled:<\/p>\n<p><strong>\u201cAdam, Jesus and AI: The Need for a Sound Anthropology in Our Times.\u201d<\/strong><br \/>\n<em>(Original title: \u201cAdam, \u0120es\u00f9 u AI. Il-b\u017conn ta\u2019 antropolo\u0121ija sana fi\u017c-\u017cminijiet tal-lum.\u201d)<\/em><\/p>\n<p>This talk will explore the anthropological challenges emerging in the contemporary context, particularly in light of rapid technological developments, and will offer a timely reflection for the Lenten season.<\/p>\n<p>Further details regarding the venue and practical arrangements will follow shortly. In the meantime, we warmly encourage you to mark your calendars and join us for what promises to be a thought-provoking and enriching evening.<\/p>\n","protected":false},"excerpt":{"rendered":"<p>Please save the date for our upcoming Lenten Talk, which will be held on\u00a010th March at 6:30pm. We are pleased to welcome\u00a0Fr Jean Gove, who will deliver a reflection entitled: \u201cAdam, Jesus and AI: The Need for a Sound Anthropology in Our Times.\u201d (Original title: \u201cAdam, \u0120es\u00f9 u AI. Il-b\u017conn ta\u2019 antropolo\u0121ija sana fi\u017c-\u017cminijiet tal-lum.\u201d) This talk will explore the anthropological challenges emerging in the contemporary context, particularly in light of rapid technological developments, and will offer a timely reflection for the Lenten season. Further details regarding the venue and practical arrangements will follow shortly. In the meantime, we warmly&#8230;<\/p>\n","protected":false},"author":2,"featured_media":0,"parent":15009,"menu_order":0,"comment_status":"closed","ping_status":"closed","template":"","meta":[],"categories":[],"tags":[4145],"_links":{"self":[{"href":"https:\/\/www.centesimusannus.va\/en\/wp-json\/wp\/v2\/pages\/25683"}],"collection":[{"href":"https:\/\/www.centesimusannus.va\/en\/wp-json\/wp\/v2\/pages"}],"about":[{"href":"https:\/\/www.centesimusannus.va\/en\/wp-json\/wp\/v2\/types\/page"}],"author":[{"embeddable":true,"href":"https:\/\/www.centesimusannus.va\/en\/wp-json\/wp\/v2\/users\/2"}],"replies":[{"embeddable":true,"href":"https:\/\/www.centesimusannus.va\/en\/wp-json\/wp\/v2\/comments?post=25683"}],"version-history":[{"count":3,"href":"https:\/\/www.centesimusannus.va\/en\/wp-json\/wp\/v2\/pages\/25683\/revisions"}],"predecessor-version":[{"id":25686,"href":"https:\/\/www.centesimusannus.va\/en\/wp-json\/wp\/v2\/pages\/25683\/revisions\/25686"}],"up":[{"embeddable":true,"href":"https:\/\/www.centesimusannus.va\/en\/wp-json\/wp\/v2\/pages\/15009"}],"wp:attachment":[{"href":"https:\/\/www.centesimusannus.va\/en\/wp-json\/wp\/v2\/media?parent=25683"}],"wp:term":[{"taxonomy":"category","embeddable":true,"href":"https:\/\/www.centesimusannus.va\/en\/wp-json\/wp\/v2\/categories?post=25683"},{"taxonomy":"post_tag","embeddable":true,"href":"https:\/\/www.centesimusannus.va\/en\/wp-json\/wp\/v2\/tags?post=25683"}],"curies":[{"name":"wp","href":"https:\/\/api.w.org\/{rel}","templated":true}]}}