{"id":25658,"date":"2026-02-24T11:45:24","date_gmt":"2026-02-24T10:45:24","guid":{"rendered":"https:\/\/www.centesimusannus.va\/activities\/local\/italy\/san-miniato\/giovedi-16-aprile-2026-una-fraternita-impossibile-la-sfida-perenne-della-pace\/"},"modified":"2026-04-13T15:58:52","modified_gmt":"2026-04-13T13:58:52","slug":"giovedi-16-aprile-2026-una-fraternita-impossibile-la-sfida-perenne-della-pace","status":"publish","type":"page","link":"https:\/\/www.centesimusannus.va\/en\/activities\/local\/italy\/san-miniato\/giovedi-16-aprile-2026-una-fraternita-impossibile-la-sfida-perenne-della-pace\/","title":{"rendered":"Gioved\u00ec 16 Aprile 2026.Una fraternit\u00e0 impossibile? La sfida perenne della pace"},"content":{"rendered":"<h2><strong>Gioved\u00ec 16 Aprile 2026.Una fraternit\u00e0 impossibile? La sfida perenne della pace<\/strong><\/h2>\n<p><a href=\"https:\/\/www.centesimusannus.va\/wp-content\/uploads\/2026\/04\/Locandina-Convegno-16.04.2026.pdf\" target=\"_blank\" rel=\"noopener\"><strong>SCARICA LOCANDINA<\/strong><\/a><\/p>\n","protected":false},"excerpt":{"rendered":"<p>Gioved\u00ec 16 Aprile 2026.Una fraternit\u00e0 impossibile? La sfida perenne della pace SCARICA LOCANDINA<\/p>\n","protected":false},"author":2,"featured_media":0,"parent":16527,"menu_order":0,"comment_status":"closed","ping_status":"closed","template":"","meta":[],"categories":[],"tags":[4126,4124],"_links":{"self":[{"href":"https:\/\/www.centesimusannus.va\/en\/wp-json\/wp\/v2\/pages\/25658"}],"collection":[{"href":"https:\/\/www.centesimusannus.va\/en\/wp-json\/wp\/v2\/pages"}],"about":[{"href":"https:\/\/www.centesimusannus.va\/en\/wp-json\/wp\/v2\/types\/page"}],"author":[{"embeddable":true,"href":"https:\/\/www.centesimusannus.va\/en\/wp-json\/wp\/v2\/users\/2"}],"replies":[{"embeddable":true,"href":"https:\/\/www.centesimusannus.va\/en\/wp-json\/wp\/v2\/comments?post=25658"}],"version-history":[{"count":4,"href":"https:\/\/www.centesimusannus.va\/en\/wp-json\/wp\/v2\/pages\/25658\/revisions"}],"predecessor-version":[{"id":26023,"href":"https:\/\/www.centesimusannus.va\/en\/wp-json\/wp\/v2\/pages\/25658\/revisions\/26023"}],"up":[{"embeddable":true,"href":"https:\/\/www.centesimusannus.va\/en\/wp-json\/wp\/v2\/pages\/16527"}],"wp:attachment":[{"href":"https:\/\/www.centesimusannus.va\/en\/wp-json\/wp\/v2\/media?parent=25658"}],"wp:term":[{"taxonomy":"category","embeddable":true,"href":"https:\/\/www.centesimusannus.va\/en\/wp-json\/wp\/v2\/categories?post=25658"},{"taxonomy":"post_tag","embeddable":true,"href":"https:\/\/www.centesimusannus.va\/en\/wp-json\/wp\/v2\/tags?post=25658"}],"curies":[{"name":"wp","href":"https:\/\/api.w.org\/{rel}","templated":true}]}}