{"id":25351,"date":"2026-01-28T15:31:25","date_gmt":"2026-01-28T14:31:25","guid":{"rendered":"https:\/\/www.centesimusannus.va\/activities\/local\/italy\/milan\/4-febbraio-2026-economia-e-pace\/"},"modified":"2026-01-28T15:34:59","modified_gmt":"2026-01-28T14:34:59","slug":"4-febbraio-2026-economia-e-pace","status":"publish","type":"page","link":"https:\/\/www.centesimusannus.va\/en\/activities\/local\/italy\/milan\/4-febbraio-2026-economia-e-pace\/","title":{"rendered":"4 febbraio 2026. &#8220;Economia e pace&#8221;"},"content":{"rendered":"<p><strong>4 FEBBRAIO &#8211; <\/strong>INCONTRO DEL CHAPTER DI MILANO IN CURIA<strong>, <\/strong>PER CONTINUARE A RIFLETTERE SUL TEMA <em><strong>&#8220;ECONOMIA E PACE&#8221;<\/strong>,<\/em> CON IL CONTRIBUTO DELLA SOCIA PATRIZIA GIANGUALANO, SUGLI ASPETTI DELLA &#8220;SOSTENIBILIT\u00c0&#8221;, INTESA COME STABILIT\u00c0 SOCIALE, BUONA GOVERNANCE E RESPONSABILIT\u00c0 DELLE IMPRESE.<\/p>\n","protected":false},"excerpt":{"rendered":"<p>4 FEBBRAIO &#8211; INCONTRO DEL CHAPTER DI MILANO IN CURIA, PER CONTINUARE A RIFLETTERE SUL TEMA &#8220;ECONOMIA E PACE&#8221;, CON IL CONTRIBUTO DELLA SOCIA PATRIZIA GIANGUALANO, SUGLI ASPETTI DELLA &#8220;SOSTENIBILIT\u00c0&#8221;, INTESA COME STABILIT\u00c0 SOCIALE, BUONA GOVERNANCE E RESPONSABILIT\u00c0 DELLE IMPRESE.<\/p>\n","protected":false},"author":2,"featured_media":0,"parent":14929,"menu_order":0,"comment_status":"closed","ping_status":"closed","template":"","meta":[],"categories":[],"tags":[3940],"_links":{"self":[{"href":"https:\/\/www.centesimusannus.va\/en\/wp-json\/wp\/v2\/pages\/25351"}],"collection":[{"href":"https:\/\/www.centesimusannus.va\/en\/wp-json\/wp\/v2\/pages"}],"about":[{"href":"https:\/\/www.centesimusannus.va\/en\/wp-json\/wp\/v2\/types\/page"}],"author":[{"embeddable":true,"href":"https:\/\/www.centesimusannus.va\/en\/wp-json\/wp\/v2\/users\/2"}],"replies":[{"embeddable":true,"href":"https:\/\/www.centesimusannus.va\/en\/wp-json\/wp\/v2\/comments?post=25351"}],"version-history":[{"count":1,"href":"https:\/\/www.centesimusannus.va\/en\/wp-json\/wp\/v2\/pages\/25351\/revisions"}],"predecessor-version":[{"id":25352,"href":"https:\/\/www.centesimusannus.va\/en\/wp-json\/wp\/v2\/pages\/25351\/revisions\/25352"}],"up":[{"embeddable":true,"href":"https:\/\/www.centesimusannus.va\/en\/wp-json\/wp\/v2\/pages\/14929"}],"wp:attachment":[{"href":"https:\/\/www.centesimusannus.va\/en\/wp-json\/wp\/v2\/media?parent=25351"}],"wp:term":[{"taxonomy":"category","embeddable":true,"href":"https:\/\/www.centesimusannus.va\/en\/wp-json\/wp\/v2\/categories?post=25351"},{"taxonomy":"post_tag","embeddable":true,"href":"https:\/\/www.centesimusannus.va\/en\/wp-json\/wp\/v2\/tags?post=25351"}],"curies":[{"name":"wp","href":"https:\/\/api.w.org\/{rel}","templated":true}]}}