{"id":24681,"date":"2025-10-31T11:45:11","date_gmt":"2025-10-31T10:45:11","guid":{"rendered":"https:\/\/www.centesimusannus.va\/activities\/local\/italy\/trento\/27-novembre-prospettive-di-sviluppo-della-fondazione\/"},"modified":"2025-11-12T15:39:04","modified_gmt":"2025-11-12T14:39:04","slug":"27-novembre-prospettive-di-sviluppo-della-fondazione","status":"publish","type":"page","link":"https:\/\/www.centesimusannus.va\/en\/activities\/local\/italy\/trento\/27-novembre-prospettive-di-sviluppo-della-fondazione\/","title":{"rendered":"27th November. &#8220;Sharing best practices and development prospects&#8221;"},"content":{"rendered":"<p style=\"text-align: center;\"><strong>Buone pratiche e prospettive di sviluppo<\/strong><\/p>\n<p><strong>In data 27 novembre 2025, alle ore 18<\/strong>, il Segretario Generale della FCAPP, dott. Oliver Galea, incontrer\u00e0 a Trento il Chapter locale del Trentino Alto Adige. L\u2019incontro sar\u00e0 l\u2019occasione di fare il punto, assieme all\u2019Assistente ecclesiastico don Bruno Tomasi, sulle prospettive di sviluppo della Fondazione, di condividere le migliori pratiche dei Gruppi nazionali e internazionali per promuovere l\u2019approfondimento e lo studio scientifico &#8211; soprattutto presso i giovani &#8211; del pensiero sociale della Chiesa e di aprire un dialogo sui principali temi del mondo di oggi.<\/p>\n<p class=\"yiv3517251060MsoNormal\">Care Amiche e Amici,<u><\/u><u><\/u><\/p>\n<div>\n<p class=\"yiv3517251060MsoNormal\">con piacere vi annuncio un evento speciale, che si terr\u00e0 gioved\u00ec 27 novembre 2025, ad ore 18.00 presso la sala conferenze di ISA Spa, in\u00a0<a href=\"https:\/\/www.google.com\/maps\/search\/viale+Adriano+Olivetti,+36+a+Trento?entry=gmail&amp;source=g\" target=\"_blank\" rel=\"nofollow noopener noreferrer\">viale Adriano Olivetti, 36 a Trento<\/a>.<u><\/u><u><\/u><\/p>\n<\/div>\n<div>\n<p class=\"yiv3517251060MsoNormal\">Sar\u00e0 con noi il <b>Segretario generale della nostra Fondazione, dott. Oliver Galea<\/b>, il quale &#8211; oltre a fare il punto sullo stato attuale della FCAPP &#8211; introdurr\u00e0 il tema della serata, ossia la\u00a0<b>Blockchain, i token e il Pensiero sociale della Chiesa<\/b>.<u><\/u><\/p>\n<\/div>\n<div>\n<p class=\"yiv3517251060MsoNormal\"><u><\/u>Si tratta di una relazione che a prima vista potrebbe suscitare perplessit\u00e0, se non fosse che la Blockchain gi\u00e0 ora condiziona molti aspetti della nostra vita presente e si pone come una tecnologia non neutrale, capace cio\u00e8 di riflettere e far adottare valori, priorit\u00e0 e intenzioni dei suoi creatori.<\/p>\n<\/div>\n<div>\n<p class=\"yiv3517251060MsoNormal\">Probabilmente tutti ne abbiamo sentito parlare ma forse non tutti abbiamo le idee chiare in merito a che cosa precisamente essa sia. Se ci rivolgiamo a Trenitalia per ottenere un banale ristoro in caso di ritardo di un Frecciarossa oppure se acquistiamo criptovalute in entrambi i casi facciamo riferimento alla tecnologia Blockchain. Essa, peraltro, potrebbe contribuire &#8211; quale strumento di accountability &#8211; alla mitigazione di molti aspetti problematici dell\u2019intelligenza artificiale generativa, come potremo capire nel corso della serata. Le relazioni con il Pensiero sociale della Chiesa, poi, saranno varie e &#8211; per certi versi &#8211; sorprendenti.<u><\/u><u><\/u><\/p>\n<\/div>\n<div>\n<p class=\"yiv3517251060MsoNormal\">Grazie ai buoni uffici del nostro Andrea Bolner sar\u00e0 con noi il <b>prof. Luigi Telesca<\/b>, che oltre essere un imprenditore attivo in questo campo, insegna Blockchain presso la Facolt\u00e0 di Ingegneria di Trento.<u><\/u><\/p>\n<\/div>\n<div>\n<p class=\"yiv3517251060MsoNormal\">Vi posso assicurare che questo incontro arricchir\u00e0 la nostra conoscenza in un settore chiave e di grande attualit\u00e0 e sono del pari certo che la presenza vostra e degli ospiti che vorrete invitare contribuir\u00e0 a rendere la serata particolarmente proficua ed interessante.<u><\/u><\/p>\n<\/div>\n<div>\n<p class=\"yiv3517251060MsoNormal\">Vi aspetto, dunque, e Vi saluto cordialmente.<u><\/u><\/p>\n<div>\n<p class=\"yiv3517251060MsoNormal\">Luca Filagrana<u><\/u><u><\/u><\/p>\n<\/div>\n<div>\n<p class=\"yiv3517251060MsoNormal\">Referente per il Gruppo del Trentino e Alto Adige della FCAPP<\/p>\n<p><img class=\"wp-image-24737 aligncenter lazyload\" src=\"data:image\/gif;base64,R0lGODlhAQABAIAAAAAAAP\/\/\/yH5BAEAAAAALAAAAAABAAEAAAIBRAA7\" data-src=\"https:\/\/www.centesimusannus.va\/wp-content\/uploads\/2025\/11\/SAVE-THE-DATE-27-NOV-25-ore-18-300x207.jpg\" alt=\"\" width=\"623\" height=\"430\" data-srcset=\"https:\/\/www.centesimusannus.va\/wp-content\/uploads\/2025\/11\/SAVE-THE-DATE-27-NOV-25-ore-18-300x207.jpg 300w, https:\/\/www.centesimusannus.va\/wp-content\/uploads\/2025\/11\/SAVE-THE-DATE-27-NOV-25-ore-18-1024x708.jpg 1024w, https:\/\/www.centesimusannus.va\/wp-content\/uploads\/2025\/11\/SAVE-THE-DATE-27-NOV-25-ore-18-768x531.jpg 768w, https:\/\/www.centesimusannus.va\/wp-content\/uploads\/2025\/11\/SAVE-THE-DATE-27-NOV-25-ore-18-1536x1062.jpg 1536w, https:\/\/www.centesimusannus.va\/wp-content\/uploads\/2025\/11\/SAVE-THE-DATE-27-NOV-25-ore-18-2048x1416.jpg 2048w\" sizes=\"(max-width: 623px) 100vw, 623px\" \/><noscript><img class=\"wp-image-24737 aligncenter lazyload\" src=\"https:\/\/www.centesimusannus.va\/wp-content\/uploads\/2025\/11\/SAVE-THE-DATE-27-NOV-25-ore-18-300x207.jpg\" alt=\"\" width=\"623\" height=\"430\" srcset=\"https:\/\/www.centesimusannus.va\/wp-content\/uploads\/2025\/11\/SAVE-THE-DATE-27-NOV-25-ore-18-300x207.jpg 300w, https:\/\/www.centesimusannus.va\/wp-content\/uploads\/2025\/11\/SAVE-THE-DATE-27-NOV-25-ore-18-1024x708.jpg 1024w, https:\/\/www.centesimusannus.va\/wp-content\/uploads\/2025\/11\/SAVE-THE-DATE-27-NOV-25-ore-18-768x531.jpg 768w, https:\/\/www.centesimusannus.va\/wp-content\/uploads\/2025\/11\/SAVE-THE-DATE-27-NOV-25-ore-18-1536x1062.jpg 1536w, https:\/\/www.centesimusannus.va\/wp-content\/uploads\/2025\/11\/SAVE-THE-DATE-27-NOV-25-ore-18-2048x1416.jpg 2048w\" sizes=\"(max-width: 623px) 100vw, 623px\" \/><\/noscript><\/p>\n<\/div>\n<p><a href=\"https:\/\/www.centesimusannus.va\/wp-content\/uploads\/2025\/11\/SAVE-THE-DATE-27-NOV-25-ore-18.jpg\" target=\"_blank\" rel=\"noopener\"><strong>SCARICA LOCANDINA<\/strong><\/a><\/p>\n<\/div>\n","protected":false},"excerpt":{"rendered":"<p>Buone pratiche e prospettive di sviluppo In data 27 novembre 2025, alle ore 18, il Segretario Generale della FCAPP, dott. Oliver Galea, incontrer\u00e0 a Trento il Chapter locale del Trentino Alto Adige. L\u2019incontro sar\u00e0 l\u2019occasione di fare il punto, assieme all\u2019Assistente ecclesiastico don Bruno Tomasi, sulle prospettive di sviluppo della Fondazione, di condividere le migliori pratiche dei Gruppi nazionali e internazionali per promuovere l\u2019approfondimento e lo studio scientifico &#8211; soprattutto presso i giovani &#8211; del pensiero sociale della Chiesa e di aprire un dialogo sui principali temi del mondo di oggi. Care Amiche e Amici, con piacere vi annuncio un&#8230;<\/p>\n","protected":false},"author":2,"featured_media":0,"parent":14975,"menu_order":0,"comment_status":"closed","ping_status":"closed","template":"","meta":[],"categories":[],"tags":[3464],"_links":{"self":[{"href":"https:\/\/www.centesimusannus.va\/en\/wp-json\/wp\/v2\/pages\/24681"}],"collection":[{"href":"https:\/\/www.centesimusannus.va\/en\/wp-json\/wp\/v2\/pages"}],"about":[{"href":"https:\/\/www.centesimusannus.va\/en\/wp-json\/wp\/v2\/types\/page"}],"author":[{"embeddable":true,"href":"https:\/\/www.centesimusannus.va\/en\/wp-json\/wp\/v2\/users\/2"}],"replies":[{"embeddable":true,"href":"https:\/\/www.centesimusannus.va\/en\/wp-json\/wp\/v2\/comments?post=24681"}],"version-history":[{"count":5,"href":"https:\/\/www.centesimusannus.va\/en\/wp-json\/wp\/v2\/pages\/24681\/revisions"}],"predecessor-version":[{"id":24740,"href":"https:\/\/www.centesimusannus.va\/en\/wp-json\/wp\/v2\/pages\/24681\/revisions\/24740"}],"up":[{"embeddable":true,"href":"https:\/\/www.centesimusannus.va\/en\/wp-json\/wp\/v2\/pages\/14975"}],"wp:attachment":[{"href":"https:\/\/www.centesimusannus.va\/en\/wp-json\/wp\/v2\/media?parent=24681"}],"wp:term":[{"taxonomy":"category","embeddable":true,"href":"https:\/\/www.centesimusannus.va\/en\/wp-json\/wp\/v2\/categories?post=24681"},{"taxonomy":"post_tag","embeddable":true,"href":"https:\/\/www.centesimusannus.va\/en\/wp-json\/wp\/v2\/tags?post=24681"}],"curies":[{"name":"wp","href":"https:\/\/api.w.org\/{rel}","templated":true}]}}