{"id":23766,"date":"2025-05-20T12:05:33","date_gmt":"2025-05-20T10:05:33","guid":{"rendered":"https:\/\/www.centesimusannus.va\/activities\/local\/italy\/verona\/il-31-maggio-alle-ore-10-00-presso-il-salone-dei-vescovi-di-verona-si-terra-il-meeting-organizzato-dal-gruppo-di-centesimus-annus-sulla-cyber-security\/"},"modified":"2025-05-26T09:22:45","modified_gmt":"2025-05-26T07:22:45","slug":"il-31-maggio-alle-ore-10-00-presso-il-salone-dei-vescovi-di-verona-si-terra-il-meeting-organizzato-dal-gruppo-di-centesimus-annus-sulla-cyber-security","status":"publish","type":"page","link":"https:\/\/www.centesimusannus.va\/en\/activities\/local\/italy\/verona\/il-31-maggio-alle-ore-10-00-presso-il-salone-dei-vescovi-di-verona-si-terra-il-meeting-organizzato-dal-gruppo-di-centesimus-annus-sulla-cyber-security\/","title":{"rendered":"A meeting organized by the Centesimus Annus group on Cyber Security will be held on May 31st at 10 a.m. at the Bishops&#8217; Hall in Verona."},"content":{"rendered":"<p class=\"yiv3681470419MsoNormal\">Vi informiamo che\u00a0<b>sabato 31 maggio alle ore 10.00<\/b>\u00a0presso il Salone dei Vescovi Piazza Vescovado 7, Verona, si terr\u00e0 un incontro organizzato dal\u00a0<b>Gruppo di Verona<\/b>\u00a0della Fondazione Centesimus Annus Pro Pontifice\u00a0dal\u00a0titolo:<\/p>\n<p class=\"yiv3681470419MsoNormal\" align=\"center\"><b><i>\u201cLA CYBERSECURITY IN<\/i><\/b><\/p>\n<p class=\"yiv3681470419MsoNormal\" align=\"center\"><b><i>ITALIA TRA MINACCE<\/i><\/b><\/p>\n<p class=\"yiv3681470419MsoNormal\" align=\"center\"><b><i>INVISIBILI E TECNOLOGIE DIROMPENTI:<\/i><\/b><\/p>\n<p class=\"yiv3681470419MsoNormal\" align=\"center\"><b><i>una sfida complessa\u201d\u00a0<\/i><\/b><\/p>\n<p class=\"yiv3681470419MsoNormal\"><i><u>Intervengono:<\/u><\/i><\/p>\n<p class=\"yiv3681470419MsoNormal\"><i>Prof. Paolo Garonna\u00a0\u00a0\u00a0 Presidente FCAPP<\/i><\/p>\n<p class=\"yiv3681470419MsoNormal\"><i>Dott. Carlo A. Adami\u00a0\u00a0 Referente FCAPP Verona<\/i><\/p>\n<p class=\"yiv3681470419MsoNormal\"><i>Mons. Renzo Beghini\u00a0\u00a0 Assistente Ecclesiastico FCAPP Verona\u00a0<\/i><\/p>\n<p class=\"yiv3681470419MsoNormal\"><i>S.E. Rev. Monsignor Domenico Pompili\u00a0\u00a0 Vescovo di Verona<\/i><\/p>\n<p class=\"yiv3681470419MsoNormal\"><i><u>LECTIO MAGISTRALIS<\/u><\/i><\/p>\n<p class=\"yiv3681470419MsoNormal\"><i>Ammiraglio Gianluca Galasso\u00a0\u00a0 Direttore delle Operazioni e Gestione delle crisi Cyber dell\u2019Agenzia per la Cybersicurezza Nazionale (ACN)<\/i>.<\/p>\n<p class=\"yiv3681470419MsoNormal\"><b><i>Siete pregati di confermare la partecipazione alla seguente mail:\u00a0<a href=\"mailto:comunicazione@fondazionetoniolo.it\" target=\"_blank\" rel=\"nofollow noopener noreferrer\">comunicazione@fondazionetoniolo.it<\/a>\u00a0\u00a0 Tel: 045-9276221<\/i><\/b><\/p>\n<p><strong>Il 31 Maggio alle ore 10.00 presso il Salone dei Vescovi di Verona si terr\u00e0 il meeting organizzato dal gruppo di Centesimus Annus sulla Cyber Security. <\/strong><\/p>\n<p>L\u2019incontro vuole affrontare la sfida della rapida diffusione dell\u2019intelligenza artificiale e delle crescenti minacce alla Cyber Sicurezza nel nostro Paese che vede colpiti tutti i settori e anche il panorama religioso come pi\u00f9 volte ci ha trasmesso Papa Francesco con i suoi messaggi tecnologici atti ad evidenziare il pericolo di un sovvertimento della convivenza civile dove <strong>\u201cil potere della tecnica \u00e8 ormai arrivato ad impoverire l\u2019umanit\u00e0\u201d<\/strong>. Viene posta attenzione alle implicazioni umane, etiche, sociali, giuridiche e spirituali di tale evoluzione con particolare riferimento alla protezione dei dati sensibili e alla prevenzione del furto d\u2019identit\u00e0.<\/p>\n<p>La Dottrina Sociale della Chiesa offre un quadro valoriale utile per orientare l\u2019uso della tecnologia: centralit\u00e0 della persona, bene comune, solidariet\u00e0 e giustizia. La Sicurezza Digitale non \u00e8 quindi solo una questione tecnica, ma una espressione concreta della cura per l\u2019altro e della responsabilit\u00e0 collettiva. La tecnologia deve servire l\u2019uomo e non dominarlo promuovendo un progresso integrale che rispetti in toto la dignit\u00e0 umana. In tal senso la Cyber Sicurezza diventa un ambito di discernimento morale e di alto impegno sociale. Solo dall\u2019unione della innovazione e dei valori si potr\u00e0 costruire un futuro di pace.<\/p>\n<p>Carlo A. Adami<br \/>\nReferente della Fondazione Centesimus Annus Pro Pontifice di Verona<\/p>\n<p><a href=\"https:\/\/www.centesimusannus.va\/wp-content\/uploads\/2025\/05\/locandina-31-maggio1.pdf\" target=\"_blank\" rel=\"noopener\"><strong>SCARICA LOCANDINA<\/strong><\/a><\/p>\n","protected":false},"excerpt":{"rendered":"<p>Vi informiamo che\u00a0sabato 31 maggio alle ore 10.00\u00a0presso il Salone dei Vescovi Piazza Vescovado 7, Verona, si terr\u00e0 un incontro organizzato dal\u00a0Gruppo di Verona\u00a0della Fondazione Centesimus Annus Pro Pontifice\u00a0dal\u00a0titolo: \u201cLA CYBERSECURITY IN ITALIA TRA MINACCE INVISIBILI E TECNOLOGIE DIROMPENTI: una sfida complessa\u201d\u00a0 Intervengono: Prof. Paolo Garonna\u00a0\u00a0\u00a0 Presidente FCAPP Dott. Carlo A. Adami\u00a0\u00a0 Referente FCAPP Verona Mons. Renzo Beghini\u00a0\u00a0 Assistente Ecclesiastico FCAPP Verona\u00a0 S.E. Rev. Monsignor Domenico Pompili\u00a0\u00a0 Vescovo di Verona LECTIO MAGISTRALIS Ammiraglio Gianluca Galasso\u00a0\u00a0 Direttore delle Operazioni e Gestione delle crisi Cyber dell\u2019Agenzia per la Cybersicurezza Nazionale (ACN). Siete pregati di confermare la partecipazione alla seguente mail:\u00a0comunicazione@fondazionetoniolo.it\u00a0\u00a0 Tel: 045-9276221&#8230;<\/p>\n","protected":false},"author":2,"featured_media":0,"parent":20260,"menu_order":0,"comment_status":"closed","ping_status":"closed","template":"","meta":[],"categories":[],"tags":[3123],"_links":{"self":[{"href":"https:\/\/www.centesimusannus.va\/en\/wp-json\/wp\/v2\/pages\/23766"}],"collection":[{"href":"https:\/\/www.centesimusannus.va\/en\/wp-json\/wp\/v2\/pages"}],"about":[{"href":"https:\/\/www.centesimusannus.va\/en\/wp-json\/wp\/v2\/types\/page"}],"author":[{"embeddable":true,"href":"https:\/\/www.centesimusannus.va\/en\/wp-json\/wp\/v2\/users\/2"}],"replies":[{"embeddable":true,"href":"https:\/\/www.centesimusannus.va\/en\/wp-json\/wp\/v2\/comments?post=23766"}],"version-history":[{"count":2,"href":"https:\/\/www.centesimusannus.va\/en\/wp-json\/wp\/v2\/pages\/23766\/revisions"}],"predecessor-version":[{"id":23786,"href":"https:\/\/www.centesimusannus.va\/en\/wp-json\/wp\/v2\/pages\/23766\/revisions\/23786"}],"up":[{"embeddable":true,"href":"https:\/\/www.centesimusannus.va\/en\/wp-json\/wp\/v2\/pages\/20260"}],"wp:attachment":[{"href":"https:\/\/www.centesimusannus.va\/en\/wp-json\/wp\/v2\/media?parent=23766"}],"wp:term":[{"taxonomy":"category","embeddable":true,"href":"https:\/\/www.centesimusannus.va\/en\/wp-json\/wp\/v2\/categories?post=23766"},{"taxonomy":"post_tag","embeddable":true,"href":"https:\/\/www.centesimusannus.va\/en\/wp-json\/wp\/v2\/tags?post=23766"}],"curies":[{"name":"wp","href":"https:\/\/api.w.org\/{rel}","templated":true}]}}