{"id":17419,"date":"2022-01-05T15:33:45","date_gmt":"2022-01-05T14:33:45","guid":{"rendered":"https:\/\/www.centesimusannus.va\/activities\/local\/italy\/milan\/audience-with-the-archbishop-of-milan-and-forthcoming-meetings-of-the-milan-chapter\/"},"modified":"2022-01-05T15:34:49","modified_gmt":"2022-01-05T14:34:49","slug":"audience-with-the-archbishop-of-milan-and-forthcoming-meetings-of-the-milan-chapter","status":"publish","type":"page","link":"https:\/\/www.centesimusannus.va\/en\/activities\/local\/italy\/milan\/audience-with-the-archbishop-of-milan-and-forthcoming-meetings-of-the-milan-chapter\/","title":{"rendered":"Audience with the Archbishop of Milan and forthcoming meetings of the Milan Chapter"},"content":{"rendered":"<p>[vc_row][vc_column][vc_column_text]Carissimi,<\/p>\n<p style=\"text-align: justify;\">il prossimo 22 dicembre alle ore 18.00 presso l&#8217;Arcivescovado in Piazza Fontana 2 si terr\u00e0 il consueto incontro natalizio con l&#8217;Arcivescovo di Milano Mario Delpini insieme ad altre associazioni che si occupano di Dottrina Sociale. Al termine dell&#8217;incontro, intorno alle ore 19.15, vi sar\u00e0 la Santa Messa celebrata da Mons. Bressan, vicario per la cultura, la carit\u00e0, la missione e l&#8217;azione sociale, presso la chiesa di San Bernardino in piazza Santo Stefano. Successivamente (ore 20.30 circa) si terr\u00e0 il consueto momento conviviale presso l&#8217;Osteria Piemontese.<\/p>\n<p style=\"text-align: justify;\">Con l&#8217;occasione Vi comunico le date degli incontri del Chapter di Milano programmati fino a Giugno 2022:<\/p>\n<p style=\"text-align: justify;\">&#8211; Luned\u00ec 17 gennaio<\/p>\n<p style=\"text-align: justify;\">&#8211; Sabato 19 Febbraio verr\u00e0 organizzata una giornata\/pomeriggio di approfondimento e riflessione sul tema prescelto per la prossima Convention Internazionale, sar\u00e0 anche un momento di preghiera comune con la S. Messa prefestiva e pranzo (se l&#8217;incontro si terr\u00e0 a partire dalla mattina) o la cena (se si svolger\u00e0 di pomeriggio\/sera). La sede probabile sar\u00e0 Villa Cagnola a Varese.<\/p>\n<p style=\"text-align: justify;\">&#8211; Luned\u00ec 14 marzo<\/p>\n<p style=\"text-align: justify;\">&#8211; Luned\u00ec 4 aprile<\/p>\n<p>&#8211; Luned\u00ec 9 maggio<\/p>\n<p>Un caro saluto<\/p>\n<p>Piero Candido Tagliabue<\/p>\n<p>Segretario Coordinatore Chapter di Milano FCAPP[\/vc_column_text][\/vc_column][\/vc_row]<\/p>\n","protected":false},"excerpt":{"rendered":"<p>[vc_row][vc_column][vc_column_text]Carissimi, il prossimo 22 dicembre alle ore 18.00 presso l&#8217;Arcivescovado in Piazza Fontana 2 si terr\u00e0 il consueto incontro natalizio con l&#8217;Arcivescovo di Milano Mario Delpini insieme ad altre associazioni che si occupano di Dottrina Sociale. Al termine dell&#8217;incontro, intorno alle ore 19.15, vi sar\u00e0 la Santa Messa celebrata da Mons. Bressan, vicario per la cultura, la carit\u00e0, la missione e l&#8217;azione sociale, presso la chiesa di San Bernardino in piazza Santo Stefano. Successivamente (ore 20.30 circa) si terr\u00e0 il consueto momento conviviale presso l&#8217;Osteria Piemontese. Con l&#8217;occasione Vi comunico le date degli incontri del Chapter di Milano programmati fino&#8230;<\/p>\n","protected":false},"author":2,"featured_media":0,"parent":14929,"menu_order":0,"comment_status":"closed","ping_status":"closed","template":"","meta":[],"categories":[],"tags":[821],"_links":{"self":[{"href":"https:\/\/www.centesimusannus.va\/en\/wp-json\/wp\/v2\/pages\/17419"}],"collection":[{"href":"https:\/\/www.centesimusannus.va\/en\/wp-json\/wp\/v2\/pages"}],"about":[{"href":"https:\/\/www.centesimusannus.va\/en\/wp-json\/wp\/v2\/types\/page"}],"author":[{"embeddable":true,"href":"https:\/\/www.centesimusannus.va\/en\/wp-json\/wp\/v2\/users\/2"}],"replies":[{"embeddable":true,"href":"https:\/\/www.centesimusannus.va\/en\/wp-json\/wp\/v2\/comments?post=17419"}],"version-history":[{"count":0,"href":"https:\/\/www.centesimusannus.va\/en\/wp-json\/wp\/v2\/pages\/17419\/revisions"}],"up":[{"embeddable":true,"href":"https:\/\/www.centesimusannus.va\/en\/wp-json\/wp\/v2\/pages\/14929"}],"wp:attachment":[{"href":"https:\/\/www.centesimusannus.va\/en\/wp-json\/wp\/v2\/media?parent=17419"}],"wp:term":[{"taxonomy":"category","embeddable":true,"href":"https:\/\/www.centesimusannus.va\/en\/wp-json\/wp\/v2\/categories?post=17419"},{"taxonomy":"post_tag","embeddable":true,"href":"https:\/\/www.centesimusannus.va\/en\/wp-json\/wp\/v2\/tags?post=17419"}],"curies":[{"name":"wp","href":"https:\/\/api.w.org\/{rel}","templated":true}]}}