{"id":14565,"date":"2021-09-23T11:55:29","date_gmt":"2021-09-23T09:55:29","guid":{"rendered":"http:\/\/www.centesimusannus.va\/?page_id=14565"},"modified":"2021-12-10T11:10:52","modified_gmt":"2021-12-10T10:10:52","slug":"event-on-september-30th-2021-infrastructure-and-sustainability-which-future-for-italy","status":"publish","type":"page","link":"https:\/\/www.centesimusannus.va\/en\/activities\/local\/italy\/rome\/event-on-september-30th-2021-infrastructure-and-sustainability-which-future-for-italy\/","title":{"rendered":"Event on September 30th, 2021: &#8220;Infrastructure and sustainability: which future for Italy&#8221;"},"content":{"rendered":"<p style=\"text-align: justify;\">Cari tutti,<\/p>\n<p style=\"text-align: justify;\">la presente per ricordarVi l&#8217;appuntamento del 30 settembre dal titolo <a href=\"https:\/\/www.centesimusannus.va\/wp-content\/uploads\/2021\/09\/evento-infrastrutture_30.9.21-final-version.pdf\" target=\"_blank\" rel=\"noopener\"><strong>&#8220;Infrastrutture e sostenibilit\u00e0: quale futuro per l&#8217;Italia&#8221;<\/strong><\/a>, organizzato dal Chapter di Roma della Fondazione in collaborazione con Webuild Group, che ringrazio con particolare riferimento al Presidente Dott. Donato Iacovone che ha permesso la realizzazione dell&#8217;evento. Ringrazio fin da ora anche il Dott. Vianello, Corporate Identity &amp; Communication Director di Webuild e tutto il suo team.<\/p>\n<p style=\"text-align: justify;\">Colgo anche questa occasione per ringraziare l&#8217;Ing. Alessandro Focaracci per il suo intervento e per il sostegno dato all&#8217;evento attraverso Prometeoengineering.it, di cui \u00e8 AD. Ringrazio inoltre la Profssa Cristina Finocchi Mahne per la sua partecipazione in qualit\u00e0 di membro del Comitato Scientifico della Fondazione. A nome di tutti trover\u00f2 occasione anche di ringraziare l&#8217;Ing Sessa per la sua partecipazione, agevolata attraverso l&#8217;Ing Focaracci. Non da ultimo vorrei ringraziare il Dott. Fabio Bolzetta, giornalista, che moderer\u00e0 l&#8217;evento.<\/p>\n<p style=\"text-align: justify;\">Ringrazio inoltre la Profssa Anna Maria Tarantola per l&#8217;apertura dei lavori, Mons. Liberio Andreatta per la consueta disponibilit\u00e0 a fornirci questa bellissima location e il Dott. Eutimio Tiliacos per il suo sostegno sugli aspetti organizzativi. Ringrazio infine il Dott. Costantino Coros per il supporto su tutti gli aspetti legati alla comunicazione.<\/p>\n<p style=\"text-align: justify;\">Sar\u00e0 l&#8217;occasione per parlare di infrastrutture e di soluzioni green in questo settore, con un riferimento alle opportunit\u00e0 derivanti dal PNRR.<\/p>\n<p style=\"text-align: justify;\">L&#8217;evento si terr\u00e0 in data <strong>30 settembre alle 17:45 presso il Palazzo Maffei-Marescotti in Via della Pigna 13 a Roma<\/strong>. Ci sar\u00e0 una tavola rotonda e, a seguire, un light cocktail. I posti, per motivi organizzativi, sono limitati e gi\u00e0 in parte &#8220;riservati&#8221; dalle persone che finora mi hanno dato conferma di partecipazione.<\/p>\n<p style=\"text-align: justify;\">Per consentire un&#8217;ampia partecipazione sar\u00e0 possibile seguire l&#8217;evento anche in streaming attraverso il seguente accesso:<\/p>\n<p style=\"text-align: justify;\"><a href=\"https:\/\/us02web.zoom.us\/j\/89005550964\" target=\"_blank\" rel=\"noopener\">https:\/\/us02web.zoom.us\/j\/89005550964<\/a><\/p>\n<p style=\"text-align: justify;\">Per accreditarsi invece all\u2019evento (chi mi avesse mandato richiesta non deve rifarlo) Vi chiediamo cortesemente di inviare una mail al sottoscritto, al seguente indirizzo, possibilmente entro e non oltre il giorno 24 settembre pv. Dar\u00f2 precedenza seguendo l&#8217;ordine delle richieste arrivate. Chi poi non potesse venire cortesemente me lo faccia sapere.<\/p>\n<p style=\"text-align: justify;\"><a href=\"mailto:fcapp.alessandro.rizzo@gmail.com\" target=\"_blank\" rel=\"noopener\">fcapp.alessandro.rizzo@gmail.com<\/a><\/p>\n<p style=\"text-align: justify;\">Ovviamente sar\u00e0 necessario esibire green pass all&#8217;ingresso.<br \/>\nUn cordiale saluto<\/p>\n<p style=\"text-align: justify;\"><strong>Alessandro Rizzo<\/strong><br \/>\n<strong>Refernte FCAPP Roma<\/strong><\/p>\n","protected":false},"excerpt":{"rendered":"<p>Cari tutti, la presente per ricordarVi l&#8217;appuntamento del 30 settembre dal titolo &#8220;Infrastrutture e sostenibilit\u00e0: quale futuro per l&#8217;Italia&#8221;, organizzato dal Chapter di Roma della Fondazione in collaborazione con Webuild Group, che ringrazio con particolare riferimento al Presidente Dott. Donato Iacovone che ha permesso la realizzazione dell&#8217;evento. Ringrazio fin da ora anche il Dott. Vianello, Corporate Identity &amp; Communication Director di Webuild e tutto il suo team. Colgo anche questa occasione per ringraziare l&#8217;Ing. Alessandro Focaracci per il suo intervento e per il sostegno dato all&#8217;evento attraverso Prometeoengineering.it, di cui \u00e8 AD. Ringrazio inoltre la Profssa Cristina Finocchi Mahne per&#8230;<\/p>\n","protected":false},"author":2,"featured_media":0,"parent":15027,"menu_order":0,"comment_status":"closed","ping_status":"closed","template":"","meta":[],"categories":[],"tags":[123],"_links":{"self":[{"href":"https:\/\/www.centesimusannus.va\/en\/wp-json\/wp\/v2\/pages\/14565"}],"collection":[{"href":"https:\/\/www.centesimusannus.va\/en\/wp-json\/wp\/v2\/pages"}],"about":[{"href":"https:\/\/www.centesimusannus.va\/en\/wp-json\/wp\/v2\/types\/page"}],"author":[{"embeddable":true,"href":"https:\/\/www.centesimusannus.va\/en\/wp-json\/wp\/v2\/users\/2"}],"replies":[{"embeddable":true,"href":"https:\/\/www.centesimusannus.va\/en\/wp-json\/wp\/v2\/comments?post=14565"}],"version-history":[{"count":0,"href":"https:\/\/www.centesimusannus.va\/en\/wp-json\/wp\/v2\/pages\/14565\/revisions"}],"up":[{"embeddable":true,"href":"https:\/\/www.centesimusannus.va\/en\/wp-json\/wp\/v2\/pages\/15027"}],"wp:attachment":[{"href":"https:\/\/www.centesimusannus.va\/en\/wp-json\/wp\/v2\/media?parent=14565"}],"wp:term":[{"taxonomy":"category","embeddable":true,"href":"https:\/\/www.centesimusannus.va\/en\/wp-json\/wp\/v2\/categories?post=14565"},{"taxonomy":"post_tag","embeddable":true,"href":"https:\/\/www.centesimusannus.va\/en\/wp-json\/wp\/v2\/tags?post=14565"}],"curies":[{"name":"wp","href":"https:\/\/api.w.org\/{rel}","templated":true}]}}