{"id":14089,"date":"2021-04-19T19:05:14","date_gmt":"2021-04-19T17:05:14","guid":{"rendered":"http:\/\/www.centesimusannus.va\/?page_id=14089"},"modified":"2021-12-10T11:10:36","modified_gmt":"2021-12-10T10:10:36","slug":"event-from-one-to-many-fcapp-trento-group-april-15th-at-18-00","status":"publish","type":"page","link":"https:\/\/www.centesimusannus.va\/en\/activities\/local\/italy\/trento\/event-from-one-to-many-fcapp-trento-group-april-15th-at-18-00\/","title":{"rendered":"EVENT FROM ONE TO MANY, FCAPP Trento Group &#8211; April 15th at 18.00"},"content":{"rendered":"<p>Carissimi\/e<\/p>\n<p style=\"text-align: justify;\">desidero informarVi che\u00a0<strong>Gioved\u00ec 15 aprile<\/strong>\u00a0a partire\u00a0<strong>dalle ore 18:00<\/strong>\u00a0si terr\u00e0 su piattaforma ZOOM un incontro organizzato dal gruppo di TRENTO della Fondazione Centesimus Annus pro Pontifice che rientra nell\u2019iniziativa \u201cDa uno a molti\u201d e che affronter\u00e0 il tema<\/p>\n<p style=\"text-align: center;\">\u00ab<strong>L&#8217;uomo e la scienza nella pandemia: l&#8217;esperienza dell&#8217;incertezza<\/strong>\u00bb<\/p>\n<p style=\"text-align: center;\">\u00a0<strong>Aprir\u00e0 i lavori la Presidente della Fondazione Prof.ssa Anna Maria Tarantola<\/strong><\/p>\n<p style=\"text-align: center;\"><strong>Interverr\u00e0 il Dott. Stefano Merler, matematico ed epidemiologo, direttore del centro di ricerca sulle epidemie della Fondazione Bruno Kessler di Trento<\/strong><\/p>\n<p style=\"text-align: justify;\">Il prof. Michele Andreaus, Ordinario di Economia Aziendale presso l\u2019Universit\u00e0 di Trento, moderer\u00e0 la discussione.<\/p>\n<p style=\"text-align: justify;\">La partecipazione \u00e8 estesa a tutti gli Aderenti, Assistenti Ecclesiastici di lingua italiana ed Amici della Fondazione che vogliano connettersi all\u2019evento.<\/p>\n<p style=\"text-align: justify;\">\u00a0Qui di seguito il link per accedere:<\/p>\n<p style=\"text-align: center;\">\u00a0<strong><a href=\"https:\/\/us02web.zoom.us\/j\/84394573270\">https:\/\/us02web.zoom.us\/j\/84394573270<\/a><\/strong><\/p>\n<p><a href=\"https:\/\/www.centesimusannus.va\/wp-content\/uploads\/2021\/04\/TRENTO-LOCANDINA-EVENTO-15-aprile-2021.pdf\" target=\"_blank\" rel=\"noopener\"><strong>Scarica l&#8217;invito\u00a0<\/strong><\/a><\/p>\n<p>Con i pi\u00f9 cordiali saluti<\/p>\n<p>Luca Filagrana<\/p>\n<p>Referente FCAPP Trento<\/p>\n","protected":false},"excerpt":{"rendered":"<p>Carissimi\/e desidero informarVi che\u00a0Gioved\u00ec 15 aprile\u00a0a partire\u00a0dalle ore 18:00\u00a0si terr\u00e0 su piattaforma ZOOM un incontro organizzato dal gruppo di TRENTO della Fondazione Centesimus Annus pro Pontifice che rientra nell\u2019iniziativa \u201cDa uno a molti\u201d e che affronter\u00e0 il tema \u00abL&#8217;uomo e la scienza nella pandemia: l&#8217;esperienza dell&#8217;incertezza\u00bb \u00a0Aprir\u00e0 i lavori la Presidente della Fondazione Prof.ssa Anna Maria Tarantola Interverr\u00e0 il Dott. Stefano Merler, matematico ed epidemiologo, direttore del centro di ricerca sulle epidemie della Fondazione Bruno Kessler di Trento Il prof. Michele Andreaus, Ordinario di Economia Aziendale presso l\u2019Universit\u00e0 di Trento, moderer\u00e0 la discussione. La partecipazione \u00e8 estesa a tutti gli&#8230;<\/p>\n","protected":false},"author":2,"featured_media":0,"parent":14975,"menu_order":0,"comment_status":"closed","ping_status":"closed","template":"","meta":[],"categories":[],"tags":[114],"_links":{"self":[{"href":"https:\/\/www.centesimusannus.va\/en\/wp-json\/wp\/v2\/pages\/14089"}],"collection":[{"href":"https:\/\/www.centesimusannus.va\/en\/wp-json\/wp\/v2\/pages"}],"about":[{"href":"https:\/\/www.centesimusannus.va\/en\/wp-json\/wp\/v2\/types\/page"}],"author":[{"embeddable":true,"href":"https:\/\/www.centesimusannus.va\/en\/wp-json\/wp\/v2\/users\/2"}],"replies":[{"embeddable":true,"href":"https:\/\/www.centesimusannus.va\/en\/wp-json\/wp\/v2\/comments?post=14089"}],"version-history":[{"count":0,"href":"https:\/\/www.centesimusannus.va\/en\/wp-json\/wp\/v2\/pages\/14089\/revisions"}],"up":[{"embeddable":true,"href":"https:\/\/www.centesimusannus.va\/en\/wp-json\/wp\/v2\/pages\/14975"}],"wp:attachment":[{"href":"https:\/\/www.centesimusannus.va\/en\/wp-json\/wp\/v2\/media?parent=14089"}],"wp:term":[{"taxonomy":"category","embeddable":true,"href":"https:\/\/www.centesimusannus.va\/en\/wp-json\/wp\/v2\/categories?post=14089"},{"taxonomy":"post_tag","embeddable":true,"href":"https:\/\/www.centesimusannus.va\/en\/wp-json\/wp\/v2\/tags?post=14089"}],"curies":[{"name":"wp","href":"https:\/\/api.w.org\/{rel}","templated":true}]}}