{"id":13880,"date":"2021-03-08T13:12:05","date_gmt":"2021-03-08T12:12:05","guid":{"rendered":"http:\/\/www.centesimusannus.va\/?page_id=13880"},"modified":"2021-12-10T11:13:00","modified_gmt":"2021-12-10T10:13:00","slug":"march-8th-2021-next-milan-chapter-meeting","status":"publish","type":"page","link":"https:\/\/www.centesimusannus.va\/en\/activities\/local\/italy\/milan\/march-8th-2021-next-milan-chapter-meeting\/","title":{"rendered":"March 8th, 2021 &#8211; next Milan Chapter meeting"},"content":{"rendered":"<p>Carissimi,<\/p>\n<p style=\"text-align: justify;\">luned\u00ec 8 marzo si terr\u00e0 la prossima riunione del Chapter di Milano che si svolger\u00e0 anche questa volta a distanza mediante la piattaforma Zoom.<\/p>\n<p style=\"text-align: justify;\">L&#8217;appuntamento \u00e8 come di consueto per le ore 18.00.<\/p>\n<p style=\"text-align: justify;\">Lo scopo della riunione sar\u00e0 di proseguire la riflessione per individuare l&#8217;argomento sul quale lavoreremo come Chapter di Milano nell&#8217;ambito del tema che caratterizzer\u00e0\u00a0la Convention Internazionale 2021:<\/p>\n<p><strong>&#8220;Solidarity, cooperation and responsibility: the antidotes to fight injustices, inequalities and exclusions&#8221;<\/strong><\/p>\n<p>A presto, un caro saluto<\/p>\n<p>Piero Candido Tagliabue<\/p>\n<p>Segretario Coordinatore Chapter di Milano FCAPP<\/p>\n","protected":false},"excerpt":{"rendered":"<p>Carissimi, luned\u00ec 8 marzo si terr\u00e0 la prossima riunione del Chapter di Milano che si svolger\u00e0 anche questa volta a distanza mediante la piattaforma Zoom. L&#8217;appuntamento \u00e8 come di consueto per le ore 18.00. Lo scopo della riunione sar\u00e0 di proseguire la riflessione per individuare l&#8217;argomento sul quale lavoreremo come Chapter di Milano nell&#8217;ambito del tema che caratterizzer\u00e0\u00a0la Convention Internazionale 2021: &#8220;Solidarity, cooperation and responsibility: the antidotes to fight injustices, inequalities and exclusions&#8221; A presto, un caro saluto Piero Candido Tagliabue Segretario Coordinatore Chapter di Milano FCAPP<\/p>\n","protected":false},"author":2,"featured_media":0,"parent":14929,"menu_order":0,"comment_status":"closed","ping_status":"closed","template":"","meta":[],"categories":[],"tags":[108],"_links":{"self":[{"href":"https:\/\/www.centesimusannus.va\/en\/wp-json\/wp\/v2\/pages\/13880"}],"collection":[{"href":"https:\/\/www.centesimusannus.va\/en\/wp-json\/wp\/v2\/pages"}],"about":[{"href":"https:\/\/www.centesimusannus.va\/en\/wp-json\/wp\/v2\/types\/page"}],"author":[{"embeddable":true,"href":"https:\/\/www.centesimusannus.va\/en\/wp-json\/wp\/v2\/users\/2"}],"replies":[{"embeddable":true,"href":"https:\/\/www.centesimusannus.va\/en\/wp-json\/wp\/v2\/comments?post=13880"}],"version-history":[{"count":0,"href":"https:\/\/www.centesimusannus.va\/en\/wp-json\/wp\/v2\/pages\/13880\/revisions"}],"up":[{"embeddable":true,"href":"https:\/\/www.centesimusannus.va\/en\/wp-json\/wp\/v2\/pages\/14929"}],"wp:attachment":[{"href":"https:\/\/www.centesimusannus.va\/en\/wp-json\/wp\/v2\/media?parent=13880"}],"wp:term":[{"taxonomy":"category","embeddable":true,"href":"https:\/\/www.centesimusannus.va\/en\/wp-json\/wp\/v2\/categories?post=13880"},{"taxonomy":"post_tag","embeddable":true,"href":"https:\/\/www.centesimusannus.va\/en\/wp-json\/wp\/v2\/tags?post=13880"}],"curies":[{"name":"wp","href":"https:\/\/api.w.org\/{rel}","templated":true}]}}