{"id":13829,"date":"2021-02-22T16:49:11","date_gmt":"2021-02-22T15:49:11","guid":{"rendered":"http:\/\/www.centesimusannus.va\/?page_id=13829"},"modified":"2021-12-10T11:15:05","modified_gmt":"2021-12-10T10:15:05","slug":"s-domenicos-tuesdays-fraternity-and-friendship-february-23rd-at-21-00-via-you-tube","status":"publish","type":"page","link":"https:\/\/www.centesimusannus.va\/en\/activities\/local\/italy\/bologna\/s-domenicos-tuesdays-fraternity-and-friendship-february-23rd-at-21-00-via-you-tube\/","title":{"rendered":"S. Domenico&#8217;s Tuesdays &#8211; Fraternity and friendship February 23rd at 21.00 via you tube"},"content":{"rendered":"<p>Carissimi,<\/p>\n<p>abbiamo organizzato insieme al Centro San Domenico l\u2019evento in oggetto tramite il canale you tube.<\/p>\n<p>Con piacere vi comunico che ci sar\u00e0 il nostro Cardinale Arcivesco Matteo Zuppi.<\/p>\n<p>Interverranno anche il Prof.Aime e Maurizio Landini segretario della CGIL.<\/p>\n<p>Sottostante trovate il programma e le indicazione di collegamento.<\/p>\n<p>Buon proseguimento<\/p>\n<p>Alberto Neri<\/p>\n<p style=\"text-align: center;\"><strong>I MARTEDI\u2019 DI SAN DOMENICO<\/strong><\/p>\n<p style=\"text-align: center;\"><strong>Marted\u00ec 23 febbraio 2021 &#8211; ore 21<\/strong><\/p>\n<p style=\"text-align: center;\">51\u00b0 anno &#8211; 11\u00b0 incontro<\/p>\n<p><em><strong>Fratelli tutti<\/strong><\/em><\/p>\n<p><em><strong>Fraternit\u00e0 e amicizia sociale<\/strong><\/em><\/p>\n<p><strong>Card. Matteo Maria Zuppi<\/strong><\/p>\n<p>Arcivescovo di Bologna<\/p>\n<p><strong>Marco Aime<\/strong><\/p>\n<p>Docente di antropologia culturale \u2013 Universit\u00e0 di Genova<\/p>\n<p><strong>Maurizio Landini<\/strong><\/p>\n<p>Segretario generale CGIL<\/p>\n<p><strong>I MARTEDI\u2019 DI SAN DOMENICO<\/strong><\/p>\n<p>51\u00b0 anno &#8211; 11\u00b0 incontro<\/p>\n<p style=\"text-align: justify;\">Ecco come papa Francesco annuncia l\u2019intento che ha voluto perseguire con l\u2019ultima sua enciclica \u201cFratelli tutti:\u201d Desidero tanto che, in questo tempo che ci \u00e8 dato di vivere, riconoscendo la dignit\u00e0 di ogni persona umana, possiamo far rinascere fra tutti un\u2019aspirazione mondiale alla fraternit\u00e0. Tra tutti: \u201c ecco un bellissimo segreto per sognare e rendere la nostra vita una bella avventura. Nessuno pu\u00f2 affrontare la vita in modo isolato (\u2026). C\u2019\u00e8 bisogno di una comunit\u00e0 che ci sostenga, che ci aiuti e nella quale ci aiutiamo a vicenda a guardare avanti. Com\u2019\u00e8 importante sognare insieme! (\u2026) da soli si rischia di avere dei miraggi, per cui vedi quello che non c\u2019\u00e8; i sogni si costruiscono insieme\u201d. Sogniamo come un\u2019unica umanit\u00e0, come viandanti fatti della stessa carne umana, come figli di questa stessa terra che ospita tutti noi, ciascuno con la ricchezza della sua fede o delle sue convinzioni, ciascuno con la propria voce, tutti fratelli!\u201d (Fratelli tutti, n.8).<\/p>\n<p style=\"text-align: justify;\">L\u2019enciclica contrappone il \u201c mondo chiuso\u201d in cui viviamo, chiusi nel nostro \u201cio\u201d e nell\u2019egoismo\u00b9, al \u201cmondo aperto\u201d, che abbiamo l\u2019occasione di inaugurare e generare, a cui possiamo accedere se facciamo prevalere la logica del \u201cnoi\u201d, dell\u2019amore e della fraternit\u00e0. Il primo capitolo viene cos\u00ec dedicato ad una diagnosi su ci\u00f2 che rende la nostra societ\u00e0 chiusa nell\u2019egoismo e nel perseguimento di interessi particolari o di parte. Gli altri capitoli, invece, propongono la terapia della fraternit\u00e0 a tutti i livelli: umano e religioso, interpersonale, famigliare, sociale, nazionale e internazionale, economico e politico e promuovono i valori necessari per realizzarla: l\u2019amore e la solidariet\u00e0, la libert\u00e0 e l\u2019uguaglianza, la gratuit\u00e0, il dialogo e l\u2019incontro, la gentilezza, il perdono e la collaborazione delle religioni al servizio della fraternit\u00e0 nel mondo. Questa enciclica di papa Francesco, come le altre che l\u2019hanno preceduta, fa riferimento alla figura di San Francesco, con il suo invito a un amore universale che va al di l\u00e0 delle barriere della geografia e dello spazio e indica come modello di comportamento evangelico quello del buon samaritano, con il suo esempio di compassione e solidariet\u00e0.<\/p>\n<p style=\"text-align: justify;\">\u00b9- Il mondo chiuso \u00e8 analizzato nel primo capitolo.<\/p>\n<p><strong>Si pu\u00f2 seguire questa\u00a0 serata in streaming\u00a0 collegandosi a :\u00a0 Centro San Domenico Youtube<\/strong><\/p>\n","protected":false},"excerpt":{"rendered":"<p>Carissimi, abbiamo organizzato insieme al Centro San Domenico l\u2019evento in oggetto tramite il canale you tube. Con piacere vi comunico che ci sar\u00e0 il nostro Cardinale Arcivesco Matteo Zuppi. Interverranno anche il Prof.Aime e Maurizio Landini segretario della CGIL. Sottostante trovate il programma e le indicazione di collegamento. Buon proseguimento Alberto Neri I MARTEDI\u2019 DI SAN DOMENICO Marted\u00ec 23 febbraio 2021 &#8211; ore 21 51\u00b0 anno &#8211; 11\u00b0 incontro Fratelli tutti Fraternit\u00e0 e amicizia sociale Card. Matteo Maria Zuppi Arcivescovo di Bologna Marco Aime Docente di antropologia culturale \u2013 Universit\u00e0 di Genova Maurizio Landini Segretario generale CGIL I MARTEDI\u2019 DI&#8230;<\/p>\n","protected":false},"author":2,"featured_media":0,"parent":14993,"menu_order":0,"comment_status":"closed","ping_status":"closed","template":"","meta":[],"categories":[],"tags":[119],"_links":{"self":[{"href":"https:\/\/www.centesimusannus.va\/en\/wp-json\/wp\/v2\/pages\/13829"}],"collection":[{"href":"https:\/\/www.centesimusannus.va\/en\/wp-json\/wp\/v2\/pages"}],"about":[{"href":"https:\/\/www.centesimusannus.va\/en\/wp-json\/wp\/v2\/types\/page"}],"author":[{"embeddable":true,"href":"https:\/\/www.centesimusannus.va\/en\/wp-json\/wp\/v2\/users\/2"}],"replies":[{"embeddable":true,"href":"https:\/\/www.centesimusannus.va\/en\/wp-json\/wp\/v2\/comments?post=13829"}],"version-history":[{"count":0,"href":"https:\/\/www.centesimusannus.va\/en\/wp-json\/wp\/v2\/pages\/13829\/revisions"}],"up":[{"embeddable":true,"href":"https:\/\/www.centesimusannus.va\/en\/wp-json\/wp\/v2\/pages\/14993"}],"wp:attachment":[{"href":"https:\/\/www.centesimusannus.va\/en\/wp-json\/wp\/v2\/media?parent=13829"}],"wp:term":[{"taxonomy":"category","embeddable":true,"href":"https:\/\/www.centesimusannus.va\/en\/wp-json\/wp\/v2\/categories?post=13829"},{"taxonomy":"post_tag","embeddable":true,"href":"https:\/\/www.centesimusannus.va\/en\/wp-json\/wp\/v2\/tags?post=13829"}],"curies":[{"name":"wp","href":"https:\/\/api.w.org\/{rel}","templated":true}]}}