{"id":13244,"date":"2020-11-11T17:21:18","date_gmt":"2020-11-11T16:21:18","guid":{"rendered":"http:\/\/www.centesimusannus.va\/?page_id=13244"},"modified":"2021-12-10T12:00:51","modified_gmt":"2021-12-10T11:00:51","slug":"paper-by-the-milan-group-to-the-foundations-international-conference-2020-2","status":"publish","type":"page","link":"https:\/\/www.centesimusannus.va\/en\/activities\/local\/italy\/milan\/paper-by-the-milan-group-to-the-foundations-international-conference-2020-2\/","title":{"rendered":"Next appointments: November 16th and December 21st 2020"},"content":{"rendered":"<p style=\"text-align: justify;\">Carissimi,<\/p>\n<p style=\"text-align: justify;\">la scorsa settimana si \u00e8 conclusa la Conferenza Internazionale che ci ha permesso sia pure con la modalit\u00e0 a distanza di approfondire i temi attualissimi della sostenibilit\u00e0 e della conciliazione fra ecologia ed economia. Nel corso della Conferenza \u00e8 stata anche data visibilit\u00e0 al lavoro dei vari Gruppi locali, per quanto riguarda il nostro Chapter \u00e8 stata presentata una relazione sul tema della &#8220;coesione sociale&#8221; che \u00e8 stato sviluppato nel corso delle riunioni\u00a0tenutesi negli ultimi mesi grazie anche al fattivo contributo di alcuni membri.<\/p>\n<p style=\"text-align: justify;\">A novembre riprenderemo i nostri incontri, in particolare \u00e8 confermata la prossima riunione del\u00a0<strong>16 novembre p.v. alle ore 18.30<\/strong>\u00a0che, data la situazione, si svolger\u00e0\u00a0<strong>a distanza con la piattaforma Zoom<\/strong>. La riunione verter\u00e0 sull&#8217;ultima Enciclica di Papa Francesco &#8220;Fratelli tutti&#8221; che sar\u00e0 oggetto di una presentazione da parte di Don Walter.\u00a0In prossimit\u00e0 dell&#8217;incontro verr\u00e0 fornito il link per il collegamento.<\/p>\n<p style=\"text-align: justify;\">Con l&#8217;occasione Vi informo che il\u00a0<strong>tradizionale incontro natalizio con l&#8217;Arcivescovo<\/strong>\u00a0avr\u00e0 luogo\u00a0<strong>luned\u00ec 21 dicembre alle ore 18.00<\/strong>. Ulteriori dettagli seguiranno in seguito anche per quanto riguarda la possibilit\u00e0 di organizzare la Santa Messa e il successivo momento conviviale.<\/p>\n<p>Un caro saluto<\/p>\n<p>Piero Candido Tagliabue<\/p>\n<p>Segretario Coordinatore Chapter di Milano FCAPP<\/p>\n<p>&nbsp;<\/p>\n<p>&nbsp;<\/p>\n","protected":false},"excerpt":{"rendered":"<p>Carissimi, la scorsa settimana si \u00e8 conclusa la Conferenza Internazionale che ci ha permesso sia pure con la modalit\u00e0 a distanza di approfondire i temi attualissimi della sostenibilit\u00e0 e della conciliazione fra ecologia ed economia. Nel corso della Conferenza \u00e8 stata anche data visibilit\u00e0 al lavoro dei vari Gruppi locali, per quanto riguarda il nostro Chapter \u00e8 stata presentata una relazione sul tema della &#8220;coesione sociale&#8221; che \u00e8 stato sviluppato nel corso delle riunioni\u00a0tenutesi negli ultimi mesi grazie anche al fattivo contributo di alcuni membri. A novembre riprenderemo i nostri incontri, in particolare \u00e8 confermata la prossima riunione del\u00a016 novembre&#8230;<\/p>\n","protected":false},"author":2,"featured_media":0,"parent":14929,"menu_order":0,"comment_status":"closed","ping_status":"closed","template":"","meta":[],"categories":[],"tags":[186],"_links":{"self":[{"href":"https:\/\/www.centesimusannus.va\/en\/wp-json\/wp\/v2\/pages\/13244"}],"collection":[{"href":"https:\/\/www.centesimusannus.va\/en\/wp-json\/wp\/v2\/pages"}],"about":[{"href":"https:\/\/www.centesimusannus.va\/en\/wp-json\/wp\/v2\/types\/page"}],"author":[{"embeddable":true,"href":"https:\/\/www.centesimusannus.va\/en\/wp-json\/wp\/v2\/users\/2"}],"replies":[{"embeddable":true,"href":"https:\/\/www.centesimusannus.va\/en\/wp-json\/wp\/v2\/comments?post=13244"}],"version-history":[{"count":0,"href":"https:\/\/www.centesimusannus.va\/en\/wp-json\/wp\/v2\/pages\/13244\/revisions"}],"up":[{"embeddable":true,"href":"https:\/\/www.centesimusannus.va\/en\/wp-json\/wp\/v2\/pages\/14929"}],"wp:attachment":[{"href":"https:\/\/www.centesimusannus.va\/en\/wp-json\/wp\/v2\/media?parent=13244"}],"wp:term":[{"taxonomy":"category","embeddable":true,"href":"https:\/\/www.centesimusannus.va\/en\/wp-json\/wp\/v2\/categories?post=13244"},{"taxonomy":"post_tag","embeddable":true,"href":"https:\/\/www.centesimusannus.va\/en\/wp-json\/wp\/v2\/tags?post=13244"}],"curies":[{"name":"wp","href":"https:\/\/api.w.org\/{rel}","templated":true}]}}