{"id":13193,"date":"2020-11-04T12:42:14","date_gmt":"2020-11-04T11:42:14","guid":{"rendered":"http:\/\/www.centesimusannus.va\/?page_id=13193"},"modified":"2021-12-10T15:39:49","modified_gmt":"2021-12-10T14:39:49","slug":"project-update-ecusta-catholic-university-addis-ababa","status":"publish","type":"page","link":"https:\/\/www.centesimusannus.va\/en\/activities\/local\/italy\/trento\/project-update-ecusta-catholic-university-addis-ababa\/","title":{"rendered":"Project update &#8211; Ecusta Catholic University &#8211; Addis Ababa"},"content":{"rendered":"<p style=\"text-align: justify;\"><strong>Universit\u00e0 Cattolica Ecusta\u00a0Addis Ababa\u00a0aggiornamento<\/strong><\/p>\n<p style=\"text-align: justify;\">Buongiorno, cari amici.<\/p>\n<p style=\"text-align: justify;\">Ho ricevuto nei giorni scorsi da Marco Giovannini un appunto che qui di seguito trascrivo integralmente, facendo anche mie le sue conclusioni. Ci sar\u00e0 occasione di parlarne insieme.<\/p>\n<p style=\"text-align: justify;\">Buona giornata!<\/p>\n<p style=\"text-align: justify;\">&#8220;<em>Ciao Luca,<\/em><\/p>\n<p style=\"text-align: justify;\"><em>come ricorderai, a causa del lockdown, non \u00e8 stato possibile effettuare l&#8217;incontro programmato a maggio con l&#8217;executive director dei De La Salle per un aggiornamento sullo stato dell&#8217;arte del progetto &#8220;Universit\u00e0 cattolica di Addis Ababa&#8221;.<\/em><\/p>\n<p style=\"text-align: justify;\"><em>A suo tempo, su sollecitazione di Mons. Silvano Tomasi, con la condivisione e l&#8217;impegno di Mons. Luigi Bressan, ci siamo fatti promotori per una collaborazione in questa iniziativa.<\/em><\/p>\n<p style=\"text-align: justify;\"><em>Tramite l&#8217;Associazione Dom Franco che si \u00e8 accollata tutta la responsabilit\u00e0 e l&#8217;onere operativo e con un importante contributo della Provincia di Trento \u00e8 stato possibile realizzare una struttura dedicata ad aula magna e piccola clinica per uso interno (dopo il viaggio in Etiopia assieme a Mons. Bressan, di questo, avevo relazionato).<\/em><\/p>\n<p style=\"text-align: justify;\"><em>Da alcuni anni la gestione \u00e8 stata affidata ai fratelli Cristiani di De La Salle che hanno una grande esperienza nella realizzazione e gestione di strutture educative.<\/em><\/p>\n<p style=\"text-align: justify;\"><em>Il progetto in Addis Ababa \u00e8 di grandi dimensioni e molto complesso, dunque, le problematiche sono state e sono tutt&#8217;ora importanti.<\/em><\/p>\n<p style=\"text-align: justify;\"><em>Questa mattina, ho sentito Fratel Amilcare Boccuccia (executive director), che mi ha un po&#8217; aggiornato.<\/em><\/p>\n<p style=\"text-align: justify;\"><em>Sono stati terminati i grandi edifici di medicina;\u00a0\u00e8 stata realizzata una caffetteria;\u00a0sono stati implementati i dormitori; sta partendo un progetto ambizioso che \u00e8 stato finanziato con un milione di dollari per la realizzazione di un laboratorio da destinare sia ad uso interno che al servizio della citt\u00e0.<\/em><\/p>\n<p style=\"text-align: justify;\"><em>Prima di sospendere le attivit\u00e0 a causa della pandemia il campus era frequentato da circa 300 studenti.<\/em><\/p>\n<p style=\"text-align: justify;\"><em>Mi \u00e8 parso di capire che con il Governo il rapporto sia di tipo &#8220;dialettico&#8221;.<\/em><\/p>\n<p style=\"text-align: justify;\"><em>Infine, in questi giorni, sta arrivando un nuovo presidente per l&#8217;Universit\u00e0 (non ricordo il nome): era il responsabile della Congregazione De La Salle in Columbia e dirigeva l&#8217;universit\u00e0 di Bogot\u00e0 (20.000 studenti).<\/em><\/p>\n<p style=\"text-align: justify;\"><em>Nonostante le difficolt\u00e0 spero che ci siano fondate speranze perch\u00e8 il progetto &#8220;Universit\u00e0 Cattolica di Addis Ababa&#8221; possa avere successo.<\/em><\/p>\n<p style=\"text-align: justify;\"><em>Per questo, dopo aver parlato con Fratel Amilcare ho pensato, per condivisione, di mandare questo appunto informativo.<\/em><\/p>\n<p style=\"text-align: justify;\"><em>Caro Luca: cos\u00ec, come \u00e8 stato importante, a suo tempo, promuovere un contributo materiale (e non solo), ora credo, sia altrettanto necessario e responsabile stare accanto a questa iniziativa, non necessariamente in termini economici, anzi, ma in continuit\u00e0 di partecipazione al suo sviluppo, sentendoci responsabili del suo buon fine e delle possibili ricadute assistenziali, culturali e formative sulla comunit\u00e0 Etiope. In ultima analisi sulla possibilit\u00e0 di autopromozione della gente. Cosa che mi pare abbastanza coerente con la Dottrina Sociale della Chiesa.&#8221;<\/em><\/p>\n<p><img class=\"lazyload\" src=\"data:image\/gif;base64,R0lGODlhAQABAIAAAAAAAP\/\/\/yH5BAEAAAAALAAAAAABAAEAAAIBRAA7\" data-src=\"https:\/\/ecp.yusercontent.com\/mail?url=http%3A%2F%2F5mzm9.img.ah.d.sendibm4.com%2Fim%2F3208869%2Ffdc3a5cba3f00f4502e7d9cb03209ed4264745223f086f8d7793dd9ea760ce9e.jpeg%3Fe%3DRV4W662s9Bbl7dX2DaNB-eCJJz_weJnFhzNW0vSJV5TvPoXut6_o6wPJKzENPW4JzBkFNhMIeaFSLlKSATufEVa9KBM_ulMqYC0Vj2gOBlBk7mdOc8j1P4xabhQA-2lpRHYKbPqY-zZKSbN456Jvo4tz81eYwLsVMtenwdaYi6v0ch567mmECqE7YMheP6ET9TKcX-grHMHxlnHsRUuQ0SfUfMoxdNT1sxgLkxZb&amp;t=1604487343&amp;ymreqid=e3b797dd-4fa4-6f4a-1c54-3b000101b300&amp;sig=lEKqzaUQB0o1xqxYF9HKYg--~D\" \/><noscript><img class=\"lazyload\" src=\"https:\/\/ecp.yusercontent.com\/mail?url=http%3A%2F%2F5mzm9.img.ah.d.sendibm4.com%2Fim%2F3208869%2Ffdc3a5cba3f00f4502e7d9cb03209ed4264745223f086f8d7793dd9ea760ce9e.jpeg%3Fe%3DRV4W662s9Bbl7dX2DaNB-eCJJz_weJnFhzNW0vSJV5TvPoXut6_o6wPJKzENPW4JzBkFNhMIeaFSLlKSATufEVa9KBM_ulMqYC0Vj2gOBlBk7mdOc8j1P4xabhQA-2lpRHYKbPqY-zZKSbN456Jvo4tz81eYwLsVMtenwdaYi6v0ch567mmECqE7YMheP6ET9TKcX-grHMHxlnHsRUuQ0SfUfMoxdNT1sxgLkxZb&amp;t=1604487343&amp;ymreqid=e3b797dd-4fa4-6f4a-1c54-3b000101b300&amp;sig=lEKqzaUQB0o1xqxYF9HKYg--~D\" \/><\/noscript><\/p>\n","protected":false},"excerpt":{"rendered":"<p>Universit\u00e0 Cattolica Ecusta\u00a0Addis Ababa\u00a0aggiornamento Buongiorno, cari amici. Ho ricevuto nei giorni scorsi da Marco Giovannini un appunto che qui di seguito trascrivo integralmente, facendo anche mie le sue conclusioni. Ci sar\u00e0 occasione di parlarne insieme. Buona giornata! &#8220;Ciao Luca, come ricorderai, a causa del lockdown, non \u00e8 stato possibile effettuare l&#8217;incontro programmato a maggio con l&#8217;executive director dei De La Salle per un aggiornamento sullo stato dell&#8217;arte del progetto &#8220;Universit\u00e0 cattolica di Addis Ababa&#8221;. A suo tempo, su sollecitazione di Mons. Silvano Tomasi, con la condivisione e l&#8217;impegno di Mons. Luigi Bressan, ci siamo fatti promotori per una collaborazione in&#8230;<\/p>\n","protected":false},"author":2,"featured_media":0,"parent":14975,"menu_order":0,"comment_status":"closed","ping_status":"closed","template":"","meta":[],"categories":[],"tags":[205],"_links":{"self":[{"href":"https:\/\/www.centesimusannus.va\/en\/wp-json\/wp\/v2\/pages\/13193"}],"collection":[{"href":"https:\/\/www.centesimusannus.va\/en\/wp-json\/wp\/v2\/pages"}],"about":[{"href":"https:\/\/www.centesimusannus.va\/en\/wp-json\/wp\/v2\/types\/page"}],"author":[{"embeddable":true,"href":"https:\/\/www.centesimusannus.va\/en\/wp-json\/wp\/v2\/users\/2"}],"replies":[{"embeddable":true,"href":"https:\/\/www.centesimusannus.va\/en\/wp-json\/wp\/v2\/comments?post=13193"}],"version-history":[{"count":0,"href":"https:\/\/www.centesimusannus.va\/en\/wp-json\/wp\/v2\/pages\/13193\/revisions"}],"up":[{"embeddable":true,"href":"https:\/\/www.centesimusannus.va\/en\/wp-json\/wp\/v2\/pages\/14975"}],"wp:attachment":[{"href":"https:\/\/www.centesimusannus.va\/en\/wp-json\/wp\/v2\/media?parent=13193"}],"wp:term":[{"taxonomy":"category","embeddable":true,"href":"https:\/\/www.centesimusannus.va\/en\/wp-json\/wp\/v2\/categories?post=13193"},{"taxonomy":"post_tag","embeddable":true,"href":"https:\/\/www.centesimusannus.va\/en\/wp-json\/wp\/v2\/tags?post=13193"}],"curies":[{"name":"wp","href":"https:\/\/api.w.org\/{rel}","templated":true}]}}