{"id":12650,"date":"2020-09-14T10:52:06","date_gmt":"2020-09-14T08:52:06","guid":{"rendered":"http:\/\/www.centesimusannus.va\/?page_id=12650"},"modified":"2021-12-10T12:00:51","modified_gmt":"2021-12-10T11:00:51","slug":"milan-june-9th-2020-at-9-p-m-holy-mass-for-the-20-years-of-priesthood-of-don-walter-magnoni-2","status":"publish","type":"page","link":"https:\/\/www.centesimusannus.va\/en\/activities\/local\/italy\/milan\/milan-june-9th-2020-at-9-p-m-holy-mass-for-the-20-years-of-priesthood-of-don-walter-magnoni-2\/","title":{"rendered":"Milan Chapter next meeting  and scheduled activities"},"content":{"rendered":"<p style=\"text-align: justify;\">Carissimi,<\/p>\n<p style=\"text-align: justify;\">spero che abbiate trascorso serenamente il periodo estivo, la vicenda Covid probabilmente ci ha fatto apprezzare aspetti come la serenit\u00e0 e la salute pi\u00f9 di quanto non avvenisse in passato. Mi auguro vivamente che abbiate superato indenni questo periodo.<\/p>\n<p style=\"text-align: justify;\">Come tutti gli anni siamo prossimi alla ripresa delle attivit\u00e0 del nostro Chapter, a questo riguardo \u00e8 stato definito il calendario delle prossime riunioni che si terranno nelle seguenti date:<\/p>\n<p style=\"text-align: justify;\"><strong>&#8211; 22 settembre<\/strong><br \/>\n<strong>&#8211; 19 ottobre<\/strong><br \/>\n<strong>&#8211; 16 novembre<\/strong><\/p>\n<p style=\"text-align: justify;\">Come ogni anno verr\u00e0 fissata in seguito la data della tradizionale udienza con l&#8217;Arcivescovo di Milano.<\/p>\n<p style=\"text-align: justify;\">Come \u00e8 noto quest&#8217;anno la Convention Internazionale si svolger\u00e0 a distanza e sar\u00e0 distribuita su tre giorni non consecutivi e precisamente il 9 ottobre (Assemblea Generale Annuale); il 23 e il 30 ottobre. Il tema di quest&#8217;anno \u00e8:<br \/>\n<strong>&#8220;A Human Economy in the post-Pandemic World: from concept to action\u201d<\/strong>. Per quanto riguarda il Chapter di Milano \u00e8 stato scelto il tema dell&#8217;inclusione sociale come nostro contributo di riflessione.<\/p>\n<p style=\"text-align: justify;\">Per quanto riguarda la prossima riunione, si svolger\u00e0 il <strong>22 settembre<\/strong> come di consueto <strong>dalle 18.15 alle 20.00 circa presso la Sala Oratorio adiacente alla Chiesa di San Giorgio.<\/strong><\/p>\n<p style=\"text-align: justify;\">In attesa di incontrarci, un caro saluto a tutti.<\/p>\n<p style=\"text-align: justify;\">Piero Candido Tagliabue<br \/>\nSegretario Coordinatore Chapter di Milano FCAPP<\/p>\n","protected":false},"excerpt":{"rendered":"<p>Carissimi, spero che abbiate trascorso serenamente il periodo estivo, la vicenda Covid probabilmente ci ha fatto apprezzare aspetti come la serenit\u00e0 e la salute pi\u00f9 di quanto non avvenisse in passato. Mi auguro vivamente che abbiate superato indenni questo periodo. Come tutti gli anni siamo prossimi alla ripresa delle attivit\u00e0 del nostro Chapter, a questo riguardo \u00e8 stato definito il calendario delle prossime riunioni che si terranno nelle seguenti date: &#8211; 22 settembre &#8211; 19 ottobre &#8211; 16 novembre Come ogni anno verr\u00e0 fissata in seguito la data della tradizionale udienza con l&#8217;Arcivescovo di Milano. Come \u00e8 noto quest&#8217;anno la&#8230;<\/p>\n","protected":false},"author":2,"featured_media":0,"parent":14929,"menu_order":0,"comment_status":"closed","ping_status":"closed","template":"","meta":[],"categories":[],"tags":[186],"_links":{"self":[{"href":"https:\/\/www.centesimusannus.va\/en\/wp-json\/wp\/v2\/pages\/12650"}],"collection":[{"href":"https:\/\/www.centesimusannus.va\/en\/wp-json\/wp\/v2\/pages"}],"about":[{"href":"https:\/\/www.centesimusannus.va\/en\/wp-json\/wp\/v2\/types\/page"}],"author":[{"embeddable":true,"href":"https:\/\/www.centesimusannus.va\/en\/wp-json\/wp\/v2\/users\/2"}],"replies":[{"embeddable":true,"href":"https:\/\/www.centesimusannus.va\/en\/wp-json\/wp\/v2\/comments?post=12650"}],"version-history":[{"count":0,"href":"https:\/\/www.centesimusannus.va\/en\/wp-json\/wp\/v2\/pages\/12650\/revisions"}],"up":[{"embeddable":true,"href":"https:\/\/www.centesimusannus.va\/en\/wp-json\/wp\/v2\/pages\/14929"}],"wp:attachment":[{"href":"https:\/\/www.centesimusannus.va\/en\/wp-json\/wp\/v2\/media?parent=12650"}],"wp:term":[{"taxonomy":"category","embeddable":true,"href":"https:\/\/www.centesimusannus.va\/en\/wp-json\/wp\/v2\/categories?post=12650"},{"taxonomy":"post_tag","embeddable":true,"href":"https:\/\/www.centesimusannus.va\/en\/wp-json\/wp\/v2\/tags?post=12650"}],"curies":[{"name":"wp","href":"https:\/\/api.w.org\/{rel}","templated":true}]}}