{"id":12636,"date":"2020-08-31T11:34:37","date_gmt":"2020-08-31T09:34:37","guid":{"rendered":"http:\/\/www.centesimusannus.va\/?page_id=12636"},"modified":"2021-12-10T15:35:40","modified_gmt":"2021-12-10T14:35:40","slug":"september-25th-2020-at-18-00-fcapp-trento-group-meeting-on-the-concept-of-autonomy","status":"publish","type":"page","link":"https:\/\/www.centesimusannus.va\/en\/activities\/local\/italy\/trento\/september-25th-2020-at-18-00-fcapp-trento-group-meeting-on-the-concept-of-autonomy\/","title":{"rendered":"September 25th meeting postponed  to September 28th 2020"},"content":{"rendered":"<p style=\"text-align: justify;\">Carissime,i<\/p>\n<p style=\"text-align: justify;\">Nell\u2019augurare buona festa dell\u2019Assunta, Vi anticipo che su proposta del nostro assistente ecclesiastico diocesano prof. don Bruno Tomasi, ci ritroveremo<strong> venerd\u00ec 25 settembre 2020 alle 18<\/strong> presso l\u2019auditorium dell\u2019Istituto Atesino di Sviluppo (Via Adriano Olivetti 35) messo a disposizione dal dott. Giorgio Franceschi, amministratore delegato di ISA e nostro socio, in occasione del decennale delle settimane sociali, con tema della serata l\u2019autonomia.<\/p>\n<p style=\"text-align: justify;\">I due key speaker saranno la professoressa <strong>Cinzia Rossi<\/strong>, della Pontificia Universit\u00e0 Antonianum ed il presidente della Fondazione Museo Storico in Trento dott. <strong>Giorgio Postal<\/strong> (che insieme a Mauro Marcantoni ha dedicato, tra l\u2019altro uno studio al tema dell\u2019autonomia condensato in un libro), di cui ho estrapolato i titoli salienti:<\/p>\n<p style=\"text-align: justify;\"><em>La cultura della convivenza tra etnie diverse \u00e8 stata, infatti, centrale per secoli nel territorio che oggi si chiama Trentino-Alto Adige Sued Tirol.<\/em><\/p>\n<p style=\"text-align: justify;\"><em>Trentini e sudtirolesi provengono entrambi da immani tragedie: l&#8217;evacuazione e l&#8217;internamento per oltre 100.000 trentini durante la Grande Guerra, la lacerante scelta delle Opzioni per oltre 200.000 sudtirolesi durante il Fascismo.<\/em><\/p>\n<p style=\"text-align: justify;\"><em>Due popoli accomunati anche da incomprensioni ed errori nell&#8217;applicazione del primo Statuto di autonomia (1948), con il seguito di violenza e di sangue del terrorismo.<\/em><\/p>\n<p style=\"text-align: justify;\"><em>Lo straordinario e proficuo incontro tra le due culture autonomistiche, quello che ha prodotto il secondo Statuto, ha fatto nascere un&#8217;autonomia della convivenza del tutto peculiare, che merita di essere meglio conosciuta per avere la consapevolezza di cosa \u00e8 stato fatto e di che cosa resta ancora da fare, per sapere da dove si proviene e capire dove si voglia andare.<\/em><\/p>\n<p style=\"text-align: justify;\"><strong>L\u2019ampia sala riunioni dell\u2019ISA consente l\u2019incontro nelle massime condizioni di sicurezza e di distanziamento sociale dettate dalle disposizioni governative e provinciali. Per chi non potesse partecipare di persona all&#8217;incontro, \u00e8 prevista comunque la possibilit\u00e0 di collegarsi in videoconferenza: il link sar\u00e0 inviato qualche giorno prima dell\u2019incontro.<\/strong><\/p>\n<p style=\"text-align: justify;\">Cordiali saluti<br \/>\nRocco Cerone<br \/>\nReferente FCAPP Trento<\/p>\n","protected":false},"excerpt":{"rendered":"<p>Carissime,i Nell\u2019augurare buona festa dell\u2019Assunta, Vi anticipo che su proposta del nostro assistente ecclesiastico diocesano prof. don Bruno Tomasi, ci ritroveremo venerd\u00ec 25 settembre 2020 alle 18 presso l\u2019auditorium dell\u2019Istituto Atesino di Sviluppo (Via Adriano Olivetti 35) messo a disposizione dal dott. Giorgio Franceschi, amministratore delegato di ISA e nostro socio, in occasione del decennale delle settimane sociali, con tema della serata l\u2019autonomia. I due key speaker saranno la professoressa Cinzia Rossi, della Pontificia Universit\u00e0 Antonianum ed il presidente della Fondazione Museo Storico in Trento dott. Giorgio Postal (che insieme a Mauro Marcantoni ha dedicato, tra l\u2019altro uno studio al&#8230;<\/p>\n","protected":false},"author":2,"featured_media":0,"parent":14975,"menu_order":0,"comment_status":"closed","ping_status":"closed","template":"","meta":[],"categories":[],"tags":[205],"_links":{"self":[{"href":"https:\/\/www.centesimusannus.va\/en\/wp-json\/wp\/v2\/pages\/12636"}],"collection":[{"href":"https:\/\/www.centesimusannus.va\/en\/wp-json\/wp\/v2\/pages"}],"about":[{"href":"https:\/\/www.centesimusannus.va\/en\/wp-json\/wp\/v2\/types\/page"}],"author":[{"embeddable":true,"href":"https:\/\/www.centesimusannus.va\/en\/wp-json\/wp\/v2\/users\/2"}],"replies":[{"embeddable":true,"href":"https:\/\/www.centesimusannus.va\/en\/wp-json\/wp\/v2\/comments?post=12636"}],"version-history":[{"count":0,"href":"https:\/\/www.centesimusannus.va\/en\/wp-json\/wp\/v2\/pages\/12636\/revisions"}],"up":[{"embeddable":true,"href":"https:\/\/www.centesimusannus.va\/en\/wp-json\/wp\/v2\/pages\/14975"}],"wp:attachment":[{"href":"https:\/\/www.centesimusannus.va\/en\/wp-json\/wp\/v2\/media?parent=12636"}],"wp:term":[{"taxonomy":"category","embeddable":true,"href":"https:\/\/www.centesimusannus.va\/en\/wp-json\/wp\/v2\/categories?post=12636"},{"taxonomy":"post_tag","embeddable":true,"href":"https:\/\/www.centesimusannus.va\/en\/wp-json\/wp\/v2\/tags?post=12636"}],"curies":[{"name":"wp","href":"https:\/\/api.w.org\/{rel}","templated":true}]}}