{"id":12342,"date":"2020-05-04T12:09:13","date_gmt":"2020-05-04T10:09:13","guid":{"rendered":"http:\/\/www.centesimusannus.va\/?page_id=12342"},"modified":"2021-12-13T11:35:16","modified_gmt":"2021-12-13T10:35:16","slug":"may-1st-holy-mass-concelebrated-by-don-francesco-pesce","status":"publish","type":"page","link":"https:\/\/www.centesimusannus.va\/en\/activities\/local\/italy\/rome\/may-1st-holy-mass-concelebrated-by-don-francesco-pesce\/","title":{"rendered":"May 1st: Holy Mass concelebrated by Don Francesco Pesce"},"content":{"rendered":"<p style=\"text-align: justify;\">Cari tutti,<\/p>\n<p style=\"text-align: justify;\">in occasione del 1 Maggio, su segnalazione di Don Francesco Pesce, Vi segnalo la Santa Messa da lui concelebrata nella Solennit\u00e0 di San Giuseppe Artigiano (<a href=\"https:\/\/www.centesimusannus.va\/wp-content\/uploads\/2020\/05\/Locandina-Roma-1-maggio.jpg\" target=\"_blank\" rel=\"noopener\">nell&#8217;allegato trovate le modalit\u00e0 per seguire on-line<\/a>).<\/p>\n<p style=\"text-align: justify;\">Di seguito alcune riflessioni di Don Francesco sul tema\u00a0 del lavoro in una economia sostenibile<\/p>\n<p style=\"text-align: justify;\">Un caro saluto<\/p>\n<p style=\"text-align: justify;\">Alessandro Rizzo<\/p>\n<p style=\"text-align: justify;\">Referente FCAPP Roma<\/p>\n<p style=\"text-align: justify;\"><em>\u2026<\/em><em>osare trasformare in sofferenza personale<\/em><em>\u2026<\/em><\/p>\n<p style=\"text-align: justify;\">I vescovi italiani nel Messaggio per la festa del Primo Maggio, sul tema\u00a0<em>&#8220;Il lavoro in un&#8217;economia sostenibile&#8221;\u00a0<\/em>hanno indicato tra l\u2019altro tre linee guida che possono risultare decisive nel futuro prossimo.\u00a0<em>&#8220;Costruire un&#8217;economia diversa \u00e8 l&#8217;unica via che abbiamo per salvarci&#8221;. &#8220;Ridare forza e dignit\u00e0 al lavoro\u201d.<\/em><em>\u00a0&#8220;Avere il coraggio di guardare alla schizofrenia del nostro atteggiamento verso i nostri fratelli migranti&#8221;.\u00a0<\/em>Sono tematiche coraggiose in questo contesto di pandemia, e superano sia approcci elitari sia visioni fondamentaliste anche di un certo cattolicesimo distorto, dimentico del vangelo, attento solo a difendere propri interessi.<em>\u00a0<\/em>Vorrei riflettere su tutto questo a partire da quello che il Predicatore della casa pontificia Padre Cantalamessa ha detto pochi giorni fa:\u00a0<em>\u201cNon facciamo che tanto dolore, tanti morti, tanto eroico impegno da parte degli operatori sanitari sia stato invano. \u00c8 questa la \u201crecessione\u201d che dobbiamo temere di pi\u00f9.<\/em>\u201d (Predica del Venerd\u00ec Santo)<\/p>\n<p style=\"text-align: justify;\">Per evitare questa recessione noi abbiamo una bussola che \u00e8 la Dottrina sociale della Chiesa, in particolare oggi la Laudato S\u00ec gi\u00e0 entrata di diritto nella storia del pensiero.<\/p>\n<p style=\"text-align: justify;\">Nella Laudato\u00a0Si\u2019 la crisi ecologica viene descritta come l\u2019evidenza pi\u00f9 grave di una crisi di civilt\u00e0:\u00a0<em>\u00abci\u00f2 che sta accadendo ci pone di fronte all\u2019urgenza di procedere in una coraggiosa rivoluzione culturale\u00bb.(n.<\/em>114). In tutta l\u2019Enciclica questo concetto viene ripetuto molte volte.<\/p>\n<p style=\"text-align: justify;\">E\u2019giunto il tempo di superare due concezioni che in gran parte fondano il nostro umanesimo contemporaneo e il nostro approccio economico. Una concezione dell\u2019antropocentrismo che teorizza il dominio della specie umana su tutte le altre specie; una concezione della scienza e della tecnologia ridotte a servire solo l\u2019uomo. E\u2019 una \u201cdeviazione\u201d dice\u00a0Papa Francesco; oltre che provocare squilibri sempre maggiori agli ecosistemi, tutto questo ha accresciuto velocemente e grandemente le ingiustizie sociali. Purtroppo anche nella nostra regione Lazio se ne vedono le conseguenze.<\/p>\n<p style=\"text-align: justify;\">Papa Francesco punta il dito verso:\u201d\u00a0<em>Il principio della massimizzazione del profitto, una distorsione concettuale dell\u2019economia<\/em>\u201d. (n. 195) Una economia finalizzata esclusivamente alla crescita, non ha funzionato, la crisi ecologica e sociale cresce, le risorse non sono illimitate. Con coraggio profetico afferma:\u201d\u00a0<em>\u00e8 arrivata l\u2019ora di accettare una certa decrescita in alcune parti del mondo\u201d (n. 193).\u00a0<\/em>Si tratta di una diminuzione dei consumi di risorse della terra da parte delle nazioni che hanno di pi\u00f9, a favore di chi ha meno.<\/p>\n<p style=\"text-align: justify;\">Il lavoro \u00e8 un fattore determinante anche a questo proposito. Guardiamo con fiducia al progetto della Regione Lazio di incrementare la collaborazione tra pubblico e privato, di favorire una maggiore sinergia tra i Centri per l\u2019Impiego non solo tra loro, ma anche con la Regione e con il Ministero.<\/p>\n<p style=\"text-align: justify;\">La Chiesa ricorda di non dimenticare il contesto sociale in cui il lavoratore, la singola impresa vivono.<\/p>\n<p style=\"text-align: justify;\">Nel contesto sociale anche della nostra regione, parte fondamentale sono i migranti; qui lo sforzo da fare \u00e8 tutto culturale. Gi\u00e0 nel Libro del Levitico si descrive il contrasto tra l\u2019accampamento e i lebbrosi, potremmo dire oggi tra il nostro sistema economico, sociale consolidato e il fenomeno migratorio. Non si pu\u00f2 consentire la promiscuit\u00e0 tra chi \u00e8 fuori e chi \u00e8 dentro l\u2019accampamento; questo per me \u00e8 il dato che emerge; e non \u00e8 un bel quadro. Una esclusione dal sistema di milioni di pietre scartate; una esclusione profonda non pi\u00f9 tollerabile.<\/p>\n<p style=\"text-align: justify;\">Vorrei tornare infine alla Laudato\u00a0Si\u2019<em>: \u201dL\u2019obiettivo \u00e8 [\u2026] di prendere dolorosa coscienza, osare trasformare in sofferenza personale quello che accade al mondo\u2026\u201d (<\/em>LS, n. 19).<\/p>\n<p style=\"text-align: justify;\">Prendere dolorosa coscienza, osare trasformare in sofferenza personale \u00e8 una espressione commovente e straordinaria; \u00e8 una vocazione, la nostra; \u00e8 servire l\u2019uomo concretamente, \u00e8 per noi cristiani partecipare.<\/p>\n<p>&nbsp;<\/p>\n","protected":false},"excerpt":{"rendered":"<p>Cari tutti, in occasione del 1 Maggio, su segnalazione di Don Francesco Pesce, Vi segnalo la Santa Messa da lui concelebrata nella Solennit\u00e0 di San Giuseppe Artigiano (nell&#8217;allegato trovate le modalit\u00e0 per seguire on-line). Di seguito alcune riflessioni di Don Francesco sul tema\u00a0 del lavoro in una economia sostenibile Un caro saluto Alessandro Rizzo Referente FCAPP Roma \u2026osare trasformare in sofferenza personale\u2026 I vescovi italiani nel Messaggio per la festa del Primo Maggio, sul tema\u00a0&#8220;Il lavoro in un&#8217;economia sostenibile&#8221;\u00a0hanno indicato tra l\u2019altro tre linee guida che possono risultare decisive nel futuro prossimo.\u00a0&#8220;Costruire un&#8217;economia diversa \u00e8 l&#8217;unica via che abbiamo per&#8230;<\/p>\n","protected":false},"author":2,"featured_media":0,"parent":15027,"menu_order":0,"comment_status":"closed","ping_status":"closed","template":"","meta":[],"categories":[32],"tags":[192],"_links":{"self":[{"href":"https:\/\/www.centesimusannus.va\/en\/wp-json\/wp\/v2\/pages\/12342"}],"collection":[{"href":"https:\/\/www.centesimusannus.va\/en\/wp-json\/wp\/v2\/pages"}],"about":[{"href":"https:\/\/www.centesimusannus.va\/en\/wp-json\/wp\/v2\/types\/page"}],"author":[{"embeddable":true,"href":"https:\/\/www.centesimusannus.va\/en\/wp-json\/wp\/v2\/users\/2"}],"replies":[{"embeddable":true,"href":"https:\/\/www.centesimusannus.va\/en\/wp-json\/wp\/v2\/comments?post=12342"}],"version-history":[{"count":0,"href":"https:\/\/www.centesimusannus.va\/en\/wp-json\/wp\/v2\/pages\/12342\/revisions"}],"up":[{"embeddable":true,"href":"https:\/\/www.centesimusannus.va\/en\/wp-json\/wp\/v2\/pages\/15027"}],"wp:attachment":[{"href":"https:\/\/www.centesimusannus.va\/en\/wp-json\/wp\/v2\/media?parent=12342"}],"wp:term":[{"taxonomy":"category","embeddable":true,"href":"https:\/\/www.centesimusannus.va\/en\/wp-json\/wp\/v2\/categories?post=12342"},{"taxonomy":"post_tag","embeddable":true,"href":"https:\/\/www.centesimusannus.va\/en\/wp-json\/wp\/v2\/tags?post=12342"}],"curies":[{"name":"wp","href":"https:\/\/api.w.org\/{rel}","templated":true}]}}