{"id":12323,"date":"2020-04-29T17:16:50","date_gmt":"2020-04-29T15:16:50","guid":{"rendered":"http:\/\/www.centesimusannus.va\/?page_id=12323"},"modified":"2021-12-10T12:00:37","modified_gmt":"2021-12-10T11:00:37","slug":"prayer-vigil-on-the-occasion-of-labour-day-may-1st-and-reflexion-with-don-walter-magnoni","status":"publish","type":"page","link":"https:\/\/www.centesimusannus.va\/en\/activities\/local\/italy\/milan\/prayer-vigil-on-the-occasion-of-labour-day-may-1st-and-reflexion-with-don-walter-magnoni\/","title":{"rendered":"Prayer vigil on the occasion of Labour Day, May 1st and reflexion with Don Walter Magnoni"},"content":{"rendered":"<p style=\"text-align: justify;\">Carissimi,<\/p>\n<p style=\"text-align: justify;\">Vi comunico che in occasione della Festa del Lavoro il prossimo 30 aprile alle ore 21.00 si svolger\u00e0 la Veglia di preghiera con l&#8217;Arcivescovo Mario Delpini.<\/p>\n<p style=\"text-align: justify;\">L&#8217;evento della Diocesi, organizzato da Don Walter Magnoni, date le circostanze verr\u00e0 diffuso tramite i Media, in particolare verr\u00e0 trasmesso su: Chiesa Tv (canale 195 del digitale terrestre), Radio Marconi, Radio Mater e <a href=\"http:\/\/www.chiesadimilano.it\" target=\"_blank\" rel=\"noopener\">www.chiesadimilano.it<\/a><\/p>\n<p style=\"text-align: justify;\">In vista di questo appuntamento Vi invio a seguire una riflessione di Don Walter Magnoni, responsabile del Servizio diocesano per la pastorale sociale e del lavoro, pubblicato sul sito della Diocesi all&#8217;indirizzo:<\/p>\n<p style=\"text-align: justify;\"><a href=\"https:\/\/www.chiesadimilano.it\/news\/chiesa-diocesi\/il-lavoro-al-tempo-del-coronavirus-veglia-di-preghiera-con-larcivescovo-317702.html\" target=\"_blank\" rel=\"noopener\">https:\/\/www.chiesadimilano.it\/news\/chiesa-diocesi\/il-lavoro-al-tempo-del-coronavirus-veglia-di-preghiera-con-larcivescovo-317702.html<\/a><\/p>\n<p><a href=\"https:\/\/www.centesimusannus.va\/wp-content\/uploads\/2020\/04\/https_www.chiesadimilano.it_wp-content_uploads_2020_04_01_Fes-3.pdf\" target=\"_blank\" rel=\"noopener\">Scarica locandina<\/a><\/p>\n<p>Un caro saluto<br \/>\nPiero Candido Tagliabue<br \/>\nSegretario Coordinatore Chapter di Milano FCAPP<\/p>\n<p style=\"text-align: justify;\"><em>\u00abDal momento in cui la peste si fu realmente impadronita di tutta la citt\u00e0 [\u2026] disorganizz\u00f2 tutta la vita economica determinando un numero considerevole di disoccupati\u00bb (Albert Camus, La peste). Queste parole sono solo alcune di quelle che si potrebbero citare per descrivere le analogie tra il quadro presentato dallo scrittore francese nella sua opera e i nostri giorni. Il testo infatti rappresenta bene una citt\u00e0 che inizialmente minimizza il problema e solo di fronte a un\u2019emergenza ormai evidente comincia a prendere le giuste misure per contrastare il male, anche se nel frattempo si \u00e8 gi\u00e0 creata disoccupazione. All\u2019inizio del libro, quando ancora la citt\u00e0 non \u00e8 consapevole di quello che sta accadendo, il dottor Rieux apre una finestra: \u00abIl brusio della citt\u00e0 si accrebbe all\u2019improvviso. Da un\u2019officina poco distante saliva il sibilo breve e ripetuto d\u2019una sega meccanica, Rieux si scosse: l\u00e0 era la certezza, nel lavoro d\u2019ogni giorno. Il resto era appeso a fili e a movimenti insignificanti, non ci si poteva fermare. L\u2019essenziale era far bene il proprio mestiere\u00bb.<\/em><\/p>\n<p style=\"text-align: justify;\"><em>Far bene il proprio mestiere \u00e8 una suggestione di Camus che ricade su tutti noi in questo tempo e ci interroga alla vigilia del 1\u00b0 maggio. Ci siamo trovati di fronte a un\u2019emergenza sistemica che appare difficile da domare. Mi pare appropriata l\u2019immagine che usa papa Francesco nell\u2019Evangelii gaudium: \u00abil modello non \u00e8 la sfera dove ogni punto \u00e8 equidistante dal centro e non vi sono differenze tra un punto e l\u2019altro. Il modello \u00e8 il poliedro, che riflette la confluenza di tutte le parzialit\u00e0 che in esso mantengono la loro originalit\u00e0\u00bb (EG 236).<\/em><\/p>\n<p style=\"text-align: justify;\"><em>La situazione \u00e8 proprio \u201cpoliedrica\u201d e in modo repentino ci siamo trovati obbligati a fermarci per ridurre il rischio di contagio. Per\u00f2 questo ha avuto sin da subito forti ricadute sull\u2019economia e il lavoro. Per qualcuno la perdita del lavoro \u00e8 stata quasi immediata, per altri \u00e8 scattata la cassa integrazione e altri ancora si chiedono se una volta passata questa ondata potranno tornare a lavorare. Come ne La peste anche qui ci troveremo di fronte a \u00abun considerevole numero di disoccupati\u00bb.<\/em><\/p>\n<p style=\"text-align: justify;\"><em>Trasporti, turismo, commercio, agricoltura, cultura, spettacolo, edilizia e altri settori sono stati toccati pesantemente e non esiste ambito che non veda fatica. Nelle citt\u00e0 vediamo i riders che fanno consegne e altri fattorini che possono muoversi senza traffico. In effetti Amazon ha visto crescere la domanda e le edicole sono tornate a vendere pi\u00f9 giornali, cos\u00ec come i negozietti di quartiere \u2013 quelli che vendono generi alimentari \u2013 sono stati riscoperti e valorizzati. La situazione \u00e8 davvero inedita, il petrolio non vedeva un calo cos\u00ec drastico da novant\u2019anni. Allora fu la crisi del \u201929 a generare un disastro economico, oggi il Coronavirus non solo miete vittime a centinaia di migliaia, ma apre scenari d\u2019incertezza che alimentano timori non infondati.<\/em><\/p>\n<p style=\"text-align: justify;\"><em>L\u2019essenziale \u00e8 far bene il proprio mestiere: mi piace parafrasare le parole di Camus per interrogarmi su cosa significhi oggi fare bene il proprio compito. Di sicuro negli ospedali la generosit\u00e0 e l\u2019impegno di tanti medici, infermieri e personale sanitario hanno salvato tante vite, pagando con numerosi morti questa dedizione. La politica si \u00e8 mossa come ha potuto, con decreti, proroghe, ipotesi di nuove fasi. L\u2019immagine \u00e8 quella della barca che naviga a vista, in cerca di sponde dove approdare, nella difficolt\u00e0 di chi non sa quale sia la sponda da raggiungere. Salvare vite e non far precipitare lavoro ed economia sono un dilemma che mostra come il \u201cpoliedro\u201d sia complesso.<\/em><\/p>\n<p style=\"text-align: justify;\"><em>All\u2019inizio dell\u2019anno pastorale l\u2019Arcivescovo ha affermato che \u00abla situazione \u00e8 occasione\u00bb. Per il mondo del lavoro e dell\u2019economia quale occasione si presenta?<\/em><\/p>\n<p style=\"text-align: justify;\"><em>Forse questa situazione mostra che non tutti i nostri spostamenti per lavoro erano sempre cos\u00ec indispensabili. Io stesso ho partecipato a riunioni a distanza che non sono state meno efficaci rispetto a quelle fatte dal vivo, col vantaggio di aver risparmiato tempo e soldi. Anche la didattica a distanza \u2013 pur essendo diversa da quella in presenza \u2013 per alcune lezioni pu\u00f2 essere comunque un rimedio con una sua efficacia. Forse potremo fare passi in avanti nella direzione dello Smart Working e ridurre l\u2019uso di trasporti. Milano adesso sta ripensando la mobilit\u00e0 e immagina una valorizzazione anche degli spostamenti in bicicletta, che avrebbero il vantaggio di essere sostenibili sotto tutti i punti di vista.<\/em><\/p>\n<p style=\"text-align: justify;\"><em>Ma la vera sfida dove tutto si gioca \u00e8 la solidariet\u00e0. Infatti il Coronavirus ha evidenziato il divario tra chi ha i mezzi per comunicare, le risorse per vivere e le energie per reinventarsi spazi e attivit\u00e0 e chi \u00e8 pi\u00f9 povero, fragile e solo. Questo gap chiede una creativit\u00e0 che, anzich\u00e9 allargare le distanze, le accorci attraverso gesti concreti di cura reciproca. La sfida della prossimit\u00e0 non si deve arrendere alle corrette misure di distanziamento fisico. La differenza tra distanza fisica e distanza sociale non \u00e8 da poco. La prima \u00e8 misura necessaria per evitare i contagi, la seconda \u00e8 isolare le persone e lasciare i pi\u00f9 deboli in una pericolosa solitudine. Anche il lavoro e l\u2019economia chiedono di essere ripensati, ma senza perdere dinamiche di solidariet\u00e0.<\/em><\/p>\n<p style=\"text-align: justify;\"><em>Far bene il proprio mestiere \u00e8 sicuramente pensare ai pi\u00f9 deboli e immaginare trame di vicinanza reale.\u00ab<\/em><\/p>\n<p style=\"text-align: justify;\"><em>PUBBLICATO venerd\u00ec 24 aprile 2020<\/em><\/p>\n","protected":false},"excerpt":{"rendered":"<p>Carissimi, Vi comunico che in occasione della Festa del Lavoro il prossimo 30 aprile alle ore 21.00 si svolger\u00e0 la Veglia di preghiera con l&#8217;Arcivescovo Mario Delpini. L&#8217;evento della Diocesi, organizzato da Don Walter Magnoni, date le circostanze verr\u00e0 diffuso tramite i Media, in particolare verr\u00e0 trasmesso su: Chiesa Tv (canale 195 del digitale terrestre), Radio Marconi, Radio Mater e www.chiesadimilano.it In vista di questo appuntamento Vi invio a seguire una riflessione di Don Walter Magnoni, responsabile del Servizio diocesano per la pastorale sociale e del lavoro, pubblicato sul sito della Diocesi all&#8217;indirizzo: https:\/\/www.chiesadimilano.it\/news\/chiesa-diocesi\/il-lavoro-al-tempo-del-coronavirus-veglia-di-preghiera-con-larcivescovo-317702.html Scarica locandina Un caro saluto Piero&#8230;<\/p>\n","protected":false},"author":2,"featured_media":0,"parent":14929,"menu_order":0,"comment_status":"closed","ping_status":"closed","template":"","meta":[],"categories":[],"tags":[186],"_links":{"self":[{"href":"https:\/\/www.centesimusannus.va\/en\/wp-json\/wp\/v2\/pages\/12323"}],"collection":[{"href":"https:\/\/www.centesimusannus.va\/en\/wp-json\/wp\/v2\/pages"}],"about":[{"href":"https:\/\/www.centesimusannus.va\/en\/wp-json\/wp\/v2\/types\/page"}],"author":[{"embeddable":true,"href":"https:\/\/www.centesimusannus.va\/en\/wp-json\/wp\/v2\/users\/2"}],"replies":[{"embeddable":true,"href":"https:\/\/www.centesimusannus.va\/en\/wp-json\/wp\/v2\/comments?post=12323"}],"version-history":[{"count":0,"href":"https:\/\/www.centesimusannus.va\/en\/wp-json\/wp\/v2\/pages\/12323\/revisions"}],"up":[{"embeddable":true,"href":"https:\/\/www.centesimusannus.va\/en\/wp-json\/wp\/v2\/pages\/14929"}],"wp:attachment":[{"href":"https:\/\/www.centesimusannus.va\/en\/wp-json\/wp\/v2\/media?parent=12323"}],"wp:term":[{"taxonomy":"category","embeddable":true,"href":"https:\/\/www.centesimusannus.va\/en\/wp-json\/wp\/v2\/categories?post=12323"},{"taxonomy":"post_tag","embeddable":true,"href":"https:\/\/www.centesimusannus.va\/en\/wp-json\/wp\/v2\/tags?post=12323"}],"curies":[{"name":"wp","href":"https:\/\/api.w.org\/{rel}","templated":true}]}}