{"id":12300,"date":"2020-04-29T16:37:53","date_gmt":"2020-04-29T14:37:53","guid":{"rendered":"http:\/\/www.centesimusannus.va\/?page_id=12300"},"modified":"2021-12-10T15:36:16","modified_gmt":"2021-12-10T14:36:16","slug":"may-7th-2020-at-1900-trento-group-meeting","status":"publish","type":"page","link":"https:\/\/www.centesimusannus.va\/en\/activities\/local\/italy\/trento\/may-7th-2020-at-1900-trento-group-meeting\/","title":{"rendered":"May 7th 2020 at 19:00: Trento Group Meeting"},"content":{"rendered":"<p style=\"text-align: justify;\">Cari Amici,<\/p>\n<p style=\"text-align: justify;\">il nostro assistente ecclesiastico diocesano Prof. don Bruno Tomasi ci ha dato la sua disponibilit\u00e0 <strong>gioved\u00ec 7 maggio alle ore 19<\/strong> per continuare la riflessione sulla enciclica di Papa Francesco Laudato S\u00ec.<\/p>\n<p style=\"text-align: justify;\">Il collegamento sar\u00e0 su piattaforma Zoom. L\u2019incontro telematico durer\u00e0 30 minuti, al massimo 40.<\/p>\n<p style=\"text-align: justify;\">Non sar\u00e0 la stessa cosa come vedersi ed incontrarsi di persona, ma comunque la vita sta continuando con questa modalit\u00e0, lo facciamo anche noi.<\/p>\n<p style=\"text-align: justify;\">Vi prego, quindi, di ritagliarVi questo tempo: \u00e8 auspicabile collegarsi qualche minuto prima delle 19, per cominciare puntuali.<\/p>\n<p style=\"text-align: justify;\">Rocco Cerone<\/p>\n","protected":false},"excerpt":{"rendered":"<p>Cari Amici, il nostro assistente ecclesiastico diocesano Prof. don Bruno Tomasi ci ha dato la sua disponibilit\u00e0 gioved\u00ec 7 maggio alle ore 19 per continuare la riflessione sulla enciclica di Papa Francesco Laudato S\u00ec. Il collegamento sar\u00e0 su piattaforma Zoom. L\u2019incontro telematico durer\u00e0 30 minuti, al massimo 40. Non sar\u00e0 la stessa cosa come vedersi ed incontrarsi di persona, ma comunque la vita sta continuando con questa modalit\u00e0, lo facciamo anche noi. Vi prego, quindi, di ritagliarVi questo tempo: \u00e8 auspicabile collegarsi qualche minuto prima delle 19, per cominciare puntuali. Rocco Cerone<\/p>\n","protected":false},"author":2,"featured_media":0,"parent":14975,"menu_order":0,"comment_status":"closed","ping_status":"closed","template":"","meta":[],"categories":[],"tags":[205],"_links":{"self":[{"href":"https:\/\/www.centesimusannus.va\/en\/wp-json\/wp\/v2\/pages\/12300"}],"collection":[{"href":"https:\/\/www.centesimusannus.va\/en\/wp-json\/wp\/v2\/pages"}],"about":[{"href":"https:\/\/www.centesimusannus.va\/en\/wp-json\/wp\/v2\/types\/page"}],"author":[{"embeddable":true,"href":"https:\/\/www.centesimusannus.va\/en\/wp-json\/wp\/v2\/users\/2"}],"replies":[{"embeddable":true,"href":"https:\/\/www.centesimusannus.va\/en\/wp-json\/wp\/v2\/comments?post=12300"}],"version-history":[{"count":0,"href":"https:\/\/www.centesimusannus.va\/en\/wp-json\/wp\/v2\/pages\/12300\/revisions"}],"up":[{"embeddable":true,"href":"https:\/\/www.centesimusannus.va\/en\/wp-json\/wp\/v2\/pages\/14975"}],"wp:attachment":[{"href":"https:\/\/www.centesimusannus.va\/en\/wp-json\/wp\/v2\/media?parent=12300"}],"wp:term":[{"taxonomy":"category","embeddable":true,"href":"https:\/\/www.centesimusannus.va\/en\/wp-json\/wp\/v2\/categories?post=12300"},{"taxonomy":"post_tag","embeddable":true,"href":"https:\/\/www.centesimusannus.va\/en\/wp-json\/wp\/v2\/tags?post=12300"}],"curies":[{"name":"wp","href":"https:\/\/api.w.org\/{rel}","templated":true}]}}