{"id":12035,"date":"2020-04-01T16:51:51","date_gmt":"2020-04-01T14:51:51","guid":{"rendered":"http:\/\/www.centesimusannus.va\/?page_id=12035"},"modified":"2021-12-10T12:03:19","modified_gmt":"2021-12-10T11:03:19","slug":"april-8th-milan-chapter-videoconference-meeting","status":"publish","type":"page","link":"https:\/\/www.centesimusannus.va\/en\/activities\/local\/italy\/milan\/april-8th-milan-chapter-videoconference-meeting\/","title":{"rendered":"April 8th: Milan Chapter videoconference meeting"},"content":{"rendered":"<p>Carissimi,<\/p>\n<p style=\"text-align: justify;\">dopo la positiva esperienza di incontro in video-conferenza dello scorso venerd\u00ec 27 marzo che \u00e8 stata un bel momento di condivisione e di preghiera arricchito\u00a0dalle\u00a0parole di Don Walter e dalle brevi introduzioni della Presidente Anna Maria Tarantola e del Coordinatore della Fondazione per la Lombardia Francesco Sansone, si \u00e8 deciso di replicare organizzando una video-conferenza per il prossimo 8 aprile alle 18.30. La durata sar\u00e0 di 30 minuti, \u00e8 quindi importante che i partecipanti si colleghino puntualmente. La piattaforma utilizzata per il collegamento sar\u00e0 ZOOM:\u00a0<a href=\"https:\/\/zoom.us\/support\/download\" target=\"_blank\" rel=\"noopener\">https:\/\/zoom.us\/support\/download<\/a><\/p>\n<p style=\"text-align: justify;\">Sar\u00e0 una ulteriore occasione per incontrarci sia pure a distanza e condividere le riflessioni che ciascuno vorr\u00e0 fare, sar\u00e0 anche un modo per rappresentare la nostra resilienza di fronte a questa situazione imprevista ed inimmaginabile fino a poche\u00a0settimane fa.<\/p>\n<p style=\"text-align: justify;\">A breve riceverete sulla Vostra mail il link di invito per connettervi alla video-conferenza.<\/p>\n<p>Un caro saluto<\/p>\n<p>Piero Candido Tagliabue<\/p>\n<p>Segretario Coordinatore Chapter di Milano FCAPP<\/p>\n<p style=\"text-align: justify;\">\n","protected":false},"excerpt":{"rendered":"<p>Carissimi, dopo la positiva esperienza di incontro in video-conferenza dello scorso venerd\u00ec 27 marzo che \u00e8 stata un bel momento di condivisione e di preghiera arricchito\u00a0dalle\u00a0parole di Don Walter e dalle brevi introduzioni della Presidente Anna Maria Tarantola e del Coordinatore della Fondazione per la Lombardia Francesco Sansone, si \u00e8 deciso di replicare organizzando una video-conferenza per il prossimo 8 aprile alle 18.30. La durata sar\u00e0 di 30 minuti, \u00e8 quindi importante che i partecipanti si colleghino puntualmente. La piattaforma utilizzata per il collegamento sar\u00e0 ZOOM:\u00a0https:\/\/zoom.us\/support\/download Sar\u00e0 una ulteriore occasione per incontrarci sia pure a distanza e condividere le riflessioni&#8230;<\/p>\n","protected":false},"author":2,"featured_media":0,"parent":14929,"menu_order":0,"comment_status":"closed","ping_status":"closed","template":"","meta":[],"categories":[],"tags":[186],"_links":{"self":[{"href":"https:\/\/www.centesimusannus.va\/en\/wp-json\/wp\/v2\/pages\/12035"}],"collection":[{"href":"https:\/\/www.centesimusannus.va\/en\/wp-json\/wp\/v2\/pages"}],"about":[{"href":"https:\/\/www.centesimusannus.va\/en\/wp-json\/wp\/v2\/types\/page"}],"author":[{"embeddable":true,"href":"https:\/\/www.centesimusannus.va\/en\/wp-json\/wp\/v2\/users\/2"}],"replies":[{"embeddable":true,"href":"https:\/\/www.centesimusannus.va\/en\/wp-json\/wp\/v2\/comments?post=12035"}],"version-history":[{"count":0,"href":"https:\/\/www.centesimusannus.va\/en\/wp-json\/wp\/v2\/pages\/12035\/revisions"}],"up":[{"embeddable":true,"href":"https:\/\/www.centesimusannus.va\/en\/wp-json\/wp\/v2\/pages\/14929"}],"wp:attachment":[{"href":"https:\/\/www.centesimusannus.va\/en\/wp-json\/wp\/v2\/media?parent=12035"}],"wp:term":[{"taxonomy":"category","embeddable":true,"href":"https:\/\/www.centesimusannus.va\/en\/wp-json\/wp\/v2\/categories?post=12035"},{"taxonomy":"post_tag","embeddable":true,"href":"https:\/\/www.centesimusannus.va\/en\/wp-json\/wp\/v2\/tags?post=12035"}],"curies":[{"name":"wp","href":"https:\/\/api.w.org\/{rel}","templated":true}]}}