{"id":11809,"date":"2020-03-01T02:20:31","date_gmt":"2020-03-01T01:20:31","guid":{"rendered":"http:\/\/www.centesimusannus.va\/?page_id=11809"},"modified":"2021-12-13T12:33:29","modified_gmt":"2021-12-13T11:33:29","slug":"fcapp-roma-group-updates-on-future-meetings","status":"publish","type":"page","link":"https:\/\/www.centesimusannus.va\/en\/activities\/local\/italy\/rome\/fcapp-roma-group-updates-on-future-meetings\/","title":{"rendered":"FCAPP Roman Group: Updates on future meetings"},"content":{"rendered":"<p style=\"text-align: justify;\">Carissimi,<\/p>\n<p style=\"text-align: justify;\">vi scrivo per un breve aggiornamento.<\/p>\n<p style=\"text-align: justify;\">Luned\u00ec scorso abbiamo incontrato con alcuni di Voi la Comunit\u00e0 della Parrocchia di Don Stefano. Ci hanno raccontato quanto stanno facendo.<\/p>\n<p style=\"text-align: justify;\">Nella Parrocchia hanno un centro dove forniscono beni di prima necessit\u00e0, un appartamento dove accolgono donne in difficolt\u00e0 e molte attivit\u00e0 parrocchiali, tra cui una squadra di calcio per bimbi rom, attivit\u00e0 sportive e gli scout. La parrocchia sorge nel quartiere di Magliana e, attorno ad essa, negli anni si sono create molte attivit\u00e0 di volontariato sia di matrice cattolica che laica. Le esigenze della Parrocchia sono molteplici, tra cui sviluppare corsi di formazione per i giovani del quartiere (es: in passato hanno erogato corsi di formazione sull&#8217;utilizzo del pc), un campo da calcio nuovo, nuovi volontari, fondi etc&#8230;<\/p>\n<p style=\"text-align: justify;\">Ci siamo lasciati con il compito lato loro di identificare alcune esigenze specifiche su cui noi come Gruppo di Roma potremmo intervenire.<\/p>\n<p style=\"text-align: justify;\">Tra queste mi sono venute in mente alcune iniziative semplici e concrete che potrebbero partire da subito, e che hanno gi\u00e0 trovato un loro gradimento:<\/p>\n<ol style=\"text-align: justify;\">\n<li>capire se all&#8217;interno del nostro network sia possibile identificare aziende che possano essere interessate a finanziare un mini percorso di formazione per questi giovani per poi avviarli ad un tirocinio presso di loro;<\/li>\n<li>identificare soggetti che possono supportare i giovani meritevoli nel percorso di studi;<\/li>\n<li>aiutarli nell&#8217;identificazione \/ partecipazione a\u00a0 programmi di finanziamento pubblici (es: Comunit\u00e0 Europea, Regione Lazio&#8230;), attraverso i quali organizzare dei corsi nel territorio della Magliana;<\/li>\n<li>capire se all&#8217;interno del nostro network qualche avvocato\/commercialista possa mettere a rotazione 1 ora al mese del proprio tempo o dei propri collaboratori per fornire un help desk legale\/fiscale di base;<\/li>\n<li>capire se qualcuno possa fornire un supporto alla Parrocchia per aiutarli nello sviluppare nuove\u00a0 attivit\u00e0 sportive.<\/li>\n<\/ol>\n<p style=\"text-align: justify;\">Abbiamo gi\u00e0 identificato alcuni soggetti da coinvolgere per rispondere a queste necessit\u00e0. A tal proposito ringrazio tutti quelli che al momento mi hanno dato gi\u00e0 una disponibilit\u00e0 a lavorare su queste tematiche.<\/p>\n<p style=\"text-align: justify;\">Colgo l&#8217;occasione per ricordarVi la data del 12 marzo pv in cui avremo il piacere di ospitare la Presidente Dott.ssa Tarantola.<\/p>\n<p style=\"text-align: justify;\">Vi segnalo inoltre che, in accordo con Don Francesco, in data luned\u00ec&#8217; 30 marzo organizzeremo un mini ritiro\/momento di riflessione di massimo 1 ora e mezza in occasione della Santa Pasqua. Per entrambi gli eventi l&#8217;orario \u00e8 il consueto ore 19.00 presso la Parrocchia di Santa Maria dei Monti.<\/p>\n<p style=\"text-align: justify;\">RingraziandoVi ancora<\/p>\n<p style=\"text-align: justify;\">un cordiale saluto<\/p>\n<p style=\"text-align: justify;\">Alessandro Rizzo<\/p>\n<p style=\"text-align: justify;\">Referente FCAPP Roma<\/p>\n<p style=\"text-align: justify;\">\n","protected":false},"excerpt":{"rendered":"<p>Carissimi, vi scrivo per un breve aggiornamento. Luned\u00ec scorso abbiamo incontrato con alcuni di Voi la Comunit\u00e0 della Parrocchia di Don Stefano. Ci hanno raccontato quanto stanno facendo. Nella Parrocchia hanno un centro dove forniscono beni di prima necessit\u00e0, un appartamento dove accolgono donne in difficolt\u00e0 e molte attivit\u00e0 parrocchiali, tra cui una squadra di calcio per bimbi rom, attivit\u00e0 sportive e gli scout. La parrocchia sorge nel quartiere di Magliana e, attorno ad essa, negli anni si sono create molte attivit\u00e0 di volontariato sia di matrice cattolica che laica. Le esigenze della Parrocchia sono molteplici, tra cui sviluppare corsi&#8230;<\/p>\n","protected":false},"author":2,"featured_media":0,"parent":15027,"menu_order":0,"comment_status":"closed","ping_status":"closed","template":"","meta":[],"categories":[32],"tags":[192],"_links":{"self":[{"href":"https:\/\/www.centesimusannus.va\/en\/wp-json\/wp\/v2\/pages\/11809"}],"collection":[{"href":"https:\/\/www.centesimusannus.va\/en\/wp-json\/wp\/v2\/pages"}],"about":[{"href":"https:\/\/www.centesimusannus.va\/en\/wp-json\/wp\/v2\/types\/page"}],"author":[{"embeddable":true,"href":"https:\/\/www.centesimusannus.va\/en\/wp-json\/wp\/v2\/users\/2"}],"replies":[{"embeddable":true,"href":"https:\/\/www.centesimusannus.va\/en\/wp-json\/wp\/v2\/comments?post=11809"}],"version-history":[{"count":0,"href":"https:\/\/www.centesimusannus.va\/en\/wp-json\/wp\/v2\/pages\/11809\/revisions"}],"up":[{"embeddable":true,"href":"https:\/\/www.centesimusannus.va\/en\/wp-json\/wp\/v2\/pages\/15027"}],"wp:attachment":[{"href":"https:\/\/www.centesimusannus.va\/en\/wp-json\/wp\/v2\/media?parent=11809"}],"wp:term":[{"taxonomy":"category","embeddable":true,"href":"https:\/\/www.centesimusannus.va\/en\/wp-json\/wp\/v2\/categories?post=11809"},{"taxonomy":"post_tag","embeddable":true,"href":"https:\/\/www.centesimusannus.va\/en\/wp-json\/wp\/v2\/tags?post=11809"}],"curies":[{"name":"wp","href":"https:\/\/api.w.org\/{rel}","templated":true}]}}