{"id":11417,"date":"2020-02-14T22:33:05","date_gmt":"2020-02-14T21:33:05","guid":{"rendered":"http:\/\/www.centesimusannus.va\/?page_id=11417"},"modified":"2021-12-10T12:00:37","modified_gmt":"2021-12-10T11:00:37","slug":"report-of-the-meeting-of-10-february-and-reflexions","status":"publish","type":"page","link":"https:\/\/www.centesimusannus.va\/en\/activities\/local\/italy\/milan\/report-of-the-meeting-of-10-february-and-reflexions\/","title":{"rendered":"Report of the meeting on February 10th and reflexions"},"content":{"rendered":"<p class=\"yiv7591056733MsoNormal\" style=\"text-align: justify;\">Carissimi,<\/p>\n<div>\n<div style=\"text-align: justify;\">\n<p class=\"yiv7591056733MsoNormal\">lo scorso 10 febbraio si \u00e8 tenuta la periodica riunione del nostro Chapter.<\/p>\n<\/div>\n<div style=\"text-align: justify;\">\n<p class=\"yiv7591056733MsoNormal\">Nel corso dell&#8217;incontro si \u00e8 ulteriormente approfondito il tema della\u00a0<b>coesione sociale<\/b>\u00a0che\u00a0&#8211;\u00a0come gi\u00e0 detto\u00a0&#8211;\u00a0\u00e8 stato individuato come base per sviluppare un documento che costituir\u00e0 il nostro contributo alla Convention Internazionale di Roma.<\/p>\n<p class=\"yiv7591056733MsoNormal\">Dalla riunione \u00e8 emerso anche l&#8217;invito a tutti coloro che ritengono di poter contribuire allo sviluppo del documento a fornire i loro spunti di riflessione.<\/p>\n<\/div>\n<div style=\"text-align: justify;\">\n<p class=\"yiv7591056733MsoNormal\">Vi ricordo infine che il prossimo appuntamento \u00e8 fissato per il 28 marzo per il ritiro spirituale che,\u00a0come di consueto,\u00a0si svolger\u00e0 a Villa Cagnola.<\/p>\n<\/div>\n<div style=\"text-align: justify;\">\n<p class=\"yiv7591056733MsoNormal\">Un caro saluto<\/p>\n<\/div>\n<div>\n<div id=\"yiv7591056733m_-2045898257387871076m_-3067909457333434658m_-4436818419128985548gmail-:19x\">\n<div id=\"yiv7591056733m_-2045898257387871076m_-3067909457333434658m_-4436818419128985548gmail-:1bz\">\n<div>\n<p class=\"yiv7591056733MsoNormal\" style=\"text-align: justify;\">Piero Candido Tagliabue<\/p>\n<div>\n<div>\n<p class=\"yiv7591056733MsoNormal\" style=\"text-align: justify;\">Segretario Coordinatore\u00a0Chapter di Milano FCAPP<\/p>\n<\/div>\n<\/div>\n<\/div>\n<\/div>\n<\/div>\n<\/div>\n<\/div>\n","protected":false},"excerpt":{"rendered":"<p>Carissimi, lo scorso 10 febbraio si \u00e8 tenuta la periodica riunione del nostro Chapter. Nel corso dell&#8217;incontro si \u00e8 ulteriormente approfondito il tema della\u00a0coesione sociale\u00a0che\u00a0&#8211;\u00a0come gi\u00e0 detto\u00a0&#8211;\u00a0\u00e8 stato individuato come base per sviluppare un documento che costituir\u00e0 il nostro contributo alla Convention Internazionale di Roma. Dalla riunione \u00e8 emerso anche l&#8217;invito a tutti coloro che ritengono di poter contribuire allo sviluppo del documento a fornire i loro spunti di riflessione. Vi ricordo infine che il prossimo appuntamento \u00e8 fissato per il 28 marzo per il ritiro spirituale che,\u00a0come di consueto,\u00a0si svolger\u00e0 a Villa Cagnola. Un caro saluto Piero Candido Tagliabue&#8230;<\/p>\n","protected":false},"author":2,"featured_media":0,"parent":14929,"menu_order":0,"comment_status":"closed","ping_status":"closed","template":"","meta":[],"categories":[],"tags":[186],"_links":{"self":[{"href":"https:\/\/www.centesimusannus.va\/en\/wp-json\/wp\/v2\/pages\/11417"}],"collection":[{"href":"https:\/\/www.centesimusannus.va\/en\/wp-json\/wp\/v2\/pages"}],"about":[{"href":"https:\/\/www.centesimusannus.va\/en\/wp-json\/wp\/v2\/types\/page"}],"author":[{"embeddable":true,"href":"https:\/\/www.centesimusannus.va\/en\/wp-json\/wp\/v2\/users\/2"}],"replies":[{"embeddable":true,"href":"https:\/\/www.centesimusannus.va\/en\/wp-json\/wp\/v2\/comments?post=11417"}],"version-history":[{"count":0,"href":"https:\/\/www.centesimusannus.va\/en\/wp-json\/wp\/v2\/pages\/11417\/revisions"}],"up":[{"embeddable":true,"href":"https:\/\/www.centesimusannus.va\/en\/wp-json\/wp\/v2\/pages\/14929"}],"wp:attachment":[{"href":"https:\/\/www.centesimusannus.va\/en\/wp-json\/wp\/v2\/media?parent=11417"}],"wp:term":[{"taxonomy":"category","embeddable":true,"href":"https:\/\/www.centesimusannus.va\/en\/wp-json\/wp\/v2\/categories?post=11417"},{"taxonomy":"post_tag","embeddable":true,"href":"https:\/\/www.centesimusannus.va\/en\/wp-json\/wp\/v2\/tags?post=11417"}],"curies":[{"name":"wp","href":"https:\/\/api.w.org\/{rel}","templated":true}]}}