{"id":11087,"date":"2020-01-13T14:58:06","date_gmt":"2020-01-13T13:58:06","guid":{"rendered":"http:\/\/www.centesimusannus.va\/?page_id=11087"},"modified":"2021-12-10T12:01:09","modified_gmt":"2021-12-10T11:01:09","slug":"meeting-cancellation-january-13rd-and-ucid-appointment-11st-february","status":"publish","type":"page","link":"https:\/\/www.centesimusannus.va\/en\/activities\/local\/italy\/milan\/meeting-cancellation-january-13rd-and-ucid-appointment-11st-february\/","title":{"rendered":"Meeting cancellation January 13rd and UCID appointment 11st February"},"content":{"rendered":"<p style=\"text-align: justify;\">Carissimi,<\/p>\n<p style=\"text-align: justify;\">Vi comunico che la riunione convocata per il prossimo luned\u00ec 13 non potr\u00e0 tenersi per problemi organizzativi. D&#8217;intesa con Giovanni Facchini Martini e Don Walter si \u00e8 quindi stabilito di rinviare l&#8217;incontro alla successiva data in calendario, vale a dire il 10 febbraio p.v.. Nel frattempo sarebbe utile poter recepire riflessioni e analisi sul tema della coesione sociale, da parte di chi pu\u00f2 e vuole fornire un contributo alla discussione, al fine di avere una base di lavoro sulla quale sviluppare l&#8217;approfondimento nella prossima riunione.<\/p>\n<p style=\"text-align: justify;\">Colgo l&#8217;occasione per segnalarvi che il giorno<strong> 11 febbraio p.v. alle ore 19.00<\/strong> vi sar\u00e0 un incontro con Domenico Siniscalco presso l&#8217;Ambrosianeum, organizzato in collaborazione con l&#8217;UCID sul tema: <strong>&#8220;Crescita economica e sostenibilit\u00e0&#8221;<\/strong>.<\/p>\n<p style=\"text-align: justify;\">Un caro saluto<br \/>\nPiero Candido Tagliabue<br \/>\nSegretario Coordinatore Chapter di Milano FCAPP<\/p>\n","protected":false},"excerpt":{"rendered":"<p>Carissimi, Vi comunico che la riunione convocata per il prossimo luned\u00ec 13 non potr\u00e0 tenersi per problemi organizzativi. D&#8217;intesa con Giovanni Facchini Martini e Don Walter si \u00e8 quindi stabilito di rinviare l&#8217;incontro alla successiva data in calendario, vale a dire il 10 febbraio p.v.. Nel frattempo sarebbe utile poter recepire riflessioni e analisi sul tema della coesione sociale, da parte di chi pu\u00f2 e vuole fornire un contributo alla discussione, al fine di avere una base di lavoro sulla quale sviluppare l&#8217;approfondimento nella prossima riunione. Colgo l&#8217;occasione per segnalarvi che il giorno 11 febbraio p.v. alle ore 19.00 vi&#8230;<\/p>\n","protected":false},"author":2,"featured_media":0,"parent":14929,"menu_order":0,"comment_status":"closed","ping_status":"closed","template":"","meta":[],"categories":[],"tags":[186],"_links":{"self":[{"href":"https:\/\/www.centesimusannus.va\/en\/wp-json\/wp\/v2\/pages\/11087"}],"collection":[{"href":"https:\/\/www.centesimusannus.va\/en\/wp-json\/wp\/v2\/pages"}],"about":[{"href":"https:\/\/www.centesimusannus.va\/en\/wp-json\/wp\/v2\/types\/page"}],"author":[{"embeddable":true,"href":"https:\/\/www.centesimusannus.va\/en\/wp-json\/wp\/v2\/users\/2"}],"replies":[{"embeddable":true,"href":"https:\/\/www.centesimusannus.va\/en\/wp-json\/wp\/v2\/comments?post=11087"}],"version-history":[{"count":0,"href":"https:\/\/www.centesimusannus.va\/en\/wp-json\/wp\/v2\/pages\/11087\/revisions"}],"up":[{"embeddable":true,"href":"https:\/\/www.centesimusannus.va\/en\/wp-json\/wp\/v2\/pages\/14929"}],"wp:attachment":[{"href":"https:\/\/www.centesimusannus.va\/en\/wp-json\/wp\/v2\/media?parent=11087"}],"wp:term":[{"taxonomy":"category","embeddable":true,"href":"https:\/\/www.centesimusannus.va\/en\/wp-json\/wp\/v2\/categories?post=11087"},{"taxonomy":"post_tag","embeddable":true,"href":"https:\/\/www.centesimusannus.va\/en\/wp-json\/wp\/v2\/tags?post=11087"}],"curies":[{"name":"wp","href":"https:\/\/api.w.org\/{rel}","templated":true}]}}