{"id":10374,"date":"2019-08-29T15:15:50","date_gmt":"2019-08-29T13:15:50","guid":{"rendered":"http:\/\/www.centesimusannus.va\/?page_id=10374"},"modified":"2021-12-16T11:12:30","modified_gmt":"2021-12-16T10:12:30","slug":"bergamo-group-meetings-preparation-for-the-2019-international-conference-new-dates","status":"publish","type":"page","link":"https:\/\/www.centesimusannus.va\/en\/activities\/local\/italy\/bergamo\/bergamo-group-meetings-preparation-for-the-2019-international-conference-new-dates\/","title":{"rendered":"Bergamo Group Meetings, preparation for the 2019 International Conference: new dates"},"content":{"rendered":"<p class=\"yiv9958432433msonormal\">Gentili Membri,<\/p>\n<p class=\"yiv9958432433msonormal\">a seguito delle poche conferme ricevute per l\u2019incontro di luned\u00ec 18 febbraio p.v.\u00a0<span style=\"color: #1f497d;\">s<\/span>ono a comunicarvi, di comune accordo con Don Re, che l\u2019incontro \u00e8 riprogrammato per <u>luned\u00ec 4 Marzo.<\/u><\/p>\n<p class=\"yiv9958432433msonormal\">Sono a riassumervi per comodit\u00e0 i prossimi appuntamenti con relativi orari e \u00a0luogo in cui si svolgeranno e ospite:<\/p>\n<p class=\"yiv9958432433msonormal\"><u>Luned\u00ec 4 Marzo Ore 15:00<\/u> <u>Tema<\/u> <span style=\"color: black;\">&#8211; Disuguaglianze e ruolo delle imprese insieme al territorio per attuare buone prassi di cura e crescita: I migranti. La scuola dell&#8217;integrazione realizzata da Confindustria Bergamo, Comune, Diocesi.<\/span><\/p>\n<p class=\"yiv9958432433ox-da541c23c1-msonormal\"><u>Presso<\/u> la Curia di Bergamo in Piazza Duomo, 5<\/p>\n<p class=\"yiv9958432433msonormal\"><u><span style=\"color: black;\">A cura<\/span><\/u><span style=\"color: black;\"> di Confindustria Bergamo e dott. Piccinali di Scame.<\/span><\/p>\n<p class=\"yiv9958432433msonormal\"><u>Luned\u00ec 25 Marzo Ore 15:00<\/u> <u>Tema:<\/u> <span style=\"color: black;\">Disuguaglianze e ruolo delle imprese insieme al territorio per attuare buone prassi di cura e crescita: Differenza di genere nel mondo del lavoro, conciliazione tempi famiglia lavoro, progressi di carriera.\u00a0\u00a0 <\/span><\/p>\n<p class=\"yiv9958432433msonormal\"><u>Presso<\/u> \u00a0Confindustria Bergamo, Via Gabriele Camozzi, 70 Bergamo<\/p>\n<p class=\"yiv9958432433ox-da541c23c1-msonormal\"><u><span style=\"color: black;\">A cura<\/span><\/u><span style=\"color: black;\"> di Confindustria Bergamo e dott. Piccinali di Scame.<\/span><\/p>\n<p class=\"yiv9958432433msonormal\"><u>Luned\u00ec 15 Aprile ore 15:00 <\/u>\u00a0<u>Tema<\/u>: <span style=\"color: black;\">Disuguaglianze e ruolo delle imprese insieme al territorio per attuare buone prassi di cura e crescita: La crescita delle competenze attraverso la formazione per le fasce prive di adeguate competenze, con particolare riferimento all\u2019innovazione tecnologica. <\/span><\/p>\n<p class=\"yiv9958432433ox-da541c23c1-msonormal\"><u>Presso <\/u>Confindustria Bergamo, Via Gabriele Camozzi, 70 Bergamo<u> <\/u><\/p>\n<p class=\"yiv9958432433ox-da541c23c1-msonormal\"><u>A cura: <\/u>da Definirsi<\/p>\n<p class=\"yiv9958432433ox-da541c23c1-msonormal\"><u>Gioved\u00ec 9 Maggio ore 15:00:<\/u>\u00a0<u>Tema: <\/u>Verifica e rilancio di alcune questioni di fondo anche in riferimento al convegno internazionale.<\/p>\n<p class=\"yiv9958432433ox-da541c23c1-msonormal\"><u>Presso <\/u>Confindustria Bergamo, Via Gabriele Camozzi, 7<span style=\"color: #1f497d;\">0 <\/span>Bergamo<u> <\/u><\/p>\n<p class=\"yiv9958432433ox-da541c23c1-msonormal\"><u>A cura: <\/u>da Definirsi<\/p>\n<p class=\"yiv9958432433msonormal\">Ringraziandovi<\/p>\n<p class=\"yiv9958432433msonormal\">Vi auguro una buona giornata<\/p>\n<p class=\"yiv9958432433msonormal\">Gabriele Fava<\/p>\n<p class=\"yiv9958432433msonormal\">Coordinatore FCAPP Bergamo<\/p>\n<p>&nbsp;<\/p>\n","protected":false},"excerpt":{"rendered":"<p>Gentili Membri, a seguito delle poche conferme ricevute per l\u2019incontro di luned\u00ec 18 febbraio p.v.\u00a0sono a comunicarvi, di comune accordo con Don Re, che l\u2019incontro \u00e8 riprogrammato per luned\u00ec 4 Marzo. Sono a riassumervi per comodit\u00e0 i prossimi appuntamenti con relativi orari e \u00a0luogo in cui si svolgeranno e ospite: Luned\u00ec 4 Marzo Ore 15:00 Tema &#8211; Disuguaglianze e ruolo delle imprese insieme al territorio per attuare buone prassi di cura e crescita: I migranti. La scuola dell&#8217;integrazione realizzata da Confindustria Bergamo, Comune, Diocesi. Presso la Curia di Bergamo in Piazza Duomo, 5 A cura di Confindustria Bergamo e dott&#8230;.<\/p>\n","protected":false},"author":2,"featured_media":0,"parent":15051,"menu_order":2,"comment_status":"closed","ping_status":"closed","template":"","meta":[],"categories":[],"tags":[347],"_links":{"self":[{"href":"https:\/\/www.centesimusannus.va\/en\/wp-json\/wp\/v2\/pages\/10374"}],"collection":[{"href":"https:\/\/www.centesimusannus.va\/en\/wp-json\/wp\/v2\/pages"}],"about":[{"href":"https:\/\/www.centesimusannus.va\/en\/wp-json\/wp\/v2\/types\/page"}],"author":[{"embeddable":true,"href":"https:\/\/www.centesimusannus.va\/en\/wp-json\/wp\/v2\/users\/2"}],"replies":[{"embeddable":true,"href":"https:\/\/www.centesimusannus.va\/en\/wp-json\/wp\/v2\/comments?post=10374"}],"version-history":[{"count":0,"href":"https:\/\/www.centesimusannus.va\/en\/wp-json\/wp\/v2\/pages\/10374\/revisions"}],"up":[{"embeddable":true,"href":"https:\/\/www.centesimusannus.va\/en\/wp-json\/wp\/v2\/pages\/15051"}],"wp:attachment":[{"href":"https:\/\/www.centesimusannus.va\/en\/wp-json\/wp\/v2\/media?parent=10374"}],"wp:term":[{"taxonomy":"category","embeddable":true,"href":"https:\/\/www.centesimusannus.va\/en\/wp-json\/wp\/v2\/categories?post=10374"},{"taxonomy":"post_tag","embeddable":true,"href":"https:\/\/www.centesimusannus.va\/en\/wp-json\/wp\/v2\/tags?post=10374"}],"curies":[{"name":"wp","href":"https:\/\/api.w.org\/{rel}","templated":true}]}}