{"id":10307,"date":"2019-08-29T11:55:48","date_gmt":"2019-08-29T09:55:48","guid":{"rendered":"http:\/\/www.centesimusannus.va\/?page_id=10307"},"modified":"2021-12-16T11:12:23","modified_gmt":"2021-12-16T10:12:23","slug":"next-meetings","status":"publish","type":"page","link":"https:\/\/www.centesimusannus.va\/en\/activities\/local\/italy\/bergamo\/next-meetings\/","title":{"rendered":"Next meetings"},"content":{"rendered":"<p>Gentili Membri,<\/p>\n<p>a seguito del Nostro incontro di mercoled\u00ec 9 Gennaio, \u00a0svoltosi presso la Curia Vescovile, abbiamo dunque preso spunto da quanto gi\u00e0 individuato precedentemente e affinato a seconda di quanto da Voi suggerito.<\/p>\n<p>Si \u00e8 pensato, a partire dalle date gi\u00e0 individuate, di sviluppare le seguenti argomentazioni tratte dalla Laudato Si\u2019 di Papa Francesco ai numeri:<\/p>\n<ul>\n<li>79,81,123<\/li>\n<li>86<\/li>\n<li>81,106,107,109,110,145,203<\/li>\n<li>45,148.<\/li>\n<\/ul>\n<p>Senza dunque disperdersi su tematiche molteplici, potremmo riassumere al meglio il percorso sul tema delle \u201c<em>diseguaglianze<\/em>\u201d e del \u201c<em>ruolo delle persone, imprese, associazioni, gruppi nel realizzare azioni per la cura della casa comune\u201d.<\/em><\/p>\n<p>Siamo a proporVi, il calendario, senza alcuna variazione per quanto concerne le date, con le relative tematiche integrate:<\/p>\n<p><em>\u00a0<\/em><strong><em>&#8211; Luned\u00ec 18 Febbraio<\/em><\/strong><em> \u2013 \u201cDisuguaglianze e ruolo delle imprese insieme al territorio per attuare buone prassi di cura e crescita\u201d<\/em><\/p>\n<p>I migranti. La scuola dell&#8217;integrazione realizzata da Confindustria Bergamo, Comune, Diocesi. A cura di Confindustria Bergamo e dott. Piccinali di Scame.<\/p>\n<p><em>\u00a0<\/em><em>&#8211; <strong>Luned\u00ec 25 Marzo<\/strong> &#8211; Disuguaglianze e ruolo delle imprese insieme al territorio per attuare buone prassi di cura e crescita: <\/em><\/p>\n<p>Differenza di genere nel mondo del lavoro, conciliazione tempi famiglia lavoro, progressi di carriera.\u00a0 Dott. Malandrini Confindustria Bergamo e dott. Piccinali di Scame.<\/p>\n<p><em>\u00a0<\/em><strong><em>&#8211; Luned\u00ec 15 Aprile<\/em><\/strong><em> &#8211; Disuguaglianze e ruolo delle imprese insieme al territorio per attuare buone prassi di cura e crescita: <\/em><\/p>\n<p>La crescita delle competenze attraverso la formazione per le fasce prive di adeguate competenze, con particolare riferimento all\u2019innovazione tecnologica\u201d.<\/p>\n<p><em>\u00a0<\/em><strong><em>&#8211; Gioved\u00ec 9 Maggio<\/em><\/strong><em> \u2013 Verifica e rilancio di alcune questioni di fondo anche in riferimento al convegno internazionale.<\/em><\/p>\n<p>Attendo Vostre Conferme di partecipazione all\u2019incontro di Luned\u00ec 18 Febbraio alle ore 15:00 presso la <u>Curia Vescovile di Bergamo in piazza Duomo n 5; <\/u><\/p>\n<p>Cordialmente<\/p>\n<p>Gabriele Fava<\/p>\n<p>Referente<\/p>\n<p>FCAPP Bergamo<\/p>\n<p>&nbsp;<\/p>\n","protected":false},"excerpt":{"rendered":"<p>Gentili Membri, a seguito del Nostro incontro di mercoled\u00ec 9 Gennaio, \u00a0svoltosi presso la Curia Vescovile, abbiamo dunque preso spunto da quanto gi\u00e0 individuato precedentemente e affinato a seconda di quanto da Voi suggerito. Si \u00e8 pensato, a partire dalle date gi\u00e0 individuate, di sviluppare le seguenti argomentazioni tratte dalla Laudato Si\u2019 di Papa Francesco ai numeri: 79,81,123 86 81,106,107,109,110,145,203 45,148. Senza dunque disperdersi su tematiche molteplici, potremmo riassumere al meglio il percorso sul tema delle \u201cdiseguaglianze\u201d e del \u201cruolo delle persone, imprese, associazioni, gruppi nel realizzare azioni per la cura della casa comune\u201d. Siamo a proporVi, il calendario, senza&#8230;<\/p>\n","protected":false},"author":2,"featured_media":0,"parent":15051,"menu_order":2,"comment_status":"closed","ping_status":"closed","template":"","meta":[],"categories":[],"tags":[347],"_links":{"self":[{"href":"https:\/\/www.centesimusannus.va\/en\/wp-json\/wp\/v2\/pages\/10307"}],"collection":[{"href":"https:\/\/www.centesimusannus.va\/en\/wp-json\/wp\/v2\/pages"}],"about":[{"href":"https:\/\/www.centesimusannus.va\/en\/wp-json\/wp\/v2\/types\/page"}],"author":[{"embeddable":true,"href":"https:\/\/www.centesimusannus.va\/en\/wp-json\/wp\/v2\/users\/2"}],"replies":[{"embeddable":true,"href":"https:\/\/www.centesimusannus.va\/en\/wp-json\/wp\/v2\/comments?post=10307"}],"version-history":[{"count":0,"href":"https:\/\/www.centesimusannus.va\/en\/wp-json\/wp\/v2\/pages\/10307\/revisions"}],"up":[{"embeddable":true,"href":"https:\/\/www.centesimusannus.va\/en\/wp-json\/wp\/v2\/pages\/15051"}],"wp:attachment":[{"href":"https:\/\/www.centesimusannus.va\/en\/wp-json\/wp\/v2\/media?parent=10307"}],"wp:term":[{"taxonomy":"category","embeddable":true,"href":"https:\/\/www.centesimusannus.va\/en\/wp-json\/wp\/v2\/categories?post=10307"},{"taxonomy":"post_tag","embeddable":true,"href":"https:\/\/www.centesimusannus.va\/en\/wp-json\/wp\/v2\/tags?post=10307"}],"curies":[{"name":"wp","href":"https:\/\/api.w.org\/{rel}","templated":true}]}}