{"id":10284,"date":"2019-08-29T11:20:47","date_gmt":"2019-08-29T09:20:47","guid":{"rendered":"http:\/\/www.centesimusannus.va\/?page_id=10284"},"modified":"2021-12-14T10:48:16","modified_gmt":"2021-12-14T09:48:16","slug":"29th-january-2019-meeting-of-capp-milan-group","status":"publish","type":"page","link":"https:\/\/www.centesimusannus.va\/en\/activities\/local\/italy\/milan\/29th-january-2019-meeting-of-capp-milan-group\/","title":{"rendered":"29th January 2019: Meeting of CAPP Milan group"},"content":{"rendered":"<p class=\"yiv5734173745msonormal\"><span style=\"font-family: 'Book Antiqua',serif;\">Carissimi,<\/span><\/p>\n<p class=\"yiv5734173745msonormal\"><span style=\"font-size: 11.0pt; font-family: 'Book Antiqua',serif;\">\u00a0<\/span><span style=\"font-family: 'Book Antiqua',serif;\">Vi comunico che la prossima riunione del Chapter di Milano si svolger\u00e0 il prossimo 29 gennaio anzich\u00e9 il 28 come inizialmente programmato. Come sempre avr\u00e0 luogo presso la sala riunioni &#8220;oratorio&#8221; adiacente alla chiesa di San Giorgio a partire dalle ore 18.15 fino alle ore 20.00 circa. La riunione avr\u00e0 lo scopo di affinare ulteriormente l&#8217;impostazione del documento che costituir\u00e0 il contributo del nostro Gruppo locale alla Conferenza Internazionale di Roma che si svolger\u00e0 il 6 e 7 Giugno 2019 con l&#8217;Udienza Privata con il Santo Padre l&#8217;8 giugno.<\/span><\/p>\n<p class=\"yiv5734173745msonormal\"><span style=\"font-size: 11.0pt; font-family: 'Book Antiqua',serif;\">\u00a0<\/span><span style=\"font-family: 'Book Antiqua',serif;\">Il tema della Conferenza \u00e8:\u00a0 &#8220;Laudato Si\u2019 la conversione di un ideale in realt\u00e0. Il difficile percorso verso l&#8217;ecologia integrale&#8221;. Come gi\u00e0 detto il nostro contributo sar\u00e0 incentrato sulla sostenibilit\u00e0 in campo economico e finanziario; su questo tema sono gi\u00e0 disponibili\u00a0 utili contributi da parte di alcuni aderenti ai quali speriamo se ne possano aggiungere altri. Nella prossima riunione si tratter\u00e0 quindi di trovare una sintesi comune fra i vari contributi e gli spunti di riflessione fin qui emersi.<\/span><\/p>\n<p class=\"yiv5734173745msonormal\"><span style=\"font-family: 'Book Antiqua',serif;\">Con l&#8217;occasione Vi comunico il calendario aggiornato dei prossimi incontri, ci sono state infatti delle piccole variazioni:<\/span><\/p>\n<p class=\"yiv5734173745msonormal\"><span style=\"font-family: 'Book Antiqua',serif;\">29 gennaio 2019<\/span><\/p>\n<p class=\"yiv5734173745msonormal\"><span style=\"font-family: 'Book Antiqua',serif;\">11 febbraio 2019<\/span><\/p>\n<p class=\"yiv5734173745msonormal\"><span style=\"font-family: 'Book Antiqua',serif;\">23 marzo 2019: Ritiro spirituale presso Villa Cagnola a Gazzada (VA)<\/span><\/p>\n<p class=\"yiv5734173745msonormal\"><span style=\"font-family: 'Book Antiqua',serif;\">8 aprile 2019<\/span><\/p>\n<p class=\"yiv5734173745msonormal\"><span style=\"font-family: 'Book Antiqua',serif;\">14 maggio 2019<\/span><\/p>\n<p class=\"yiv5734173745msonormal\"><span style=\"font-family: 'Book Antiqua',serif;\">In attesa di incontrarvi numerosi alla prossima riunione Vi porgo un caro saluto.<\/span><\/p>\n<p style=\"margin: 0cm; margin-bottom: .0001pt; word-spacing: 0px;\"><span style=\"font-family: 'Book Antiqua',serif;\">Piero Candido Tagliabue<\/span><\/p>\n<p style=\"margin: 0cm; margin-bottom: .0001pt; word-spacing: 0px;\"><span style=\"font-family: 'Book Antiqua',serif;\">Segretario Coordinatore Chapter di Milano FCAPP<\/span><\/p>\n","protected":false},"excerpt":{"rendered":"<p>Carissimi, \u00a0Vi comunico che la prossima riunione del Chapter di Milano si svolger\u00e0 il prossimo 29 gennaio anzich\u00e9 il 28 come inizialmente programmato. Come sempre avr\u00e0 luogo presso la sala riunioni &#8220;oratorio&#8221; adiacente alla chiesa di San Giorgio a partire dalle ore 18.15 fino alle ore 20.00 circa. La riunione avr\u00e0 lo scopo di affinare ulteriormente l&#8217;impostazione del documento che costituir\u00e0 il contributo del nostro Gruppo locale alla Conferenza Internazionale di Roma che si svolger\u00e0 il 6 e 7 Giugno 2019 con l&#8217;Udienza Privata con il Santo Padre l&#8217;8 giugno. \u00a0Il tema della Conferenza \u00e8:\u00a0 &#8220;Laudato Si\u2019 la conversione di&#8230;<\/p>\n","protected":false},"author":2,"featured_media":0,"parent":14929,"menu_order":1,"comment_status":"closed","ping_status":"closed","template":"","meta":[],"categories":[],"tags":[312],"_links":{"self":[{"href":"https:\/\/www.centesimusannus.va\/en\/wp-json\/wp\/v2\/pages\/10284"}],"collection":[{"href":"https:\/\/www.centesimusannus.va\/en\/wp-json\/wp\/v2\/pages"}],"about":[{"href":"https:\/\/www.centesimusannus.va\/en\/wp-json\/wp\/v2\/types\/page"}],"author":[{"embeddable":true,"href":"https:\/\/www.centesimusannus.va\/en\/wp-json\/wp\/v2\/users\/2"}],"replies":[{"embeddable":true,"href":"https:\/\/www.centesimusannus.va\/en\/wp-json\/wp\/v2\/comments?post=10284"}],"version-history":[{"count":0,"href":"https:\/\/www.centesimusannus.va\/en\/wp-json\/wp\/v2\/pages\/10284\/revisions"}],"up":[{"embeddable":true,"href":"https:\/\/www.centesimusannus.va\/en\/wp-json\/wp\/v2\/pages\/14929"}],"wp:attachment":[{"href":"https:\/\/www.centesimusannus.va\/en\/wp-json\/wp\/v2\/media?parent=10284"}],"wp:term":[{"taxonomy":"category","embeddable":true,"href":"https:\/\/www.centesimusannus.va\/en\/wp-json\/wp\/v2\/categories?post=10284"},{"taxonomy":"post_tag","embeddable":true,"href":"https:\/\/www.centesimusannus.va\/en\/wp-json\/wp\/v2\/tags?post=10284"}],"curies":[{"name":"wp","href":"https:\/\/api.w.org\/{rel}","templated":true}]}}